{"id":2332,"date":"2025-02-17T06:05:09","date_gmt":"2025-02-17T06:05:09","guid":{"rendered":"https:\/\/vavcase.com\/?post_type=product&#038;p=2332"},"modified":"2025-02-17T06:05:22","modified_gmt":"2025-02-17T06:05:22","slug":"faceplate-with-rgb-light-strip-for-ps5-digital-edition","status":"publish","type":"product","link":"https:\/\/vavcase.com\/sv\/produkt\/frontplatta-med-rgb-ljuslist-for-ps5-digital-edition\/","title":{"rendered":"Frontplatta med RGB-ljusremsa f\u00f6r PS5 Digital Edition"},"content":{"rendered":"<h2>Information om produkten<\/h2>\n<div class=\"a-row a-spacing-top-base\">\n<div class=\"a-column a-span6\">\n<div class=\"a-row a-spacing-base\">\n<div class=\"a-section table-padding\">\n<table id=\"productDetails_detailBullets_sections1\" class=\"a-keyvalue prodDetTable\" role=\"presentation\">\n<tbody>\n<tr>\n<th class=\"a-color-secondary a-size-base prodDetSectionEntry\">Produktens m\u00e5tt<\/th>\n<td class=\"a-size-base prodDetAttrValue\">11\u2033W x 2,2\u2033H<\/td>\n<\/tr>\n<tr>\n<th class=\"a-color-secondary a-size-base prodDetSectionEntry\">Tillverkare<\/th>\n<td class=\"a-size-base prodDetAttrValue\">DOBEWINGDELOU<\/td>\n<\/tr>\n<tr>\n<th class=\"a-color-secondary a-size-base prodDetSectionEntry\">Artikel Vikt<\/th>\n<td class=\"a-size-base prodDetAttrValue\">2,2 kilo<\/td>\n<\/tr>\n<tr>\n<th class=\"a-color-secondary a-size-base prodDetSectionEntry\">ASIN<\/th>\n<td class=\"a-size-base prodDetAttrValue\">B0BYTDSR9L<\/td>\n<\/tr>\n<tr>\n<th class=\"a-color-secondary a-size-base prodDetSectionEntry\">Kundrecensioner<\/th>\n<td class=\"a-size-base\">\n<div id=\"averageCustomerReviews\" data-asin=\"B0BYTDSR9L\" data-ref=\"dpx_acr_pop_\"><span class=\"a-declarative\" data-action=\"acrStarsLink-click-metrics\" data-acrstarslink-click-metrics=\"{}\"><span id=\"acrPopover\" class=\"reviewCountTextLinkedHistogram noUnderline\" title=\"4,4 av 5 stj\u00e4rnor\"><a class=\"a-popover-trigger a-declarative\" role=\"button\"><span class=\"a-size-base a-color-base\">4.4\u00a0<\/span><i class=\"a-icon a-icon-star a-star-4-5 cm-cr-review-stars-spacing-big\"><span class=\"a-icon-alt\">4,4 av 5 stj\u00e4rnor<\/span><\/i>\u00a0<i class=\"a-icon a-icon-popover\"><\/i><\/a>\u00a0\u00a0<\/span><\/span>\u00a0<span class=\"a-declarative\" data-action=\"acrLink-click-metrics\" data-acrlink-click-metrics=\"{}\"><a id=\"acrCustomerReviewLink\" class=\"a-link-normal\" href=\"https:\/\/www.amazon.com\/Faceplate-DOBEWINGDELOU-PlayStation-Decoration-Accessories-5\/dp\/B0BYTDSR9L\/ref=sr_1_10_sspa?crid=1198GW7TPR6CL&amp;dib=eyJ2IjoiMSJ9.oxn3i-7QADowtaFWAvJ5hXA4D24Pl4gEckdLsppjUlgq3QaH9KTwPTG1mL_fw-TgwwKLwGGGXL1Ugr5lcYGdIdku5UDKbJUTpZ1sZFsC3PE.4gHoHkfxWdDWYpDfrtlo116I0sPqub2tOu1zxn4GuTo&amp;dib_tag=se&amp;keywords=Swappable%2Bfaceplates%2Bfor%2BPS5&amp;qid=1739771541&amp;sprefix=swappable%2Bfaceplates%2Bfor%2Bps5%2C%2Bxbox%2Bseries%2Bx%2Fs%2Caps%2C377&amp;sr=8-10-spons&amp;sp_csd=d2lkZ2V0TmFtZT1zcF9tdGY&amp;th=1#customerReviews\"><span id=\"acrCustomerReviewText\" class=\"a-size-base\">54 betyg<\/span><\/a><\/span><\/div>\n<p>4,4 av 5 stj\u00e4rnor<\/td>\n<\/tr>\n<tr>\n<th class=\"a-color-secondary a-size-base prodDetSectionEntry\">B\u00e4sts\u00e4ljare Rank<\/th>\n<td>#14,375 i Videospel (<a href=\"https:\/\/www.amazon.com\/gp\/bestsellers\/videogames\/ref=pd_zg_ts_videogames\">Se Topp 100 i Videospel<\/a>)<br \/>\n#194 i\u00a0<a href=\"https:\/\/www.amazon.com\/gp\/bestsellers\/videogames\/23568181011\/ref=pd_zg_hrsr_videogames\">Playstation 5 Tillbeh\u00f6rssatser<\/a><\/td>\n<\/tr>\n<tr>\n<th class=\"a-color-secondary a-size-base prodDetSectionEntry\">Datum F\u00f6rsta tillg\u00e4ngliga<\/th>\n<td class=\"a-size-base prodDetAttrValue\">18 mars 2023<\/td>\n<\/tr>\n<\/tbody>\n<\/table>\n<\/div>\n<\/div>\n<\/div>\n<\/div>","protected":false},"excerpt":{"rendered":"<p><strong>Design av kylventiler och dammfilter:<\/strong> Frontplattorna \u00e4r utrustade med ventilation som kan hj\u00e4lpa till att kyla ned konsolen under drift, fr\u00e4mja luftcirkulationen och minska \u00f6verhettning. och dammfiltret f\u00f6r ventilationen kan hj\u00e4lpa till att h\u00e5lla konsolen ren och minska m\u00e4ngden fl\u00e4ktdamm, vilket f\u00f6rl\u00e4nger konsolens livsl\u00e4ngd och ger en bekv\u00e4mare spelupplevelse.<br \/>\n<strong>Speciellt utformad f\u00f6r den digitala versionen av PS5:<\/strong> Frontplattorna och RGB LED-belysningen \u00e4r exakt skr\u00e4ddarsydda. LED-ljusringens design g\u00f6r att det nya h\u00f6ljet kan klistras direkt p\u00e5 kylfl\u00e4ktens ram och ers\u00e4tta det ursprungliga h\u00f6ljet. Under tiden kan den distinkta f\u00f6nsterdesignen p\u00e5 frontplattorna f\u00f6rb\u00e4ttra den intuitiva belysningen av ljusremsan och d\u00e4rmed skilja din konsol fr\u00e5n konkurrenterna.<br \/>\n<strong>Mer \u00e4n 400 LED-belysningseffekter:<\/strong> Genom att \u00e4ndra f\u00e4rg, ljushastighet och ljusstyrka kan du v\u00e4lja det ljusl\u00e4ge som passar b\u00e4st f\u00f6r ditt spel. Dessutom har den ett smart ljudl\u00e4ge. N\u00e4r musikl\u00e4get \u00e4r aktiverat varierar ljusets f\u00e4rg i enlighet med musikens och ljudets rytm. Du kommer att kunna uppskatta spelmilj\u00f6n b\u00e4ttre och f\u00e5 en roligare spelupplevelse. Oavsett vilken typ av spel det handlar om finns det alltid en RGB LED-konfiguration som passar dig.<\/p>\n<p><strong>H\u00f6gkvalitativ 5050 RGB LED:<\/strong> LED-lampans premiummaterial best\u00e5r av dioder. Det yttre skalet \u00e4r tillverkat av h\u00e5rt ABS-material som \u00e4r b\u00e5de rept\u00e5ligt och h\u00e5llbart. och det kommer att f\u00f6rb\u00e4ttra din spelkonsols estetiska tilltal genom att kombinera RGB LED-ljuseffekten med den frostade ytan.<br \/>\n<strong>Enkel installation:<\/strong> ta bort det runda sp\u00e4nnet genom att lyfta skyddsh\u00f6ljets bakre h\u00f6rn, d\u00e4r logotypen sitter. Skyddet glider av genom att trycka det ned\u00e5t mot konsolens undersida. Applicera det konfigurerade sj\u00e4lvh\u00e4ftande materialet p\u00e5 baksidan av LED-ljusringen och f\u00e4st det sedan p\u00e5 ventilations\u00f6ppningen p\u00e5 P5-konsolen. Rikta in det nya locket mot h\u00e5let p\u00e5 huvudenheten, tryck upp det till konsolens ovansida och f\u00e4st det sedan med sp\u00e4nnet.<\/p>","protected":false},"featured_media":2340,"comment_status":"open","ping_status":"closed","template":"","meta":[],"product_brand":[],"product_cat":[71,56],"product_tag":[],"class_list":{"0":"post-2332","1":"product","2":"type-product","3":"status-publish","4":"has-post-thumbnail","6":"product_cat-custom-console-covers","7":"product_cat-custom-shells-skins","9":"first","10":"instock","11":"shipping-taxable","12":"purchasable","13":"product-type-simple"},"_links":{"self":[{"href":"https:\/\/vavcase.com\/sv\/wp-json\/wp\/v2\/product\/2332","targetHints":{"allow":["GET"]}}],"collection":[{"href":"https:\/\/vavcase.com\/sv\/wp-json\/wp\/v2\/product"}],"about":[{"href":"https:\/\/vavcase.com\/sv\/wp-json\/wp\/v2\/types\/product"}],"replies":[{"embeddable":true,"href":"https:\/\/vavcase.com\/sv\/wp-json\/wp\/v2\/comments?post=2332"}],"wp:featuredmedia":[{"embeddable":true,"href":"https:\/\/vavcase.com\/sv\/wp-json\/wp\/v2\/media\/2340"}],"wp:attachment":[{"href":"https:\/\/vavcase.com\/sv\/wp-json\/wp\/v2\/media?parent=2332"}],"wp:term":[{"taxonomy":"product_brand","embeddable":true,"href":"https:\/\/vavcase.com\/sv\/wp-json\/wp\/v2\/product_brand?post=2332"},{"taxonomy":"product_cat","embeddable":true,"href":"https:\/\/vavcase.com\/sv\/wp-json\/wp\/v2\/product_cat?post=2332"},{"taxonomy":"product_tag","embeddable":true,"href":"https:\/\/vavcase.com\/sv\/wp-json\/wp\/v2\/product_tag?post=2332"}],"curies":[{"name":"wp","href":"https:\/\/api.w.org\/{rel}","templated":true}]}}