{"id":2341,"date":"2025-02-17T06:09:10","date_gmt":"2025-02-17T06:09:10","guid":{"rendered":"https:\/\/vavcase.com\/?post_type=product&#038;p=2341"},"modified":"2026-03-18T13:24:34","modified_gmt":"2026-03-18T13:24:34","slug":"faceplate-for-ps5-slim-disc-edition-faceplate-for-ps5-slim-cd-version-4-piece-set-black","status":"publish","type":"product","link":"https:\/\/vavcase.com\/sv\/produkt\/frontplatta-for-ps5-slim-disc-edition-frontplatta-for-ps5-slim-cd-version-4-delar-svart\/","title":{"rendered":"Frontplatta f\u00f6r Ps5 Slim Disc Edition, Frontplatta f\u00f6r Ps5 Slim Cd Version 4 Piece Set Black"},"content":{"rendered":"<h2>Specifikationer<\/h2>\n<div class=\"details-card\">\n<div class=\"details-card-body\">\n<ul class=\"specification-list\">\n<li class=\"row\">\n<div class=\"col-12 col-sm-12 col-md-6 col-lg-5 col-xl-5 mb-3 mb-sm-3 mb-md-0 mb-lg-0 mb-xl-0\">\n<h3>H\u00e5rdvara Plattform:<\/h3>\n<\/div>\n<div class=\"col-12 col-sm-12 col-md-6 col-lg-7 col-xl-7\">\n<p>PlayStation 5 Slim<\/p>\n<\/div>\n<\/li>\n<li class=\"row\">\n<div class=\"col-12 col-sm-12 col-md-6 col-lg-5 col-xl-5 mb-3 mb-sm-3 mb-md-0 mb-lg-0 mb-xl-0\">\n<h3>Varum\u00e4rke:<\/h3>\n<\/div>\n<div class=\"col-12 col-sm-12 col-md-6 col-lg-7 col-xl-7\">\n<p>IMPORTERAD<\/p>\n<\/div>\n<\/li>\n<li class=\"row\">\n<div class=\"col-12 col-sm-12 col-md-6 col-lg-5 col-xl-5 mb-3 mb-sm-3 mb-md-0 mb-lg-0 mb-xl-0\">\n<h3>F\u00e4rg:<\/h3>\n<\/div>\n<div class=\"col-12 col-sm-12 col-md-6 col-lg-7 col-xl-7\">\n<p>Svart<\/p>\n<\/div>\n<\/li>\n<li class=\"row\">\n<div class=\"col-12 col-sm-12 col-md-6 col-lg-5 col-xl-5 mb-3 mb-sm-3 mb-md-0 mb-lg-0 mb-xl-0\">\n<h3>Material:<\/h3>\n<\/div>\n<div class=\"col-12 col-sm-12 col-md-6 col-lg-7 col-xl-7\">\n<p>Akrylnitril-butadienstyren (ABS)<\/p>\n<\/div>\n<\/li>\n<li class=\"row ng-star-inserted\">\n<div class=\"col-12 col-sm-12 col-md-6 col-lg-5 col-xl-5 mb-3 mb-sm-3 mb-md-0 mb-lg-0 mb-xl-0\">\n<h3>Typ av ytbehandling:<\/h3>\n<\/div>\n<div class=\"col-12 col-sm-12 col-md-6 col-lg-7 col-xl-7\">\n<p>Matt<\/p>\n<\/div>\n<\/li>\n<\/ul>\n<\/div>\n<\/div>","protected":false},"excerpt":{"rendered":"<p>Material och kvalitet: De svarta PS5 Slim-plattorna \u00e4r tillverkade av h\u00f6gkvalitativa ABS-material, vilket garanterar deras h\u00e5llbarhet och livsl\u00e4ngd. PS5 Slim Shell Cover \u00e4r noggrant konstruerat f\u00f6r att exakt passa PS5 Slim-konsolens m\u00e5tt och form, vilket garanterar en s\u00e4ker och enkel installation.<br \/>\nExtra luftfl\u00f6desf\u00f6rb\u00e4ttring: PS5 slim-chassit \u00e4r utrustat med cirkul\u00e4ra kylkanaler p\u00e5 b\u00e5da sidor, vilket underl\u00e4ttar maskinens ventilation och v\u00e4rmeavledning, vilket resulterar i f\u00f6rb\u00e4ttrad prestanda. En f\u00f6rb\u00e4ttrad design med extra ventilation minskar problemet med \u00f6verhettning av konsolen som uppst\u00e5r vid l\u00e5ngvarig anv\u00e4ndning och ger en mer s\u00f6ml\u00f6s spelupplevelse.<br \/>\nGaranterad passform: PS5 Slim-skyddsh\u00f6ljet \u00e4r s\u00e4rskilt utformat f\u00f6r att passa PS5 Slim-maskinen, vilket garanterar en perfekt passform. Det bibeh\u00e5ller prestandan och funktionaliteten hos din konsol samtidigt som det beh\u00e5ller dimensioner och form fr\u00e5n originalh\u00f6ljet. Observera att frontplattorna endast \u00e4r kompatibla med PS5 Slim disc edition.<\/p>\n<p>Personlig stil: Det svarta PS5 Slim Cover f\u00f6rh\u00f6jer utseendet och designen p\u00e5 din PS5 Slim-maskin. Svart \u00e4r en tidl\u00f6s och modern f\u00e4rg som ger din konsol en k\u00e4nsla av modernitet och sofistikering. Den speglar din personlighet och dina preferenser, oavsett om den st\u00e5r i ett spelrum eller ett vardagsrum.<br \/>\nEnkel installation: Proceduren f\u00f6r att byta ut PS5 Slim-skalet \u00e4r enkel. Instruktionerna som medf\u00f6ljer PS5 Slim-konsolskyddet guidar dig genom de enkla steg som kr\u00e4vs f\u00f6r installationen. PlayStation 5 Slim-konsolen kan skr\u00e4ddarsys av vem som helst utan att det kr\u00e4vs specialutrustning eller specialkunskaper.<br \/>\nSkyddande funktion: De svarta PS5 Slim-plattorna f\u00f6rb\u00e4ttrar inte bara utseendet p\u00e5 din PS5 Slim-maskin utan erbjuder ocks\u00e5 ett p\u00e5litligt skydd. Den skyddar din konsol fr\u00e5n repor, smuts och normalt slitage vid daglig anv\u00e4ndning och f\u00f6rl\u00e4nger d\u00e4rmed dess livsl\u00e4ngd.<\/p>","protected":false},"featured_media":2349,"comment_status":"open","ping_status":"closed","template":"","meta":[],"product_brand":[],"product_cat":[71,56],"product_tag":[],"class_list":{"0":"post-2341","1":"product","2":"type-product","3":"status-publish","4":"has-post-thumbnail","6":"product_cat-custom-console-covers","7":"product_cat-custom-shells-skins","9":"first","10":"instock","11":"shipping-taxable","12":"purchasable","13":"product-type-simple"},"_links":{"self":[{"href":"https:\/\/vavcase.com\/sv\/wp-json\/wp\/v2\/product\/2341","targetHints":{"allow":["GET"]}}],"collection":[{"href":"https:\/\/vavcase.com\/sv\/wp-json\/wp\/v2\/product"}],"about":[{"href":"https:\/\/vavcase.com\/sv\/wp-json\/wp\/v2\/types\/product"}],"replies":[{"embeddable":true,"href":"https:\/\/vavcase.com\/sv\/wp-json\/wp\/v2\/comments?post=2341"}],"wp:featuredmedia":[{"embeddable":true,"href":"https:\/\/vavcase.com\/sv\/wp-json\/wp\/v2\/media\/2349"}],"wp:attachment":[{"href":"https:\/\/vavcase.com\/sv\/wp-json\/wp\/v2\/media?parent=2341"}],"wp:term":[{"taxonomy":"product_brand","embeddable":true,"href":"https:\/\/vavcase.com\/sv\/wp-json\/wp\/v2\/product_brand?post=2341"},{"taxonomy":"product_cat","embeddable":true,"href":"https:\/\/vavcase.com\/sv\/wp-json\/wp\/v2\/product_cat?post=2341"},{"taxonomy":"product_tag","embeddable":true,"href":"https:\/\/vavcase.com\/sv\/wp-json\/wp\/v2\/product_tag?post=2341"}],"curies":[{"name":"wp","href":"https:\/\/api.w.org\/{rel}","templated":true}]}}