{"id":2350,"date":"2025-02-17T06:14:53","date_gmt":"2025-02-17T06:14:53","guid":{"rendered":"https:\/\/vavcase.com\/?post_type=product&#038;p=2350"},"modified":"2026-04-01T17:55:14","modified_gmt":"2026-04-01T17:55:14","slug":"wolibear-magnetic-smart-wraps-for-xbox-series-x-console","status":"publish","type":"product","link":"https:\/\/vavcase.com\/sv\/produkt\/wolibear-magnetiska-smarta-armband-for-xbox-series-x-konsol\/","title":{"rendered":"WOLIBEAR Magnetiska Smart Wraps f\u00f6r Xbox Series X-konsol"},"content":{"rendered":"<h2 class=\"default\">Produktbeskrivning<\/h2>\n<div id=\"productDescription\" class=\"a-section a-spacing-small\">\n<p><span class=\"a-text-bold\">WOLIBEAR Console Wraps f\u00f6r Xbox Series X \u00e4r det perfekta tillbeh\u00f6ret f\u00f6r att f\u00f6rh\u00f6ja din spelupplevelse och skydda din konsol.<\/span><\/p>\n<p>V\u00e5ra skyddsomslag \u00e4r tillverkade med precision av h\u00f6gkvalitativa material som garanterar h\u00e5llbarhet och skydd. Det magnetiska st\u00e4ngningssystemet ger en s\u00e4ker passform och h\u00e5ller din konsol skyddad hela tiden.<\/p>\n<p>Uppgradera din spelupps\u00e4ttning med v\u00e5rt omslutningsskydd f\u00f6r Xbox Series X. F\u00f6rh\u00f6j din spelupplevelse samtidigt som du ser till att din konsol f\u00f6rblir i perfekt skick.<\/p>\n<p><span class=\"a-text-bold\">Funktioner:<\/span><br \/>\nSpeciellt utformad f\u00f6r Xbox Series X-konsolen<br \/>\nMagnetisk f\u00f6rslutning<br \/>\nL\u00e4tt att installera och ta bort<br \/>\nVattent\u00e4t och dammt\u00e4t<br \/>\nAnti-rep och Anti-st\u00f6t<br \/>\nTillverkad av PU-l\u00e4der och foder av mjuk mikrofiber<\/p>\n<h2>Information om produkten<\/h2>\n<div class=\"a-row a-spacing-top-base\">\n<div class=\"a-column a-span6\">\n<div class=\"a-row a-spacing-base\">\n<div class=\"a-row a-expander-container a-expander-extend-container\">\n<div class=\"a-row\">\n<div class=\"a-column a-span6\">\n<h3 class=\"a-size-medium a-spacing-small\">Tekniska detaljer<\/h3>\n<\/div>\n<\/div>\n<div class=\"a-expander-content a-expander-extend-content\" data-expanded=\"true\">\n<div class=\"a-row a-expander-container a-expander-inline-container\">\n<div class=\"a-expander-content a-expander-section-content a-section-expander-inner\" data-expanded=\"true\">\n<table id=\"productDetails_techSpec_section_1\" class=\"a-keyvalue prodDetTable\" role=\"presentation\">\n<tbody>\n<tr>\n<th class=\"a-color-secondary a-size-base prodDetSectionEntry\">Varum\u00e4rke<\/th>\n<td class=\"a-size-base prodDetAttrValue\">WOLIBEAR<\/td>\n<\/tr>\n<tr>\n<th class=\"a-color-secondary a-size-base prodDetSectionEntry\">Tillverkare<\/th>\n<td class=\"a-size-base prodDetAttrValue\">WOLIBEAR<\/td>\n<\/tr>\n<tr>\n<th class=\"a-color-secondary a-size-base prodDetSectionEntry\">Modell<\/th>\n<td class=\"a-size-base prodDetAttrValue\">XSX46MB-US<\/td>\n<\/tr>\n<tr>\n<th class=\"a-color-secondary a-size-base prodDetSectionEntry\">Modellnamn<\/th>\n<td class=\"a-size-base prodDetAttrValue\">XSX46MB-US<\/td>\n<\/tr>\n<tr>\n<th class=\"a-color-secondary a-size-base prodDetSectionEntry\">M\u00e5tt p\u00e5 paketet<\/th>\n<td class=\"a-size-base prodDetAttrValue\">32,21 x 17,7 x 1,6 cm; 390 g<\/td>\n<\/tr>\n<tr>\n<th class=\"a-color-secondary a-size-base prodDetSectionEntry\">Artikelns modellnummer<\/th>\n<td class=\"a-size-base prodDetAttrValue\">XSX46MB-US<\/td>\n<\/tr>\n<tr>\n<th class=\"a-color-secondary a-size-base prodDetSectionEntry\">H\u00e5rdvaruplattform<\/th>\n<td class=\"a-size-base prodDetAttrValue\">xbox 360<\/td>\n<\/tr>\n<tr>\n<th class=\"a-color-secondary a-size-base prodDetSectionEntry\">Kompatibla enheter<\/th>\n<td class=\"a-size-base prodDetAttrValue\">Xbox Series X<\/td>\n<\/tr>\n<tr>\n<th class=\"a-color-secondary a-size-base prodDetSectionEntry\">S\u00e4rskilda egenskaper<\/th>\n<td class=\"a-size-base prodDetAttrValue\">Magnetisk st\u00e4ngning, mjuk insida, fullt skydd, premium PU-l\u00e4der<\/td>\n<\/tr>\n<tr>\n<th class=\"a-color-secondary a-size-base prodDetSectionEntry\">Monteringsutrustning<\/th>\n<td class=\"a-size-base prodDetAttrValue\">1 X Magnetiska Smart Wraps f\u00f6r Xbox Series X<\/td>\n<\/tr>\n<tr>\n<th class=\"a-color-secondary a-size-base prodDetSectionEntry\">Batterier ing\u00e5r<\/th>\n<td class=\"a-size-base prodDetAttrValue\">Nej<\/td>\n<\/tr>\n<tr>\n<th class=\"a-color-secondary a-size-base prodDetSectionEntry\">Batterier kr\u00e4vs<\/th>\n<td class=\"a-size-base prodDetAttrValue\">Nej<\/td>\n<\/tr>\n<tr>\n<th class=\"a-color-secondary a-size-base prodDetSectionEntry\">Material<\/th>\n<td class=\"a-size-base prodDetAttrValue\">Premium PU<\/td>\n<\/tr>\n<tr>\n<th class=\"a-color-secondary a-size-base prodDetSectionEntry\">Formfaktor<\/th>\n<td class=\"a-size-base prodDetAttrValue\">Omslag<\/td>\n<\/tr>\n<tr>\n<th class=\"a-color-secondary a-size-base prodDetSectionEntry\">Tillverkare<\/th>\n<td class=\"a-size-base prodDetAttrValue\">WOLIBEAR<\/td>\n<\/tr>\n<tr>\n<th class=\"a-color-secondary a-size-base prodDetSectionEntry\">Artikel Vikt<\/th>\n<td class=\"a-size-base prodDetAttrValue\">390 g<\/td>\n<\/tr>\n<\/tbody>\n<\/table>\n<\/div>\n<\/div>\n<\/div>\n<\/div>\n<\/div>\n<\/div>\n<\/div>\n<\/div>","protected":false},"excerpt":{"rendered":"<p>Anpassa din XSX med nya utseenden: Xbox Series X-konsolen \u00e4r s\u00e4rskilt utformad f\u00f6r att rymma de magnetiska smarta skydden. Xbox Series X Blue Camo skyddsfodral har en str\u00f6mlinjeformad design och premiumtexturer, vilket resulterar i ett mer distinkt och personligt utseende f\u00f6r din konsol.F\u00f6rvandla din Xbox Series X-konsol med konsolskydd och b\u00f6rja ett nytt \u00e4ventyr.Observera att den h\u00e4r produkten endast \u00e4r kompatibel med Xbox Series X-konsolen (XSX-konsolen ing\u00e5r inte).<br \/>\nPremium PU-l\u00e4der och mjukt foder: Xbox Series X wraps cover \u00e4r tillverkat med en utsida i premium PU-l\u00e4der och ett mjukt innerfoder, och det ger konsolen ett 360\u00b0 allroundskydd. Den mjuka mikrofiberinredningen i din XSX kan effektivt sprida p\u00e5verkan fr\u00e5n inre st\u00f6tar eller kollisioner, samt f\u00f6rhindra repor. Xbox-skydden \u00e4r en perfekt present till Xbox-spelare p\u00e5 f\u00f6delsedagar och julafton.<br \/>\nXSX precisionsanpassning: L\u00e4gg till dj\u00e4rv design till din Xbox Series X-konsol med konsolskydd, som \u00e4r s\u00e4rskilt konstruerade f\u00f6r att omsluta din XSX-konsol. Observera att v\u00e4rmeavledningsporten och USB-gr\u00e4nssnittet inte ing\u00e5r. Konsolskydden \u00e4r vattent\u00e4ta och dammt\u00e4ta och skyddar effektivt din konsol fr\u00e5n vanliga st\u00f6tar, damm, repor och fingeravtryck. Obs: P\u00e5 grund av fodralens tjocklek \u00e4r det inte m\u00f6jligt att anv\u00e4nda charringstativet.<\/p>\n<p>Design med magnetisk st\u00e4ngning: Xbox Series X-skyddet \u00e4r utrustat med kraftfulla magneter som garanterar en s\u00e4ker anslutning mellan fodralet och konsolen. Det \u00e4r enkelt att installera och ta bort, kr\u00e4ver inga lim eller verktyg och skadar inte XSX-konsolen. Denna funktion erbjuder en anv\u00e4ndarv\u00e4nlig och bekv\u00e4m upplevelse f\u00f6r Xbox-entusiaster.<br \/>\nGaranti och f\u00f6rpackning: V\u00e5rt m\u00e5l \u00e4r att erbjuda dig Xbox Series X-tillbeh\u00f6r av exceptionell kvalitet. Du kommer att f\u00e5 ett Xbox Series X-h\u00f6lje. Denna vara \u00e4r en utm\u00e4rkt present till dina v\u00e4nner eller familjemedlemmar p\u00e5 deras f\u00f6delsedag eller p\u00e5 en festival. Vi tillhandah\u00e5ller en bekymmersfri 18-m\u00e5naders garanti och v\u00e4nlig kundservice om du har n\u00e5gra problem.<\/p>","protected":false},"featured_media":2357,"comment_status":"open","ping_status":"closed","template":"","meta":[],"product_brand":[],"product_cat":[71,56],"product_tag":[],"class_list":{"0":"post-2350","1":"product","2":"type-product","3":"status-publish","4":"has-post-thumbnail","6":"product_cat-custom-console-covers","7":"product_cat-custom-shells-skins","9":"first","10":"instock","11":"shipping-taxable","12":"purchasable","13":"product-type-simple"},"_links":{"self":[{"href":"https:\/\/vavcase.com\/sv\/wp-json\/wp\/v2\/product\/2350","targetHints":{"allow":["GET"]}}],"collection":[{"href":"https:\/\/vavcase.com\/sv\/wp-json\/wp\/v2\/product"}],"about":[{"href":"https:\/\/vavcase.com\/sv\/wp-json\/wp\/v2\/types\/product"}],"replies":[{"embeddable":true,"href":"https:\/\/vavcase.com\/sv\/wp-json\/wp\/v2\/comments?post=2350"}],"wp:featuredmedia":[{"embeddable":true,"href":"https:\/\/vavcase.com\/sv\/wp-json\/wp\/v2\/media\/2357"}],"wp:attachment":[{"href":"https:\/\/vavcase.com\/sv\/wp-json\/wp\/v2\/media?parent=2350"}],"wp:term":[{"taxonomy":"product_brand","embeddable":true,"href":"https:\/\/vavcase.com\/sv\/wp-json\/wp\/v2\/product_brand?post=2350"},{"taxonomy":"product_cat","embeddable":true,"href":"https:\/\/vavcase.com\/sv\/wp-json\/wp\/v2\/product_cat?post=2350"},{"taxonomy":"product_tag","embeddable":true,"href":"https:\/\/vavcase.com\/sv\/wp-json\/wp\/v2\/product_tag?post=2350"}],"curies":[{"name":"wp","href":"https:\/\/api.w.org\/{rel}","templated":true}]}}