{"id":2358,"date":"2025-02-17T06:20:16","date_gmt":"2025-02-17T06:20:16","guid":{"rendered":"https:\/\/vavcase.com\/?post_type=product&#038;p=2358"},"modified":"2025-12-15T08:52:43","modified_gmt":"2025-12-15T08:52:43","slug":"cool-x-box-series-x-skin-set%ef%bc%8cfashion-protector-wrap-cover-protective-faceplate-full-set-compatible-with-x-box-series-x-console","status":"publish","type":"product","link":"https:\/\/vavcase.com\/sv\/produkt\/cool-x-box-series-x-skin-set\uff0cfashion-protector-wrap-cover-protective-faceplate-full-set-kompatibel-med-x-box-series-x-konsol\/","title":{"rendered":"Cool X-Box Series X Skin Set\uff0cFashion Protector Wrap Cover Protective Faceplate Full Set Kompatibel med X-Box Series X-konsol"},"content":{"rendered":"<h2>Information om produkten<\/h2>\n<div class=\"a-row a-spacing-top-base\">\n<div class=\"a-column a-span6\">\n<div class=\"a-row a-spacing-base\">\n<div class=\"a-row a-expander-container a-expander-extend-container\">\n<div class=\"a-row\">\n<div class=\"a-column a-span6\">\n<h3 class=\"a-size-medium a-spacing-small\">Tekniska detaljer<\/h3>\n<\/div>\n<\/div>\n<div class=\"a-expander-content a-expander-extend-content\" data-expanded=\"true\">\n<div class=\"a-row a-expander-container a-expander-inline-container\">\n<div class=\"a-expander-content a-expander-section-content a-section-expander-inner\" data-expanded=\"true\">\n<table id=\"productDetails_techSpec_section_1\" class=\"a-keyvalue prodDetTable\" role=\"presentation\">\n<tbody>\n<tr>\n<th class=\"a-color-secondary a-size-base prodDetSectionEntry\">Varum\u00e4rke<\/th>\n<td class=\"a-size-base prodDetAttrValue\">BOZTYRI<\/td>\n<\/tr>\n<tr>\n<th class=\"a-color-secondary a-size-base prodDetSectionEntry\">Tillverkare<\/th>\n<td class=\"a-size-base prodDetAttrValue\">xbox<\/td>\n<\/tr>\n<tr>\n<th class=\"a-color-secondary a-size-base prodDetSectionEntry\">Modell<\/th>\n<td class=\"a-size-base prodDetAttrValue\">Xbox Series X<\/td>\n<\/tr>\n<tr>\n<th class=\"a-color-secondary a-size-base prodDetSectionEntry\">M\u00e5tt p\u00e5 paketet<\/th>\n<td class=\"a-size-base prodDetAttrValue\">31,5 x 17,81 x 0,79 cm; 91 g<\/td>\n<\/tr>\n<tr>\n<th class=\"a-color-secondary a-size-base prodDetSectionEntry\">Artikelns modellnummer<\/th>\n<td class=\"a-size-base prodDetAttrValue\">Xbox Series X<\/td>\n<\/tr>\n<tr>\n<th class=\"a-color-secondary a-size-base prodDetSectionEntry\">H\u00e5rdvaruplattform<\/th>\n<td class=\"a-size-base prodDetAttrValue\">xbox<\/td>\n<\/tr>\n<tr>\n<th class=\"a-color-secondary a-size-base prodDetSectionEntry\">Kompatibla enheter<\/th>\n<td class=\"a-size-base prodDetAttrValue\">Spelkonsol<\/td>\n<\/tr>\n<tr>\n<th class=\"a-color-secondary a-size-base prodDetSectionEntry\">S\u00e4rskilda egenskaper<\/th>\n<td class=\"a-size-base prodDetAttrValue\">rept\u00e5lig<\/td>\n<\/tr>\n<tr>\n<th class=\"a-color-secondary a-size-base prodDetSectionEntry\">Bildstabiliseringsteknik<\/th>\n<td class=\"a-size-base prodDetAttrValue\">digital<\/td>\n<\/tr>\n<tr>\n<th class=\"a-color-secondary a-size-base prodDetSectionEntry\">Batterier ing\u00e5r<\/th>\n<td class=\"a-size-base prodDetAttrValue\">Nej<\/td>\n<\/tr>\n<tr>\n<th class=\"a-color-secondary a-size-base prodDetSectionEntry\">Batterier kr\u00e4vs<\/th>\n<td class=\"a-size-base prodDetAttrValue\">Nej<\/td>\n<\/tr>\n<tr>\n<th class=\"a-color-secondary a-size-base prodDetSectionEntry\">Material<\/th>\n<td class=\"a-size-base prodDetAttrValue\">Vinyl<\/td>\n<\/tr>\n<tr>\n<th class=\"a-color-secondary a-size-base prodDetSectionEntry\">Formfaktor<\/th>\n<td class=\"a-size-base prodDetAttrValue\">t\u00e4ckning<\/td>\n<\/tr>\n<tr>\n<th class=\"a-color-secondary a-size-base prodDetSectionEntry\">Typ av lins<\/th>\n<td class=\"a-size-base prodDetAttrValue\">standard<\/td>\n<\/tr>\n<tr>\n<th class=\"a-color-secondary a-size-base prodDetSectionEntry\">Tillverkare<\/th>\n<td class=\"a-size-base prodDetAttrValue\">xbox<\/td>\n<\/tr>\n<tr>\n<th class=\"a-color-secondary a-size-base prodDetSectionEntry\">Ursprungsland<\/th>\n<td class=\"a-size-base prodDetAttrValue\">Kina<\/td>\n<\/tr>\n<tr>\n<th class=\"a-color-secondary a-size-base prodDetSectionEntry\">Artikel Vikt<\/th>\n<td class=\"a-size-base prodDetAttrValue\">91 g<\/td>\n<\/tr>\n<\/tbody>\n<\/table>\n<\/div>\n<\/div>\n<\/div>\n<\/div>\n<\/div>\n<\/div>\n<\/div>","protected":false},"excerpt":{"rendered":"<p><strong>Paketets inneh\u00e5ll:<\/strong> Tv\u00e5 Xbox Series X-kontroller\u00f6verdrag.1 Xbox Series X-konsolhud. \ud83d\ude80Kompatibiliteten \u00e4r begr\u00e4nsad till Xbox Series <strong>X. Material av \u00f6verl\u00e4gsen kvalitet:<\/strong>V\u00e5rt Skin Material \u00e4r ett f\u00f6rstklassigt vinylmaterial som \u00e4r enkelt att applicera och ta bort. Det \u00e4r rept\u00e5ligt, l\u00e4mnar inga rester och \u00e4r precisionsanpassat utan att st\u00f6ra knappar eller sensorer.<\/p>\n<p><strong>Skydd mot slitage och s\u00f6nderrivning:<\/strong> F\u00f6rhindrar repor och damm fr\u00e5n rutinm\u00e4ssig anv\u00e4ndning. Erbjuder det mest effektiva grundl\u00e4ggande skyddet samtidigt som det bibeh\u00e5ller ett modernt utseende.<br \/>\n<strong>F\u00f6rb\u00e4ttra synligheten f\u00f6r din Xbox:<\/strong> Utforska v\u00e5rt breda utbud av design f\u00f6r att hitta den som b\u00e4st passar dina \u00f6nskem\u00e5l.<\/p>","protected":false},"featured_media":2366,"comment_status":"open","ping_status":"closed","template":"","meta":[],"product_brand":[],"product_cat":[71,56],"product_tag":[],"class_list":{"0":"post-2358","1":"product","2":"type-product","3":"status-publish","4":"has-post-thumbnail","6":"product_cat-custom-console-covers","7":"product_cat-custom-shells-skins","9":"first","10":"instock","11":"shipping-taxable","12":"purchasable","13":"product-type-simple"},"_links":{"self":[{"href":"https:\/\/vavcase.com\/sv\/wp-json\/wp\/v2\/product\/2358","targetHints":{"allow":["GET"]}}],"collection":[{"href":"https:\/\/vavcase.com\/sv\/wp-json\/wp\/v2\/product"}],"about":[{"href":"https:\/\/vavcase.com\/sv\/wp-json\/wp\/v2\/types\/product"}],"replies":[{"embeddable":true,"href":"https:\/\/vavcase.com\/sv\/wp-json\/wp\/v2\/comments?post=2358"}],"wp:featuredmedia":[{"embeddable":true,"href":"https:\/\/vavcase.com\/sv\/wp-json\/wp\/v2\/media\/2366"}],"wp:attachment":[{"href":"https:\/\/vavcase.com\/sv\/wp-json\/wp\/v2\/media?parent=2358"}],"wp:term":[{"taxonomy":"product_brand","embeddable":true,"href":"https:\/\/vavcase.com\/sv\/wp-json\/wp\/v2\/product_brand?post=2358"},{"taxonomy":"product_cat","embeddable":true,"href":"https:\/\/vavcase.com\/sv\/wp-json\/wp\/v2\/product_cat?post=2358"},{"taxonomy":"product_tag","embeddable":true,"href":"https:\/\/vavcase.com\/sv\/wp-json\/wp\/v2\/product_tag?post=2358"}],"curies":[{"name":"wp","href":"https:\/\/api.w.org\/{rel}","templated":true}]}}