{"id":2367,"date":"2025-02-17T06:24:16","date_gmt":"2025-02-17T06:24:16","guid":{"rendered":"https:\/\/vavcase.com\/?post_type=product&#038;p=2367"},"modified":"2025-12-15T05:42:35","modified_gmt":"2025-12-15T05:42:35","slug":"pss-faceplate-for-ps5-slim-disc-edition-ps5-slim-faceplate-replacement-hard-case-shell-cover-side-plates-for-ps5","status":"publish","type":"product","link":"https:\/\/vavcase.com\/sv\/produkt\/pss-frontplatta-for-ps5-slim-disc-edition-ps5-slim-frontplatta-ersattning-for-harda-fodral-skalskydd-sidoplattor-for-ps5\/","title":{"rendered":"PSS Faceplate f\u00f6r PS5 Slim Disc Edition, PS5 Slim Faceplate, ers\u00e4ttningsskal f\u00f6r h\u00e5rda fodral, sidoplattor f\u00f6r PS5"},"content":{"rendered":"<h2>Information om produkten<\/h2>\n<div class=\"a-row a-spacing-top-base\">\n<div class=\"a-column a-span6\">\n<div class=\"a-row a-spacing-base\">\n<div class=\"a-row a-expander-container a-expander-extend-container\">\n<div class=\"a-row\">\n<div class=\"a-column a-span6\">\n<h3 class=\"a-size-medium a-spacing-small\">Tekniska detaljer<\/h3>\n<\/div>\n<\/div>\n<div class=\"a-expander-content a-expander-extend-content\" data-expanded=\"true\">\n<div class=\"a-row a-expander-container a-expander-inline-container\">\n<div class=\"a-expander-content a-expander-section-content a-section-expander-inner\" data-expanded=\"true\">\n<table id=\"productDetails_techSpec_section_1\" class=\"a-keyvalue prodDetTable\" role=\"presentation\">\n<tbody>\n<tr>\n<th class=\"a-color-secondary a-size-base prodDetSectionEntry\">Varum\u00e4rke<\/th>\n<td class=\"a-size-base prodDetAttrValue\">PSS<\/td>\n<\/tr>\n<tr>\n<th class=\"a-color-secondary a-size-base prodDetSectionEntry\">Tillverkare<\/th>\n<td class=\"a-size-base prodDetAttrValue\">PSS, pssales1984@gmail.com, PSS<\/td>\n<\/tr>\n<tr>\n<th class=\"a-color-secondary a-size-base prodDetSectionEntry\">Modellnamn<\/th>\n<td class=\"a-size-base prodDetAttrValue\">Frontplatta f\u00f6r PS5 Slim Spidy Edition<\/td>\n<\/tr>\n<tr>\n<th class=\"a-color-secondary a-size-base prodDetSectionEntry\">M\u00e5tt p\u00e5 paketet<\/th>\n<td class=\"a-size-base prodDetAttrValue\">28 x 25 x 9 cm; 700 g<\/td>\n<\/tr>\n<tr>\n<th class=\"a-color-secondary a-size-base prodDetSectionEntry\">H\u00e5rdvaruplattform<\/th>\n<td class=\"a-size-base prodDetAttrValue\">PS5 Slim<\/td>\n<\/tr>\n<tr>\n<th class=\"a-color-secondary a-size-base prodDetSectionEntry\">Batterier kr\u00e4vs<\/th>\n<td class=\"a-size-base prodDetAttrValue\">Nej<\/td>\n<\/tr>\n<tr>\n<th class=\"a-color-secondary a-size-base prodDetSectionEntry\">Material<\/th>\n<td class=\"a-size-base prodDetAttrValue\">Plast<\/td>\n<\/tr>\n<tr>\n<th class=\"a-color-secondary a-size-base prodDetSectionEntry\">Tillverkare<\/th>\n<td class=\"a-size-base prodDetAttrValue\">PSS, pssales1984@gmail.com<\/td>\n<\/tr>\n<tr>\n<th class=\"a-color-secondary a-size-base prodDetSectionEntry\">Artikel Vikt<\/th>\n<td class=\"a-size-base prodDetAttrValue\">700 g<\/td>\n<\/tr>\n<\/tbody>\n<\/table>\n<\/div>\n<\/div>\n<\/div>\n<\/div>\n<\/div>\n<\/div>\n<\/div>","protected":false},"excerpt":{"rendered":"<p><strong>NYTT OCH ELEGANT UTSEENDE:<\/strong> PStation 5 Slim Faceplate f\u00f6r Disc Edition \u00e4r en elegant och snygg detalj som kommer att f\u00f6rh\u00f6ja din spelupplevelse. Dessa plattor \u00e4r konstruerade f\u00f6r att s\u00f6ml\u00f6st integreras med din PS5 Slim-konsol, vilket ger ett avancerat utseende som kommer att h\u00f6ja utseendet p\u00e5 din spelinstallation.<br \/>\n<strong>F\u00d6RB\u00c4TTRAD DESIGN:<\/strong>\u00a0 Dessa PS5 slim-plattor har ett motst\u00e5ndskraftigt skal som skyddar din konsol fr\u00e5n repor och slitage, samtidigt som de ger din enhet en personlig pr\u00e4gel. De \u00e4r tillverkade av h\u00f6gkvalitativa material. PSS ps5 slim-frontplattan \u00e4r ett utm\u00e4rkt val f\u00f6r spelare som vill visa upp sin stil, eftersom den tillf\u00f6r ett m\u00e5tt av sofistikering och klass.<br \/>\n<strong>KVALITETSH\u00d6JNING:<\/strong> F\u00f6rb\u00e4ttra din spelupplevelse med PS 5 Slim Faceplate, det fr\u00e4msta alternativet f\u00f6r spelare som vill g\u00f6ra sin konsol mer personlig med ett h\u00f6gkvalitativt yttre som ger b\u00e5de skydd och stil.<\/p>\n<p><strong>ENKEL INSTALLATION OCH BORTTAGNING:<\/strong> PS5 Slim-skydd f\u00f6r Disc Edition \u00e4r otroligt enkla att installera och ta bort, s\u00e5 att du enkelt kan \u00e4ndra ditt utseende n\u00e4r du vill. Dessa plattor \u00e4r den perfekta l\u00f6sningen f\u00f6r dem som vill blanda och matcha med andra f\u00e4rger eller \u00e4r p\u00e5 hum\u00f6r f\u00f6r en upps\u00e4ttning design.<br \/>\nDenna frontplatta \u00e4r exklusivt kompatibel med PS5 Slim-varianten och \u00e4r inte kompatibel med den vanliga PS5-modellen. Observera att PS5-konsolen inte ing\u00e5r.<\/p>","protected":false},"featured_media":2372,"comment_status":"open","ping_status":"closed","template":"","meta":[],"product_brand":[],"product_cat":[71,56],"product_tag":[],"class_list":{"0":"post-2367","1":"product","2":"type-product","3":"status-publish","4":"has-post-thumbnail","6":"product_cat-custom-console-covers","7":"product_cat-custom-shells-skins","9":"first","10":"instock","11":"featured","12":"shipping-taxable","13":"purchasable","14":"product-type-simple"},"_links":{"self":[{"href":"https:\/\/vavcase.com\/sv\/wp-json\/wp\/v2\/product\/2367","targetHints":{"allow":["GET"]}}],"collection":[{"href":"https:\/\/vavcase.com\/sv\/wp-json\/wp\/v2\/product"}],"about":[{"href":"https:\/\/vavcase.com\/sv\/wp-json\/wp\/v2\/types\/product"}],"replies":[{"embeddable":true,"href":"https:\/\/vavcase.com\/sv\/wp-json\/wp\/v2\/comments?post=2367"}],"wp:featuredmedia":[{"embeddable":true,"href":"https:\/\/vavcase.com\/sv\/wp-json\/wp\/v2\/media\/2372"}],"wp:attachment":[{"href":"https:\/\/vavcase.com\/sv\/wp-json\/wp\/v2\/media?parent=2367"}],"wp:term":[{"taxonomy":"product_brand","embeddable":true,"href":"https:\/\/vavcase.com\/sv\/wp-json\/wp\/v2\/product_brand?post=2367"},{"taxonomy":"product_cat","embeddable":true,"href":"https:\/\/vavcase.com\/sv\/wp-json\/wp\/v2\/product_cat?post=2367"},{"taxonomy":"product_tag","embeddable":true,"href":"https:\/\/vavcase.com\/sv\/wp-json\/wp\/v2\/product_tag?post=2367"}],"curies":[{"name":"wp","href":"https:\/\/api.w.org\/{rel}","templated":true}]}}