{"id":2380,"date":"2025-02-17T06:36:37","date_gmt":"2025-02-17T06:36:37","guid":{"rendered":"https:\/\/vavcase.com\/?post_type=product&#038;p=2380"},"modified":"2025-02-17T06:36:37","modified_gmt":"2025-02-17T06:36:37","slug":"extremerate-full-set-shell-buttons-for-xbox-series-x-s-controller","status":"publish","type":"product","link":"https:\/\/vavcase.com\/sv\/produkt\/extremerate-full-uppsattning-skalknappar-for-xbox-series-x-s-controller\/","title":{"rendered":"eXtremeRate Fullst\u00e4ndig upps\u00e4ttning Shell-knappar f\u00f6r Xbox Series X &amp; S Controller"},"content":{"rendered":"<h2>Information om produkten<\/h2>\n<div class=\"a-row a-spacing-top-base\">\n<div class=\"a-column a-span6\">\n<div class=\"a-row a-spacing-base\">\n<div class=\"a-section table-padding\">\n<table id=\"productDetails_detailBullets_sections1\" class=\"a-keyvalue prodDetTable\" role=\"presentation\">\n<tbody>\n<tr>\n<th class=\"a-color-secondary a-size-base prodDetSectionEntry\">Produktens m\u00e5tt<\/th>\n<td class=\"a-size-base prodDetAttrValue\">2,76\u2033W x 0,59\u2033H<\/td>\n<\/tr>\n<tr>\n<th class=\"a-color-secondary a-size-base prodDetSectionEntry\">Tillverkare<\/th>\n<td class=\"a-size-base prodDetAttrValue\">Extremera<\/td>\n<\/tr>\n<tr>\n<th class=\"a-color-secondary a-size-base prodDetSectionEntry\">ASIN<\/th>\n<td class=\"a-size-base prodDetAttrValue\">B08RYJL53F<\/td>\n<\/tr>\n<tr>\n<th class=\"a-color-secondary a-size-base prodDetSectionEntry\">Kundrecensioner<\/th>\n<td class=\"a-size-base\">\n<div id=\"averageCustomerReviews\" data-asin=\"B08RYJL53F\" data-ref=\"dpx_acr_pop_\"><span class=\"a-declarative\" data-action=\"acrStarsLink-click-metrics\" data-acrstarslink-click-metrics=\"{}\"><span id=\"acrPopover\" class=\"reviewCountTextLinkedHistogram noUnderline\" title=\"4,5 av 5 stj\u00e4rnor\"><a class=\"a-popover-trigger a-declarative\" role=\"button\"><span class=\"a-size-base a-color-base\">4.5\u00a0<\/span><i class=\"a-icon a-icon-star a-star-4-5 cm-cr-review-stars-spacing-big\"><span class=\"a-icon-alt\">4,5 av 5 stj\u00e4rnor<\/span><\/i>\u00a0<i class=\"a-icon a-icon-popover\"><\/i><\/a>\u00a0\u00a0<\/span><\/span>\u00a0<span class=\"a-declarative\" data-action=\"acrLink-click-metrics\" data-acrlink-click-metrics=\"{}\"><a id=\"acrCustomerReviewLink\" class=\"a-link-normal\" href=\"https:\/\/www.amazon.com\/eXtremeRate-Transparent-Controller-Housing-Replacement\/dp\/B08RYJL53F\/ref=sr_1_9?crid=EUP4YHA2D3KA&amp;dib=eyJ2IjoiMSJ9.jEXY5_0G06Nl6-QL1wVlh5I3v0AZh0oirXGzOZiX_nVnghQsTi9tXAUMEFRcxTP7BG9ZsqKfjXoZEEqNnzTSvzJfGJRkViFMDNTtNYZ-ByKp19Sz_6p96XcTlXSIxD7SL1KcrO8LS5PSr-QXAehMp4tcnYYifpfnb5HXclho_Dx-VVdGkbaXjlYYLkKXMRkrJO89p3FZOymB0RMGAh1ZW15arsmrQ9jo4OylX-NMMd8.7TaPg7fg50ejGNXgg8h5LcrgWpL4nmf-ITa3389G1ik&amp;dib_tag=se&amp;keywords=%E2%80%A2%2BController%2BShells&amp;qid=1739773506&amp;sprefix=controller%2Bshells%2B%2Caps%2C1031&amp;sr=8-9&amp;th=1#customerReviews\"><span id=\"acrCustomerReviewText\" class=\"a-size-base\">708 betyg<\/span><\/a><\/span><\/div>\n<p>4,5 av 5 stj\u00e4rnor<\/td>\n<\/tr>\n<tr>\n<th class=\"a-color-secondary a-size-base prodDetSectionEntry\">B\u00e4sts\u00e4ljare Rank<\/th>\n<td>#10,394 i Videospel (<a href=\"https:\/\/www.amazon.com\/gp\/bestsellers\/videogames\/ref=pd_zg_ts_videogames\">Se Topp 100 i Videospel<\/a>)<br \/>\n#49 i\u00a0<a href=\"https:\/\/www.amazon.com\/gp\/bestsellers\/videogames\/23568180011\/ref=pd_zg_hrsr_videogames\">Tillbeh\u00f6rssatser f\u00f6r Xbox Series X &amp; S<\/a><\/td>\n<\/tr>\n<tr>\n<th class=\"a-color-secondary a-size-base prodDetSectionEntry\">Typ av f\u00f6rem\u00e5l<\/th>\n<td class=\"a-size-base prodDetAttrValue\">Elektronik<\/td>\n<\/tr>\n<tr>\n<th class=\"a-color-secondary a-size-base prodDetSectionEntry\">Artikelns modellnummer<\/th>\n<td class=\"a-size-base prodDetAttrValue\">QX3M505<\/td>\n<\/tr>\n<tr>\n<th class=\"a-color-secondary a-size-base prodDetSectionEntry\">Artikel Vikt<\/th>\n<td class=\"a-size-base prodDetAttrValue\">1,76 gram<\/td>\n<\/tr>\n<\/tbody>\n<\/table>\n<\/div>\n<\/div>\n<\/div>\n<\/div>","protected":false},"excerpt":{"rendered":"<p><strong>Kompatibilitet Modell:<\/strong> Ultra \u00e4r kompatibel med Xbox Series X- och Xbox Series S-kontroller, men den \u00e4r inte kompatibel med andra Xbox One-kontroller. Innan du g\u00f6r ett k\u00f6p, v\u00e4nligen kontrollera den andra bilden i annonsen.<br \/>\n<strong>Optimal passform:<\/strong> Det \u00f6verl\u00e4gset mest l\u00e4mpliga alternativet; Passar in p\u00e5 alla sidor; Sitter s\u00e4kert p\u00e5 alla f\u00e4stelement.<br \/>\nF\u00f6ljande ing\u00e5r i f\u00f6rpackningen: 1 frontplatta, 1 bakplatta, 1 v\u00e4nster sidoskenor, 1 h\u00f6ger sidoskenor, 2 tumstockar, 1 komplett upps\u00e4ttning knappar, 1 verktyg f\u00f6r att \u00f6ppna skalet, 2 skruvmejslar och 17 skruvar. (Viktigt: Styrenheten och andra komponenter ing\u00e5r inte.)<\/p>\n<p><strong>L\u00e4tt att installera:<\/strong> Demontera kontrollerns originalfrontplatta och ers\u00e4tt den med eXtremeRate-frontplattan. H\u00e4mta en installationsvideoguide genom att g\u00f6ra en s\u00f6kning p\u00e5 YouTube efter \"eXtremeRate Full Set Shell for Xbox Series X\/S\" eller \"_n2UYBeixl8\".<br \/>\n<strong>Personlig anpassning:<\/strong> Den h\u00e4r produkten \u00e4r tillverkad av ABS-material av h\u00f6gsta kvalitet och \u00e4r b\u00e5de praktisk och h\u00e5llbar. Den genomskinliga atomlila f\u00e4rgen \u00e4r verkligen fantastisk.<\/p>","protected":false},"featured_media":2382,"comment_status":"open","ping_status":"closed","template":"","meta":[],"product_brand":[],"product_cat":[72,56],"product_tag":[],"class_list":{"0":"post-2380","1":"product","2":"type-product","3":"status-publish","4":"has-post-thumbnail","6":"product_cat-controller-shells","7":"product_cat-custom-shells-skins","9":"first","10":"instock","11":"shipping-taxable","12":"purchasable","13":"product-type-simple"},"_links":{"self":[{"href":"https:\/\/vavcase.com\/sv\/wp-json\/wp\/v2\/product\/2380","targetHints":{"allow":["GET"]}}],"collection":[{"href":"https:\/\/vavcase.com\/sv\/wp-json\/wp\/v2\/product"}],"about":[{"href":"https:\/\/vavcase.com\/sv\/wp-json\/wp\/v2\/types\/product"}],"replies":[{"embeddable":true,"href":"https:\/\/vavcase.com\/sv\/wp-json\/wp\/v2\/comments?post=2380"}],"wp:featuredmedia":[{"embeddable":true,"href":"https:\/\/vavcase.com\/sv\/wp-json\/wp\/v2\/media\/2382"}],"wp:attachment":[{"href":"https:\/\/vavcase.com\/sv\/wp-json\/wp\/v2\/media?parent=2380"}],"wp:term":[{"taxonomy":"product_brand","embeddable":true,"href":"https:\/\/vavcase.com\/sv\/wp-json\/wp\/v2\/product_brand?post=2380"},{"taxonomy":"product_cat","embeddable":true,"href":"https:\/\/vavcase.com\/sv\/wp-json\/wp\/v2\/product_cat?post=2380"},{"taxonomy":"product_tag","embeddable":true,"href":"https:\/\/vavcase.com\/sv\/wp-json\/wp\/v2\/product_tag?post=2380"}],"curies":[{"name":"wp","href":"https:\/\/api.w.org\/{rel}","templated":true}]}}