{"id":2389,"date":"2025-02-17T06:41:44","date_gmt":"2025-02-17T06:41:44","guid":{"rendered":"https:\/\/vavcase.com\/?post_type=product&#038;p=2389"},"modified":"2025-02-17T06:41:44","modified_gmt":"2025-02-17T06:41:44","slug":"touchpad-front-shell-compatible-with-ps5-controller","status":"publish","type":"product","link":"https:\/\/vavcase.com\/sv\/produkt\/pekplattans-framre-skal-kompatibelt-med-ps5-kontroller\/","title":{"rendered":"Frontskal f\u00f6r pekplatta Kompatibel med PS5-kontroller"},"content":{"rendered":"<h2>Information om produkten<\/h2>\n<div class=\"a-row a-spacing-top-base\">\n<div class=\"a-column a-span6\">\n<div class=\"a-row a-spacing-base\">\n<div class=\"a-section table-padding\">\n<table id=\"productDetails_detailBullets_sections1\" class=\"a-keyvalue prodDetTable\" role=\"presentation\">\n<tbody>\n<tr>\n<th class=\"a-color-secondary a-size-base prodDetSectionEntry\">M\u00e5tt p\u00e5 paketet<\/th>\n<td class=\"a-size-base prodDetAttrValue\">6,6 x 4,5 x 0,9 tum<\/td>\n<\/tr>\n<tr>\n<th class=\"a-color-secondary a-size-base prodDetSectionEntry\">Artikel Vikt<\/th>\n<td class=\"a-size-base prodDetAttrValue\">4 ounces<\/td>\n<\/tr>\n<tr>\n<th class=\"a-color-secondary a-size-base prodDetSectionEntry\">ASIN<\/th>\n<td class=\"a-size-base prodDetAttrValue\">B0DMW2SFHL<\/td>\n<\/tr>\n<tr>\n<th class=\"a-color-secondary a-size-base prodDetSectionEntry\">Artikelns modellnummer<\/th>\n<td class=\"a-size-base prodDetAttrValue\">CF-2189S<\/td>\n<\/tr>\n<tr>\n<th class=\"a-color-secondary a-size-base prodDetSectionEntry\">B\u00e4sts\u00e4ljare Rank<\/th>\n<td>#41,276 i Videospel (<a href=\"https:\/\/www.amazon.com\/gp\/bestsellers\/videogames\/ref=pd_zg_ts_videogames\">Se Topp 100 i Videospel<\/a>)<br \/>\n#195 i\u00a0<a href=\"https:\/\/www.amazon.com\/gp\/bestsellers\/videogames\/23577568011\/ref=pd_zg_hrsr_videogames\">Frontplattor f\u00f6r PlayStation 5<\/a><\/td>\n<\/tr>\n<tr>\n<th class=\"a-color-secondary a-size-base prodDetSectionEntry\">Datum F\u00f6rsta tillg\u00e4ngliga<\/th>\n<td class=\"a-size-base prodDetAttrValue\">1 december 2024<\/td>\n<\/tr>\n<tr>\n<th class=\"a-color-secondary a-size-base prodDetSectionEntry\">Tillverkare<\/th>\n<td class=\"a-size-base prodDetAttrValue\">Shen Zhen Shi Fei Hu Yu You Xian Gong Si<\/td>\n<\/tr>\n<tr>\n<th class=\"a-color-secondary a-size-base prodDetSectionEntry\">Spr\u00e5k<\/th>\n<td class=\"a-size-base prodDetAttrValue\">Engelska<\/td>\n<\/tr>\n<\/tbody>\n<\/table>\n<\/div>\n<\/div>\n<\/div>\n<\/div>","protected":false},"excerpt":{"rendered":"<p><strong>DIY-kompatibilitet:<\/strong> Dessa anpassade ers\u00e4ttningsfrontskal och trimskal \u00e4r avsedda att vara helt kompatibla med alla PS5-kontrollmodeller, inklusive BDM-010, BDM-020, BDM-030, BDM-040 och BDM-050. De \u00e4r inte kompatibla med styrenheter fr\u00e5n andra m\u00e4rken.<br \/>\n<strong>Exakt kundanpassning:<\/strong> PS5-styrenhetens ers\u00e4ttningsskal \u00e4r utformat med precisionsskurna kanter som \u00e4r helt i linje med originalh\u00f6ljet och fria fr\u00e5n grader. Detta garanterar en felfri installation och passform, vilket resulterar i ett fr\u00e4scht och modernt utseende f\u00f6r din PS5-kontroller.<br \/>\n<strong>Anpassad DIY:<\/strong> Med v\u00e5r DIY-panel kan du anpassa din PS5-handkontroll efter dina \u00f6nskem\u00e5l genom att v\u00e4lja bland ett brett urval av f\u00e4rger och stilar. Genom att kombinera v\u00e5ra tumstockspaket kan du skapa en distinkt spelupplevelse som \u00e5terspeglar din personliga stil.<\/p>\n<p><strong>Enkel installation:<\/strong> Bytessatsen f\u00f6r frontplatta med anpassad pekplatta \u00e4r utrustad med alla n\u00f6dv\u00e4ndiga verktyg f\u00f6r att underl\u00e4tta borttagningen av det ursprungliga kontrollerk\u00e5pan och bytet av dessa tillbeh\u00f6r, vilket ger den mest optimala spelupplevelsen.<br \/>\n<strong>Inneh\u00e5ll i f\u00f6rpackningen:<\/strong>1* skal f\u00f6r frontplatta, 1* skal och h\u00e5llare f\u00f6r pekplatta, 1* dekorativt skal, 1* verktyg f\u00f6r att \u00f6ppna skalet, 1* skruvmejsel, 3* reservf\u00e4sten och 1* sats med tumstockar ing\u00e5r i varje f\u00f6rpackning. Observera att kontrollenheten och andra komponenter inte ing\u00e5r.<\/p>","protected":false},"featured_media":2396,"comment_status":"open","ping_status":"closed","template":"","meta":[],"product_brand":[],"product_cat":[72,56],"product_tag":[],"class_list":{"0":"post-2389","1":"product","2":"type-product","3":"status-publish","4":"has-post-thumbnail","6":"product_cat-controller-shells","7":"product_cat-custom-shells-skins","9":"first","10":"instock","11":"shipping-taxable","12":"purchasable","13":"product-type-simple"},"_links":{"self":[{"href":"https:\/\/vavcase.com\/sv\/wp-json\/wp\/v2\/product\/2389","targetHints":{"allow":["GET"]}}],"collection":[{"href":"https:\/\/vavcase.com\/sv\/wp-json\/wp\/v2\/product"}],"about":[{"href":"https:\/\/vavcase.com\/sv\/wp-json\/wp\/v2\/types\/product"}],"replies":[{"embeddable":true,"href":"https:\/\/vavcase.com\/sv\/wp-json\/wp\/v2\/comments?post=2389"}],"wp:featuredmedia":[{"embeddable":true,"href":"https:\/\/vavcase.com\/sv\/wp-json\/wp\/v2\/media\/2396"}],"wp:attachment":[{"href":"https:\/\/vavcase.com\/sv\/wp-json\/wp\/v2\/media?parent=2389"}],"wp:term":[{"taxonomy":"product_brand","embeddable":true,"href":"https:\/\/vavcase.com\/sv\/wp-json\/wp\/v2\/product_brand?post=2389"},{"taxonomy":"product_cat","embeddable":true,"href":"https:\/\/vavcase.com\/sv\/wp-json\/wp\/v2\/product_cat?post=2389"},{"taxonomy":"product_tag","embeddable":true,"href":"https:\/\/vavcase.com\/sv\/wp-json\/wp\/v2\/product_tag?post=2389"}],"curies":[{"name":"wp","href":"https:\/\/api.w.org\/{rel}","templated":true}]}}