{"id":2397,"date":"2025-02-17T06:48:10","date_gmt":"2025-02-17T06:48:10","guid":{"rendered":"https:\/\/vavcase.com\/?post_type=product&#038;p=2397"},"modified":"2025-02-17T06:48:10","modified_gmt":"2025-02-17T06:48:10","slug":"extremerate-nine-tailed-fox-touchpad-front-top-shell-compatible-with-ps5-controller","status":"publish","type":"product","link":"https:\/\/vavcase.com\/sv\/produkt\/extremerate-nine-tailed-fox-touchpad-front-top-shell-kompatibel-med-ps5-kontroller\/","title":{"rendered":"eXtremeRate Nine-tailed Fox Touchpad Front Top Shell Kompatibel med ps5 Controller"},"content":{"rendered":"<p><span class=\"a-text-bold\">Produktfunktion:<\/span><\/p>\n<ul class=\"a-unordered-list a-vertical\">\n<li><span class=\"a-list-item\"><span class=\"a-text-bold\">Tillverkad av t\u00e5lig, giftfri ABS-plast.<\/span>\u00a0Luktfri.<\/span><\/li>\n<li><span class=\"a-list-item\">Passar helt i linje p\u00e5 alla sidor; Sitter ordentligt p\u00e5 alla clips.<\/span><\/li>\n<li><span class=\"a-list-item\">Anpassa din controller.<\/span><\/li>\n<li><span class=\"a-list-item\">Det \u00e4r en vacker f\u00f6r\u00e4ndring fr\u00e5n en tr\u00e5kig normal vit utan att spendera massor av pengar.<\/span><\/li>\n<\/ul>\n<h3 class=\"a-spacing-mini\">Paketet inneh\u00e5ller:<\/h3>\n<ul class=\"a-unordered-list a-vertical\">\n<li><span class=\"a-list-item\">1* Skal f\u00f6r frontplatta<\/span><\/li>\n<li><span class=\"a-list-item\">1* Skal f\u00f6r pekplatta<\/span><\/li>\n<li><span class=\"a-list-item\">1* Sats med h\u00e5llare f\u00f6r pekplatta<\/span><\/li>\n<li><span class=\"a-list-item\">1* Verktyg f\u00f6r \u00f6ppet skal<\/span><\/li>\n<li><span class=\"a-list-item\">1* Skruvmejsel<\/span><\/li>\n<li><span class=\"a-list-item\">13* Skruvar<\/span><\/li>\n<li><span class=\"a-list-item\"><span class=\"a-text-bold\">Obs: Styrenheten, pekplattan och andra delar ing\u00e5r inte!<\/span><\/span><\/li>\n<\/ul>\n<h2>Information om produkten<\/h2>\n<div class=\"a-row a-spacing-top-base\">\n<div class=\"a-column a-span6\">\n<div class=\"a-row a-spacing-base\">\n<div class=\"a-section table-padding\">\n<table id=\"productDetails_detailBullets_sections1\" class=\"a-keyvalue prodDetTable\" role=\"presentation\">\n<tbody>\n<tr>\n<th class=\"a-color-secondary a-size-base prodDetSectionEntry\">Produktens m\u00e5tt<\/th>\n<td class=\"a-size-base prodDetAttrValue\">3,54\u2033W x 0,59\u2033H<\/td>\n<\/tr>\n<tr>\n<th class=\"a-color-secondary a-size-base prodDetSectionEntry\">Tillverkare<\/th>\n<td class=\"a-size-base prodDetAttrValue\">Extremera<\/td>\n<\/tr>\n<tr>\n<th class=\"a-color-secondary a-size-base prodDetSectionEntry\">Artikel Vikt<\/th>\n<td class=\"a-size-base prodDetAttrValue\">1,06 gram<\/td>\n<\/tr>\n<tr>\n<th class=\"a-color-secondary a-size-base prodDetSectionEntry\">ASIN<\/th>\n<td class=\"a-size-base prodDetAttrValue\">B0BXCJCPYJ<\/td>\n<\/tr>\n<tr>\n<th class=\"a-color-secondary a-size-base prodDetSectionEntry\">Artikelns modellnummer<\/th>\n<td class=\"a-size-base prodDetAttrValue\">ZPFT1082G3<\/td>\n<\/tr>\n<tr>\n<th class=\"a-color-secondary a-size-base prodDetSectionEntry\">Kundrecensioner<\/th>\n<td class=\"a-size-base\">\n<div id=\"averageCustomerReviews\" data-asin=\"B0BXCJCPYJ\" data-ref=\"dpx_acr_pop_\"><span class=\"a-declarative\" data-action=\"acrStarsLink-click-metrics\" data-acrstarslink-click-metrics=\"{}\"><span id=\"acrPopover\" class=\"reviewCountTextLinkedHistogram noUnderline\" title=\"4,4 av 5 stj\u00e4rnor\"><a class=\"a-popover-trigger a-declarative\" role=\"button\"><span class=\"a-size-base a-color-base\">4.4\u00a0<\/span><i class=\"a-icon a-icon-star a-star-4-5 cm-cr-review-stars-spacing-big\"><span class=\"a-icon-alt\">4,4 av 5 stj\u00e4rnor<\/span><\/i>\u00a0<i class=\"a-icon a-icon-popover\"><\/i><\/a>\u00a0\u00a0<\/span><\/span>\u00a0<span class=\"a-declarative\" data-action=\"acrLink-click-metrics\" data-acrlink-click-metrics=\"{}\"><a id=\"acrCustomerReviewLink\" class=\"a-link-normal\" href=\"https:\/\/www.amazon.com\/eXtremeRate-Nine-Tailed-Compatible-Controller-Replacement\/dp\/B0BXCJCPYJ\/ref=sr_1_22_sspa?crid=3EL5ZFAIBP1C4&amp;dib=eyJ2IjoiMSJ9.19A9ecijHQ4E6jOFcBukaEPkLxAXIG81zpJQFqeDTNn8P7g5VOMqckz5RuoM6MoK5fjg7Kr1CrTDyaw8tpUJhBSZmzXLPlq75Y61lPtdPhwje9a-chN8jHT9EETfbpJULJoRI6CBDfs0frsajEV0oX9Tysq6LFGeX0vULnM8BRE.d9hfBqeGHnkAV1U-vY5xxvXgoCmKpoAySsmMERNoKV8&amp;dib_tag=se&amp;keywords=xbox%2Bcontroller%2Bshells%2Bseries%2Bps5&amp;qid=1739774656&amp;sprefix=xbox%2Bcontroller%2Bshells%2Bseries%2Bps5%2Caps%2C355&amp;sr=8-22-spons&amp;xpid=HC_k6rY66ur16&amp;sp_csd=d2lkZ2V0TmFtZT1zcF9tdGY&amp;th=1#customerReviews\"><span id=\"acrCustomerReviewText\" class=\"a-size-base\">461 betyg<\/span><\/a><\/span><\/div>\n<p>4,4 av 5 stj\u00e4rnor<\/td>\n<\/tr>\n<tr>\n<th class=\"a-color-secondary a-size-base prodDetSectionEntry\">B\u00e4sts\u00e4ljare Rank<\/th>\n<td>#65,369 i Videospel (<a href=\"https:\/\/www.amazon.com\/gp\/bestsellers\/videogames\/ref=pd_zg_ts_videogames\">Se Topp 100 i Videospel<\/a>)<br \/>\n#304 i\u00a0<a href=\"https:\/\/www.amazon.com\/gp\/bestsellers\/videogames\/23577568011\/ref=pd_zg_hrsr_videogames\">Frontplattor f\u00f6r PlayStation 5<\/a><br \/>\n#810 i\u00a0<a href=\"https:\/\/www.amazon.com\/gp\/bestsellers\/videogames\/10111041011\/ref=pd_zg_hrsr_videogames\">Ansiktsplattor, skydd och skins f\u00f6r PlayStation 4<\/a><\/td>\n<\/tr>\n<\/tbody>\n<\/table>\n<\/div>\n<\/div>\n<\/div>\n<\/div>","protected":false},"excerpt":{"rendered":"<p><strong>Kompatibilitet:<\/strong> Det anpassade ers\u00e4ttningsfrontskalet och pekplatteskyddet \u00e4r kompatibla med PS5-kontrollerna modell BDM-010, BDM-020, BDM-030, BDM-040 och BDM-050. De \u00e4r inte kompatibla med andra modeller av styrenheter. Se den andra bilden i annonsen innan du g\u00f6r ett k\u00f6p. Precisionsskurna f\u00f6r att fungera identiskt med originalskalet<br \/>\n<strong>Passar perfekt:<\/strong> Passar \u00f6verl\u00e4gset b\u00e4st; sitter l\u00e4mpligt p\u00e5 alla clips; passar helt i j\u00e4mnh\u00f6jd p\u00e5 alla sidor. Den unika frontplattan med yttre pekplatta \u00e4r utformad f\u00f6r att f\u00f6rst\u00e4rka din handkontrolls personlighet och se till att den skiljer sig fr\u00e5n m\u00e4ngden.<br \/>\n<strong>Individanpassad funktion:<\/strong> Det finns ett brett urval av design och m\u00f6nster. M\u00f6nstret med den niosvansade r\u00e4ven \u00e4r mycket tilltalande; det skulle vara s\u00e4rskilt imponerande om det kombinerades med v\u00e5ra ers\u00e4ttningsknappar f\u00f6r styrenheter.<\/p>\n<p><strong>Enkel installation:<\/strong> Redskapet som medf\u00f6ljer kan hj\u00e4lpa till att enkelt avl\u00e4gsna det ursprungliga kontrollerk\u00e5pan och ers\u00e4tta dessa tillbeh\u00f6r. S\u00f6k efter \"eXtremeRate front shell compatible with ps5 BDM 010 020 030\" eller \"GI9s7Ejhs44\" p\u00e5 YouTube f\u00f6r att f\u00e5 installationsvideoguiden.<br \/>\n<strong>Paketets inneh\u00e5ll:<\/strong> 1* skal f\u00f6r frontplatta; 1* skal f\u00f6r pekplatta; 1* upps\u00e4ttning h\u00e5llare f\u00f6r pekplatta; 1* verktyg f\u00f6r att \u00f6ppna skal; 1* skruvmejsel och reservf\u00e4sten. Obs: I avsaknad av styrenheten och andra komponenter<\/p>","protected":false},"featured_media":2398,"comment_status":"open","ping_status":"closed","template":"","meta":[],"product_brand":[],"product_cat":[72,56],"product_tag":[],"class_list":{"0":"post-2397","1":"product","2":"type-product","3":"status-publish","4":"has-post-thumbnail","6":"product_cat-controller-shells","7":"product_cat-custom-shells-skins","9":"first","10":"instock","11":"shipping-taxable","12":"purchasable","13":"product-type-simple"},"_links":{"self":[{"href":"https:\/\/vavcase.com\/sv\/wp-json\/wp\/v2\/product\/2397","targetHints":{"allow":["GET"]}}],"collection":[{"href":"https:\/\/vavcase.com\/sv\/wp-json\/wp\/v2\/product"}],"about":[{"href":"https:\/\/vavcase.com\/sv\/wp-json\/wp\/v2\/types\/product"}],"replies":[{"embeddable":true,"href":"https:\/\/vavcase.com\/sv\/wp-json\/wp\/v2\/comments?post=2397"}],"wp:featuredmedia":[{"embeddable":true,"href":"https:\/\/vavcase.com\/sv\/wp-json\/wp\/v2\/media\/2398"}],"wp:attachment":[{"href":"https:\/\/vavcase.com\/sv\/wp-json\/wp\/v2\/media?parent=2397"}],"wp:term":[{"taxonomy":"product_brand","embeddable":true,"href":"https:\/\/vavcase.com\/sv\/wp-json\/wp\/v2\/product_brand?post=2397"},{"taxonomy":"product_cat","embeddable":true,"href":"https:\/\/vavcase.com\/sv\/wp-json\/wp\/v2\/product_cat?post=2397"},{"taxonomy":"product_tag","embeddable":true,"href":"https:\/\/vavcase.com\/sv\/wp-json\/wp\/v2\/product_tag?post=2397"}],"curies":[{"name":"wp","href":"https:\/\/api.w.org\/{rel}","templated":true}]}}