{"id":2402,"date":"2025-02-17T06:51:52","date_gmt":"2025-02-17T06:51:52","guid":{"rendered":"https:\/\/vavcase.com\/?post_type=product&#038;p=2402"},"modified":"2025-02-17T06:51:52","modified_gmt":"2025-02-17T06:51:52","slug":"extremerate-custom-shell-for-xbox-series-x-s-controller","status":"publish","type":"product","link":"https:\/\/vavcase.com\/sv\/produkt\/extremerat-specialskal-for-xbox-series-x-s-kontroller\/","title":{"rendered":"eXtremeRate anpassat skal f\u00f6r Xbox Series X &amp; S-handkontroll"},"content":{"rendered":"<h2>Information om produkten<\/h2>\n<div class=\"a-row a-spacing-top-base\">\n<div class=\"a-column a-span6\">\n<div class=\"a-row a-spacing-base\">\n<div class=\"a-section table-padding\">\n<table id=\"productDetails_detailBullets_sections1\" class=\"a-keyvalue prodDetTable\" role=\"presentation\">\n<tbody>\n<tr>\n<th class=\"a-color-secondary a-size-base prodDetSectionEntry\">Produktens m\u00e5tt<\/th>\n<td class=\"a-size-base prodDetAttrValue\">0,75\u2033W x 0,4\u2033H<\/td>\n<\/tr>\n<tr>\n<th class=\"a-color-secondary a-size-base prodDetSectionEntry\">Tillverkare<\/th>\n<td class=\"a-size-base prodDetAttrValue\">Extremera<\/td>\n<\/tr>\n<tr>\n<th class=\"a-color-secondary a-size-base prodDetSectionEntry\">ASIN<\/th>\n<td class=\"a-size-base prodDetAttrValue\">B0CD24JMRV<\/td>\n<\/tr>\n<tr>\n<th class=\"a-color-secondary a-size-base prodDetSectionEntry\">Kundrecensioner<\/th>\n<td class=\"a-size-base\">\n<div id=\"averageCustomerReviews\" data-asin=\"B0CD24JMRV\" data-ref=\"dpx_acr_pop_\"><span class=\"a-declarative\" data-action=\"acrStarsLink-click-metrics\" data-acrstarslink-click-metrics=\"{}\"><span id=\"acrPopover\" class=\"reviewCountTextLinkedHistogram noUnderline\" title=\"4,4 av 5 stj\u00e4rnor\"><a class=\"a-popover-trigger a-declarative\" role=\"button\"><span class=\"a-size-base a-color-base\">4.4\u00a0<\/span><i class=\"a-icon a-icon-star a-star-4-5 cm-cr-review-stars-spacing-big\"><span class=\"a-icon-alt\">4,4 av 5 stj\u00e4rnor<\/span><\/i>\u00a0<i class=\"a-icon a-icon-popover\"><\/i><\/a>\u00a0\u00a0<\/span><\/span>\u00a0<span class=\"a-declarative\" data-action=\"acrLink-click-metrics\" data-acrlink-click-metrics=\"{}\"><a id=\"acrCustomerReviewLink\" class=\"a-link-normal\" href=\"https:\/\/www.amazon.com\/eXtremeRate-Custom-Shell-Xbox-Controller\/dp\/B0CD24JMRV\/ref=sr_1_11?crid=2L0HYUVKP2NFJ&amp;dib=eyJ2IjoiMSJ9.CBw3KiPKcLm1QHDkVHyV5MVnxO8Ky-4Uqo2qygjQE-UKo8afXWFg3GrM5j8A2aGSmfD4Cx_Y4gM4zgF7Fz0aeYBghsPUrPrrBc32-1C5AHD91iJ_OZ0cwMO8Jb1SdeODK96cFU3gYCSv4viGCadftNo9ohu5rrSWaI8bo6vKSyRupSXu6zxuKHsp76vzpEYmpGyeqNmhYn6RFhEHToA9QibBFMasu7Re2p9JPTuJkus._CdQBPcmejTDJhv_wI9rXrilLRScAgZMu_okdjC3SnI&amp;dib_tag=se&amp;keywords=xbox+controller+shells+series+x%2Fs&amp;qid=1739774923&amp;sprefix=xbox+controller+shells+xbox%2Caps%2C391&amp;sr=8-11#customerReviews\"><span id=\"acrCustomerReviewText\" class=\"a-size-base\">43 betyg<\/span><\/a><\/span><\/div>\n<p>4,4 av 5 stj\u00e4rnor<\/td>\n<\/tr>\n<tr>\n<th class=\"a-color-secondary a-size-base prodDetSectionEntry\">B\u00e4sts\u00e4ljare Rank<\/th>\n<td>#37,606 i Videospel (<a href=\"https:\/\/www.amazon.com\/gp\/bestsellers\/videogames\/ref=pd_zg_ts_videogames\">Se Topp 100 i Videospel<\/a>)<br \/>\n#43 i\u00a0<a href=\"https:\/\/www.amazon.com\/gp\/bestsellers\/videogames\/23577562011\/ref=pd_zg_hrsr_videogames\">Xbox Series X &amp; S-skydd<\/a><\/td>\n<\/tr>\n<tr>\n<th class=\"a-color-secondary a-size-base prodDetSectionEntry\">Typ av f\u00f6rem\u00e5l<\/th>\n<td class=\"a-size-base prodDetAttrValue\">Elektronik<\/td>\n<\/tr>\n<tr>\n<th class=\"a-color-secondary a-size-base prodDetSectionEntry\">Artikelns modellnummer<\/th>\n<td class=\"a-size-base prodDetAttrValue\">FX3T188<\/td>\n<\/tr>\n<tr>\n<th class=\"a-color-secondary a-size-base prodDetSectionEntry\">Artikel Vikt<\/th>\n<td class=\"a-size-base prodDetAttrValue\">0,353 gram<\/td>\n<\/tr>\n<\/tbody>\n<\/table>\n<\/div>\n<\/div>\n<\/div>\n<\/div>","protected":false},"excerpt":{"rendered":"<p><strong>Kompatibilitet Modell:<\/strong> Ultra \u00e4r kompatibel med Xbox Series X och S, samt Xbox Core Controller (modell 1914). Den \u00e4r inte kompatibel med Xbox One-kontroller. Innan du g\u00f6r ett k\u00f6p, v\u00e4nligen kontrollera den andra bilden i annonsen.<br \/>\n<strong>Optimal passform:<\/strong> Det \u00f6verl\u00e4gset mest l\u00e4mpliga alternativet; Passar in p\u00e5 alla sidor; Sitter s\u00e4kert p\u00e5 alla f\u00e4stelement.<br \/>\nF\u00f6rpackningen inneh\u00e5ller en frontplatta, en T8H skruvmejsel och fem f\u00e4stelement. (Viktigt: Styrenheten och andra komponenter ing\u00e5r inte).<\/p>\n<p><strong>L\u00e4tt att installera:<\/strong> Demontera kontrollerns ursprungliga frontplatta och byt ut den mot eXtremeRate-ytterdelen. Installationsvideoguiden kan h\u00e4mtas genom att g\u00f6ra en s\u00f6kning p\u00e5 YouTube efter \"eXtremeRate Shell for Xbox Series X\/S\" eller \"46g8h8toba4\".<br \/>\n<strong>Personligt alternativ:<\/strong> Det finns ett brett utbud av olika m\u00f6nster och modeller. Den magnifika GOLDEN-v\u00e5gen utanf\u00f6r Kanagawa k\u00e4nnetecknas av sitt sl\u00e5ende svarta m\u00f6nster. Vi skulle uppskatta om ni kunde integrera den med v\u00e5ra utbyteskontroller.<\/p>","protected":false},"featured_media":2408,"comment_status":"open","ping_status":"closed","template":"","meta":[],"product_brand":[],"product_cat":[72,56],"product_tag":[],"class_list":{"0":"post-2402","1":"product","2":"type-product","3":"status-publish","4":"has-post-thumbnail","6":"product_cat-controller-shells","7":"product_cat-custom-shells-skins","9":"first","10":"instock","11":"shipping-taxable","12":"purchasable","13":"product-type-simple"},"_links":{"self":[{"href":"https:\/\/vavcase.com\/sv\/wp-json\/wp\/v2\/product\/2402","targetHints":{"allow":["GET"]}}],"collection":[{"href":"https:\/\/vavcase.com\/sv\/wp-json\/wp\/v2\/product"}],"about":[{"href":"https:\/\/vavcase.com\/sv\/wp-json\/wp\/v2\/types\/product"}],"replies":[{"embeddable":true,"href":"https:\/\/vavcase.com\/sv\/wp-json\/wp\/v2\/comments?post=2402"}],"wp:featuredmedia":[{"embeddable":true,"href":"https:\/\/vavcase.com\/sv\/wp-json\/wp\/v2\/media\/2408"}],"wp:attachment":[{"href":"https:\/\/vavcase.com\/sv\/wp-json\/wp\/v2\/media?parent=2402"}],"wp:term":[{"taxonomy":"product_brand","embeddable":true,"href":"https:\/\/vavcase.com\/sv\/wp-json\/wp\/v2\/product_brand?post=2402"},{"taxonomy":"product_cat","embeddable":true,"href":"https:\/\/vavcase.com\/sv\/wp-json\/wp\/v2\/product_cat?post=2402"},{"taxonomy":"product_tag","embeddable":true,"href":"https:\/\/vavcase.com\/sv\/wp-json\/wp\/v2\/product_tag?post=2402"}],"curies":[{"name":"wp","href":"https:\/\/api.w.org\/{rel}","templated":true}]}}