{"id":2409,"date":"2025-02-17T07:01:10","date_gmt":"2025-02-17T07:01:10","guid":{"rendered":"https:\/\/vavcase.com\/?post_type=product&#038;p=2409"},"modified":"2025-02-17T07:01:11","modified_gmt":"2025-02-17T07:01:11","slug":"cyberpunk-red-keycap-set-backlit-side-pinted-130-keys-cherry-profile-pbt-5-sided-dye-sublimation","status":"publish","type":"product","link":"https:\/\/vavcase.com\/sv\/produkt\/cyberpunk-red-keycap-set-bakgrundsbelyst-sidoprintade-130-tangenter-korsbarsprofil-pbt-5-sidig-fargsublimering\/","title":{"rendered":"Cyberpunk Red Keycap Set Bakbelyst sidopigmenterad 130 tangenter Cherry Profile PBT 5 Sidor Dye Sublimation"},"content":{"rendered":"<h2>Information om produkten<\/h2>\n<div class=\"a-row a-spacing-top-base\">\n<div class=\"a-column a-span6\">\n<div class=\"a-row a-spacing-base\">\n<div class=\"a-row a-expander-container a-expander-extend-container\">\n<div class=\"a-row\"><\/div>\n<div class=\"a-expander-content a-expander-extend-content\" data-expanded=\"true\">\n<div class=\"a-row a-expander-container a-expander-inline-container\">\n<div class=\"a-expander-content a-expander-section-content a-section-expander-inner\" data-expanded=\"true\">\n<table id=\"productDetails_techSpec_section_1\" class=\"a-keyvalue prodDetTable\" role=\"presentation\">\n<tbody>\n<tr>\n<th class=\"a-color-secondary a-size-base prodDetSectionEntry\">Varum\u00e4rke<\/th>\n<td class=\"a-size-base prodDetAttrValue\">REDQIN<\/td>\n<\/tr>\n<tr>\n<th class=\"a-color-secondary a-size-base prodDetSectionEntry\">Artikel Vikt<\/th>\n<td class=\"a-size-base prodDetAttrValue\">13,7 gram<\/td>\n<\/tr>\n<tr>\n<th class=\"a-color-secondary a-size-base prodDetSectionEntry\">Produktens m\u00e5tt<\/th>\n<td class=\"a-size-base prodDetAttrValue\">8,26 x 5,51 x 1,96 tum<\/td>\n<\/tr>\n<tr>\n<th class=\"a-color-secondary a-size-base prodDetSectionEntry\">Artikel M\u00e5tt LxBxH<\/th>\n<td class=\"a-size-base prodDetAttrValue\">8,26 x 5,51 x 1,96 tum<\/td>\n<\/tr>\n<tr>\n<th class=\"a-color-secondary a-size-base prodDetSectionEntry\">F\u00e4rg<\/th>\n<td class=\"a-size-base prodDetAttrValue\">CyberPink 130 Nycklar<\/td>\n<\/tr>\n<tr>\n<th class=\"a-color-secondary a-size-base prodDetSectionEntry\">Str\u00f6mk\u00e4lla<\/th>\n<td class=\"a-size-base prodDetAttrValue\">Kabelansluten<\/td>\n<\/tr>\n<tr>\n<th class=\"a-color-secondary a-size-base prodDetSectionEntry\">Tillverkare<\/th>\n<td class=\"a-size-base prodDetAttrValue\">REDQIN<\/td>\n<\/tr>\n<tr>\n<th class=\"a-color-secondary a-size-base prodDetSectionEntry\">ASIN<\/th>\n<td class=\"a-size-base prodDetAttrValue\">B0CQTM84PJ<\/td>\n<\/tr>\n<tr>\n<th class=\"a-color-secondary a-size-base prodDetSectionEntry\">Datum F\u00f6rsta tillg\u00e4ngliga<\/th>\n<td class=\"a-size-base prodDetAttrValue\">22 december 2023<\/td>\n<\/tr>\n<\/tbody>\n<\/table>\n<\/div>\n<\/div>\n<\/div>\n<\/div>\n<\/div>\n<\/div>\n<\/div>","protected":false},"excerpt":{"rendered":"<p><strong>Cyberpunk Tema:<\/strong> Keycaps \u00e4r utformade med ett cyberpunk-tema, som inneh\u00e5ller en blandning av futuristiska och dystopiska element, t.ex. neonbelysning, kretsar och d\u00f6dskallar. De ger ditt mekaniska tangentbord f\u00f6r gaming ett distinkt och modernt utseende.<br \/>\n<strong>K\u00f6rsb\u00e4rsprofil:<\/strong> Tangentknapparna \u00e4r tillverkade med Cherry-profil, som \u00e4r k\u00e4nd f\u00f6r sin responsiva och smidiga skrivupplevelse.<br \/>\nPBT 5-sidig termisk sublimering: Keycaps \u00e4r tillverkade av ett slitstarkt PBT-material, som ger en l\u00e4ngre livsl\u00e4ngd \u00e4n ABS keycaps. De har en felfri yta, erbjuder exceptionell taktil feedback och t\u00e5l slitage med l\u00e4tthet.<\/p>\n<p><strong>Bakgrundsbelyst design:<\/strong> Keycaps \u00e4r genomskinliga, vilket g\u00f6r att ljuset fr\u00e5n tangentbordets bakgrundsbelysning kan lysa igenom. Detta ger en visuellt lockande och cool effekt p\u00e5 ditt tangentbord.<br \/>\n<strong>Cyberpunk Keycap:<\/strong> Satsen best\u00e5r av 130 tangenter, vilket \u00e4r tillr\u00e4ckligt f\u00f6r att passa de flesta konventionella mekaniska tangentbord. Tack vare tangenternas standardplacering \u00e4r de anv\u00e4ndarv\u00e4nliga och kompatibla med en m\u00e4ngd olika tangentbordskonfigurationer.<br \/>\nEn ovanlig tryckmetod p\u00e5 marknaden, top+side printing, g\u00f6r ditt tangentbord unikt och estetiskt tilltalande ur alla perspektiv.<br \/>\n<strong>Avdragare f\u00f6r nyckelkapsel:<\/strong> I keycap-setet ing\u00e5r en keycap-dragare som f\u00f6renklar processen med att ta bort och byta ut keycaps. Detta \u00e4r ett praktiskt verktyg f\u00f6r spelare som ofta \u00e4ndrar sina keycaps eller vill g\u00f6ra sitt tangentbord mer personligt.<\/p>","protected":false},"featured_media":2417,"comment_status":"open","ping_status":"closed","template":"","meta":[],"product_brand":[],"product_cat":[56,73],"product_tag":[],"class_list":{"0":"post-2409","1":"product","2":"type-product","3":"status-publish","4":"has-post-thumbnail","6":"product_cat-custom-shells-skins","7":"product_cat-keyboard-keycaps","9":"first","10":"instock","11":"shipping-taxable","12":"purchasable","13":"product-type-simple"},"_links":{"self":[{"href":"https:\/\/vavcase.com\/sv\/wp-json\/wp\/v2\/product\/2409","targetHints":{"allow":["GET"]}}],"collection":[{"href":"https:\/\/vavcase.com\/sv\/wp-json\/wp\/v2\/product"}],"about":[{"href":"https:\/\/vavcase.com\/sv\/wp-json\/wp\/v2\/types\/product"}],"replies":[{"embeddable":true,"href":"https:\/\/vavcase.com\/sv\/wp-json\/wp\/v2\/comments?post=2409"}],"wp:featuredmedia":[{"embeddable":true,"href":"https:\/\/vavcase.com\/sv\/wp-json\/wp\/v2\/media\/2417"}],"wp:attachment":[{"href":"https:\/\/vavcase.com\/sv\/wp-json\/wp\/v2\/media?parent=2409"}],"wp:term":[{"taxonomy":"product_brand","embeddable":true,"href":"https:\/\/vavcase.com\/sv\/wp-json\/wp\/v2\/product_brand?post=2409"},{"taxonomy":"product_cat","embeddable":true,"href":"https:\/\/vavcase.com\/sv\/wp-json\/wp\/v2\/product_cat?post=2409"},{"taxonomy":"product_tag","embeddable":true,"href":"https:\/\/vavcase.com\/sv\/wp-json\/wp\/v2\/product_tag?post=2409"}],"curies":[{"name":"wp","href":"https:\/\/api.w.org\/{rel}","templated":true}]}}