{"id":2418,"date":"2025-02-17T07:05:50","date_gmt":"2025-02-17T07:05:50","guid":{"rendered":"https:\/\/vavcase.com\/?post_type=product&#038;p=2418"},"modified":"2025-02-17T07:05:50","modified_gmt":"2025-02-17T07:05:50","slug":"xvx-pbt-keycaps-132-keys-great-wave-off-kanagawa-japanese-keyboard-keycaps","status":"publish","type":"product","link":"https:\/\/vavcase.com\/sv\/produkt\/xvx-pbt-keycaps-132-tangenter-stor-vag-utanfor-kanagawa-japanska-tangentbord-keycaps\/","title":{"rendered":"XVX PBT Keycaps 132 tangenter, Stora v\u00e5gen utanf\u00f6r Kanagawa Japanska tangentbord Keycaps"},"content":{"rendered":"<h2>Information om produkten<\/h2>\n<div class=\"a-row a-spacing-top-base\">\n<div class=\"a-column a-span6\">\n<div class=\"a-row a-spacing-base\">\n<div class=\"a-section table-padding\">\n<table id=\"productDetails_detailBullets_sections1\" class=\"a-keyvalue prodDetTable\" role=\"presentation\">\n<tbody>\n<tr>\n<th class=\"a-color-secondary a-size-base prodDetSectionEntry\">M\u00e5tt p\u00e5 paketet<\/th>\n<td class=\"a-size-base prodDetAttrValue\">13,54 x 5,35 x 1,89 tum<\/td>\n<\/tr>\n<tr>\n<th class=\"a-color-secondary a-size-base prodDetSectionEntry\">Artikel Vikt<\/th>\n<td class=\"a-size-base prodDetAttrValue\">1,01 pund<\/td>\n<\/tr>\n<tr>\n<th class=\"a-color-secondary a-size-base prodDetSectionEntry\">Tillverkare<\/th>\n<td class=\"a-size-base prodDetAttrValue\">SDYZ<\/td>\n<\/tr>\n<tr>\n<th class=\"a-color-secondary a-size-base prodDetSectionEntry\">ASIN<\/th>\n<td class=\"a-size-base prodDetAttrValue\">B0BJ1H33DM<\/td>\n<\/tr>\n<tr>\n<th class=\"a-color-secondary a-size-base prodDetSectionEntry\">Kundrecensioner<\/th>\n<td class=\"a-size-base\">\n<div id=\"averageCustomerReviews\" data-asin=\"B0BJ1H33DM\" data-ref=\"dpx_acr_pop_\"><span class=\"a-declarative\" data-action=\"acrStarsLink-click-metrics\" data-acrstarslink-click-metrics=\"{}\"><span id=\"acrPopover\" class=\"reviewCountTextLinkedHistogram noUnderline\" title=\"4,5 av 5 stj\u00e4rnor\"><a class=\"a-popover-trigger a-declarative\" role=\"button\"><span class=\"a-size-base a-color-base\">4.5\u00a0<\/span><i class=\"a-icon a-icon-star a-star-4-5 cm-cr-review-stars-spacing-big\"><span class=\"a-icon-alt\">4,5 av 5 stj\u00e4rnor<\/span><\/i>\u00a0<i class=\"a-icon a-icon-popover\"><\/i><\/a>\u00a0\u00a0<\/span><\/span>\u00a0<span class=\"a-declarative\" data-action=\"acrLink-click-metrics\" data-acrlink-click-metrics=\"{}\"><a id=\"acrCustomerReviewLink\" class=\"a-link-normal\" href=\"https:\/\/www.amazon.com\/Kanagawa-Japanese-Keyboard-Switches-Mechanical\/dp\/B0BJ1H33DM\/ref=sr_1_10?crid=1MXURFH0JMT6N&amp;dib=eyJ2IjoiMSJ9.bk_LRRkkgoeKRqxB4hALWI4llGS3niUWJ1wzrGcDu7SRCsOoilxTc-ubSQ0cYGXYHlGhnc5Ab1kYAp7-EFwRdBCL0IeuWz5jjJGzu6MSDcP1bHrqK1mdbiyKZoJX8DS9Fbbh-xENG5Hhv0ECYBd9x5r6FGzILK57Og2t0KouIcvRH-vVB4F36qXK-DzuL_DFqWZyQ0RJbVPpDnb-xgl4anKLBw7TUnOszKaremjiKXo.aP8qAnJX6wN62Wn6KjL8X2AOoygl5_2qG3uW8MhgwJM&amp;dib_tag=se&amp;keywords=Keyboard%2BKeycaps%2B%E2%80%93%2BGaming-themed%2BRGB%2Bkeycaps%2Bwith%2Bunique%2Bdesigns&amp;qid=1739775146&amp;sprefix=keyboard%2Bkeycaps%2Bgaming-themed%2Brgb%2Bkeycaps%2Bwith%2Bunique%2Bdesigns%2Caps%2C529&amp;sr=8-10&amp;th=1#customerReviews\"><span id=\"acrCustomerReviewText\" class=\"a-size-base\">413 betyg<\/span><\/a><\/span><\/div>\n<p>4,5 av 5 stj\u00e4rnor<\/td>\n<\/tr>\n<tr>\n<th class=\"a-color-secondary a-size-base prodDetSectionEntry\">B\u00e4sts\u00e4ljare Rank<\/th>\n<td>#49 i\u00a0<a href=\"https:\/\/www.amazon.com\/gp\/bestsellers\/pc\/36818458011\/ref=pd_zg_hrsr_pc\">Nyckelh\u00e5l<\/a><\/td>\n<\/tr>\n<tr>\n<th class=\"a-color-secondary a-size-base prodDetSectionEntry\">Datum F\u00f6rsta tillg\u00e4ngliga<\/th>\n<td class=\"a-size-base prodDetAttrValue\">13 oktober 2022<\/td>\n<\/tr>\n<\/tbody>\n<\/table>\n<\/div>\n<\/div>\n<\/div>\n<\/div>","protected":false},"excerpt":{"rendered":"<p><strong>Konstverk:<\/strong> De japanska keycaps anv\u00e4nder den sofistikerade femsidiga dye-sub-processen, vilket resulterar i ett mer levande f\u00e4rgm\u00f6nster som aldrig \u00e4r oljigt. Det intrikata m\u00f6nstret p\u00e5minner om konstverken p\u00e5 tangentbordet. Det finaste \u00e4r tack vare dig och din \u00e4lskade.<br \/>\n<strong>Kompatibilitet:<\/strong> Detta set med anpassade tangenter \u00e4r kompatibelt med de flesta mekaniska tangentbord med ASIN US- och UK-layout 61\/68\/84\/87\/96\/98\/100\/104\/108. Den inneh\u00e5ller 132 keycaps, inklusive 104 standardtangenter och 28 modifieringstangenter.<br \/>\n<strong>Slitstarkt PBT-material:<\/strong> Dessa PBT-nyckelknappar \u00e4r tillverkade av h\u00f6gkvalitativ, texturerad PBT som \u00e4r resistent mot l\u00f6sningsmedel, n\u00f6tning och friktion. Garanterar en f\u00f6rb\u00e4ttrad anv\u00e4ndarupplevelse.<\/p>\n<p>\"Classic Cherry Profile Keycaps\"Keycappen \u00e4r konstruerad f\u00f6r att ge den mest exceptionella skrivupplevelsen, med den ikoniska Cherry-profilen. \u00c4ven om du anv\u00e4nder den under en l\u00e4ngre tid i en arbets- eller spelmilj\u00f6 kommer du inte att uppleva tr\u00f6tthet.<br \/>\n<strong>Vad du f\u00e5r:<\/strong> 1\u00d7132 Keycap-set (nyckelavdragare ing\u00e5r), v\u00e5r bekymmersfria 18-m\u00e5nadersgaranti och tillm\u00f6tesg\u00e5ende kundtj\u00e4nst. Inget tangentbord ing\u00e5r, endast keycaps.<\/p>","protected":false},"featured_media":2425,"comment_status":"open","ping_status":"closed","template":"","meta":[],"product_brand":[],"product_cat":[56,73],"product_tag":[],"class_list":{"0":"post-2418","1":"product","2":"type-product","3":"status-publish","4":"has-post-thumbnail","6":"product_cat-custom-shells-skins","7":"product_cat-keyboard-keycaps","9":"first","10":"instock","11":"shipping-taxable","12":"purchasable","13":"product-type-simple"},"_links":{"self":[{"href":"https:\/\/vavcase.com\/sv\/wp-json\/wp\/v2\/product\/2418","targetHints":{"allow":["GET"]}}],"collection":[{"href":"https:\/\/vavcase.com\/sv\/wp-json\/wp\/v2\/product"}],"about":[{"href":"https:\/\/vavcase.com\/sv\/wp-json\/wp\/v2\/types\/product"}],"replies":[{"embeddable":true,"href":"https:\/\/vavcase.com\/sv\/wp-json\/wp\/v2\/comments?post=2418"}],"wp:featuredmedia":[{"embeddable":true,"href":"https:\/\/vavcase.com\/sv\/wp-json\/wp\/v2\/media\/2425"}],"wp:attachment":[{"href":"https:\/\/vavcase.com\/sv\/wp-json\/wp\/v2\/media?parent=2418"}],"wp:term":[{"taxonomy":"product_brand","embeddable":true,"href":"https:\/\/vavcase.com\/sv\/wp-json\/wp\/v2\/product_brand?post=2418"},{"taxonomy":"product_cat","embeddable":true,"href":"https:\/\/vavcase.com\/sv\/wp-json\/wp\/v2\/product_cat?post=2418"},{"taxonomy":"product_tag","embeddable":true,"href":"https:\/\/vavcase.com\/sv\/wp-json\/wp\/v2\/product_tag?post=2418"}],"curies":[{"name":"wp","href":"https:\/\/api.w.org\/{rel}","templated":true}]}}