{"id":2426,"date":"2025-02-17T07:11:02","date_gmt":"2025-02-17T07:11:02","guid":{"rendered":"https:\/\/vavcase.com\/?post_type=product&#038;p=2426"},"modified":"2025-02-17T07:11:02","modified_gmt":"2025-02-17T07:11:02","slug":"womier-pbt-keycaps-60-65-75-100-percent-moa-keycaps-dye-sublimation","status":"publish","type":"product","link":"https:\/\/vavcase.com\/sv\/produkt\/womier-pbt-nyckelhattar-60-65-75-100-procent-moa-nyckelhattar-farg-sublimering\/","title":{"rendered":"Womier PBT nyckelkapslar 60 65 75 100 procent, MOA nyckelkapslar f\u00e4rg-sublimering"},"content":{"rendered":"<h2>Information om produkten<\/h2>\n<div class=\"a-row a-spacing-top-base\">\n<div class=\"a-column a-span6\">\n<div class=\"a-row a-spacing-base\">\n<div class=\"a-row a-expander-container a-expander-extend-container\">\n<div class=\"a-row\">\n<div class=\"a-column a-span6\">\n<h1 class=\"a-size-medium a-spacing-small\">Tekniska detaljer<\/h1>\n<\/div>\n<p><i class=\"a-icon a-icon-extender-collapse\"><\/i><\/div>\n<div class=\"a-expander-content a-expander-extend-content\" data-expanded=\"true\">\n<div class=\"a-row a-expander-container a-expander-inline-container\">\n<div class=\"a-expander-content a-expander-section-content a-section-expander-inner\" data-expanded=\"true\">\n<table id=\"productDetails_techSpec_section_1\" class=\"a-keyvalue prodDetTable\" role=\"presentation\">\n<tbody>\n<tr>\n<th class=\"a-color-secondary a-size-base prodDetSectionEntry\">Varum\u00e4rke<\/th>\n<td class=\"a-size-base prodDetAttrValue\">Womier<\/td>\n<\/tr>\n<tr>\n<th class=\"a-color-secondary a-size-base prodDetSectionEntry\">Artikel Vikt<\/th>\n<td class=\"a-size-base prodDetAttrValue\">15,2 ounces<\/td>\n<\/tr>\n<tr>\n<th class=\"a-color-secondary a-size-base prodDetSectionEntry\">M\u00e5tt p\u00e5 paketet<\/th>\n<td class=\"a-size-base prodDetAttrValue\">10,04 x 5,94 x 1,65 tum<\/td>\n<\/tr>\n<tr>\n<th class=\"a-color-secondary a-size-base prodDetSectionEntry\">F\u00e4rg<\/th>\n<td class=\"a-size-base prodDetAttrValue\">Svart1<\/td>\n<\/tr>\n<tr>\n<th class=\"a-color-secondary a-size-base prodDetSectionEntry\">Str\u00f6mk\u00e4lla<\/th>\n<td class=\"a-size-base prodDetAttrValue\">Kabelansluten<\/td>\n<\/tr>\n<tr>\n<th class=\"a-color-secondary a-size-base prodDetSectionEntry\">Tillverkare<\/th>\n<td class=\"a-size-base prodDetAttrValue\">Womier<\/td>\n<\/tr>\n<tr>\n<th class=\"a-color-secondary a-size-base prodDetSectionEntry\">ASIN<\/th>\n<td class=\"a-size-base prodDetAttrValue\">B0D598CMF3<\/td>\n<\/tr>\n<\/tbody>\n<\/table>\n<\/div>\n<\/div>\n<\/div>\n<\/div>\n<\/div>\n<\/div>\n<\/div>","protected":false},"excerpt":{"rendered":"<p><strong>Kanagawa PBT Japanska nyckelkapslar:<\/strong> MOA keycaps kompletteras av det klassiska m\u00f6nstret kanagawa, som ger en uppfriskande estetik. Nyckelhuvudena har l\u00e5ng livsl\u00e4ngd, \u00e4r motst\u00e5ndskraftiga mot oljefl\u00e4ckar och \u00e4r mer anpassningsbara till japanska nyckelhuvuden tack vare den avancerade femsidiga f\u00e4rgprocessen.<br \/>\nMOA-nyckelhattar ing\u00e5r. Den f\u00f6rb\u00e4ttrade MOA-profilen \u00e4r mer estetiskt tilltalande \u00e4n XDA-knappsatsen. En stressfri upplevelse underl\u00e4ttas av den ergonomiska komforten i Arc-layouten, som har en konkav b\u00e5ge, ett st\u00f6rre omr\u00e5de d\u00e4r fingertopparna kommer i kontakt med tangentlocket och en mer silkeslen touch. Ger dig h\u00f6gsta m\u00f6jliga komfort under anv\u00e4ndning.<br \/>\n<strong>Tangentbordsk\u00e5por med Dye-Sublimation Technology:\u00a0<\/strong> Den matta strukturen och slitstyrkan hos detta tangentlock \u00e4r ett resultat av dess konstruktion av h\u00f6gkvalitativt PBT-tangentmaterial. Keycaps som \u00e4r tjockare ger anv\u00e4ndarna en mer taktil upplevelse. Sublimeringstekniken som anv\u00e4nds f\u00f6r att skapa m\u00f6nstret p\u00e5 keycapen s\u00e4kerst\u00e4ller att det aldrig kommer att f\u00f6rsvinna.<\/p>\n<p><strong>Keycaps Set Kompatibilitet:<\/strong> Detta mekaniska tangentbord \u00e4r kompatibelt med ASIN US och UK layout. Dessutom \u00e4r det kompatibelt med tangentbord som \u00e4r 60%, 65%, 75%, 80% eller 100%. Knappsatserna \u00e4r kompatibla med alla tangentbrytare som har korsformade brytare. Det \u00e4r ett klokt beslut att konstruera ditt mekaniska tangentbord sj\u00e4lvst\u00e4ndigt.<br \/>\n<strong>Anpassade nyckelhuvuden Tips:<\/strong> Denna artikel inneh\u00e5ller en tangentkapselutdragare och tangentkapslar i full storlek, men inte ett tangentbord. Syftet med tangentbordet p\u00e5 de medf\u00f6ljande bilderna \u00e4r att illustrera. Tveka inte att kontakta oss om du st\u00f6ter p\u00e5 n\u00e5gra problem med den produkt du har f\u00e5tt. Vi kommer att vara n\u00e4rvarande tills ditt problem \u00e4r l\u00f6st.<\/p>","protected":false},"featured_media":2432,"comment_status":"open","ping_status":"closed","template":"","meta":[],"product_brand":[],"product_cat":[56,73],"product_tag":[],"class_list":{"0":"post-2426","1":"product","2":"type-product","3":"status-publish","4":"has-post-thumbnail","6":"product_cat-custom-shells-skins","7":"product_cat-keyboard-keycaps","9":"first","10":"instock","11":"shipping-taxable","12":"purchasable","13":"product-type-simple"},"_links":{"self":[{"href":"https:\/\/vavcase.com\/sv\/wp-json\/wp\/v2\/product\/2426","targetHints":{"allow":["GET"]}}],"collection":[{"href":"https:\/\/vavcase.com\/sv\/wp-json\/wp\/v2\/product"}],"about":[{"href":"https:\/\/vavcase.com\/sv\/wp-json\/wp\/v2\/types\/product"}],"replies":[{"embeddable":true,"href":"https:\/\/vavcase.com\/sv\/wp-json\/wp\/v2\/comments?post=2426"}],"wp:featuredmedia":[{"embeddable":true,"href":"https:\/\/vavcase.com\/sv\/wp-json\/wp\/v2\/media\/2432"}],"wp:attachment":[{"href":"https:\/\/vavcase.com\/sv\/wp-json\/wp\/v2\/media?parent=2426"}],"wp:term":[{"taxonomy":"product_brand","embeddable":true,"href":"https:\/\/vavcase.com\/sv\/wp-json\/wp\/v2\/product_brand?post=2426"},{"taxonomy":"product_cat","embeddable":true,"href":"https:\/\/vavcase.com\/sv\/wp-json\/wp\/v2\/product_cat?post=2426"},{"taxonomy":"product_tag","embeddable":true,"href":"https:\/\/vavcase.com\/sv\/wp-json\/wp\/v2\/product_tag?post=2426"}],"curies":[{"name":"wp","href":"https:\/\/api.w.org\/{rel}","templated":true}]}}