{"id":2433,"date":"2025-02-17T07:16:06","date_gmt":"2025-02-17T07:16:06","guid":{"rendered":"https:\/\/vavcase.com\/?post_type=product&#038;p=2433"},"modified":"2025-02-17T07:16:27","modified_gmt":"2025-02-17T07:16:27","slug":"dagaladoo-pbt-keycaps-60-75-percentshine-through-custom-key-capdouble-shot-keyboard-caps","status":"publish","type":"product","link":"https:\/\/vavcase.com\/sv\/produkt\/dagaladoo-pbt-keycaps-60-75-procentshine-through-custom-key-capdouble-shot-keyboard-caps\/","title":{"rendered":"Dagaladoo PBT tangentbordsk\u00e5por 60 75 procent, Shine Through Custom Key Cap, Double Shot tangentbordsk\u00e5por"},"content":{"rendered":"<h2>Information om produkten<\/h2>\n<div class=\"a-row a-spacing-top-base\">\n<div class=\"a-column a-span6\">\n<div class=\"a-row a-spacing-base\">\n<div class=\"a-section table-padding\">\n<table id=\"productDetails_detailBullets_sections1\" class=\"a-keyvalue prodDetTable\" role=\"presentation\">\n<tbody>\n<tr>\n<th class=\"a-color-secondary a-size-base prodDetSectionEntry\">Produktens m\u00e5tt<\/th>\n<td class=\"a-size-base prodDetAttrValue\">10 x 6 x 1 tum<\/td>\n<\/tr>\n<tr>\n<th class=\"a-color-secondary a-size-base prodDetSectionEntry\">Artikel Vikt<\/th>\n<td class=\"a-size-base prodDetAttrValue\">13,4 gram<\/td>\n<\/tr>\n<tr>\n<th class=\"a-color-secondary a-size-base prodDetSectionEntry\">Tillverkare<\/th>\n<td class=\"a-size-base prodDetAttrValue\">dagaladoo<\/td>\n<\/tr>\n<tr>\n<th class=\"a-color-secondary a-size-base prodDetSectionEntry\">ASIN<\/th>\n<td class=\"a-size-base prodDetAttrValue\">B0CP7NZCQY<\/td>\n<\/tr>\n<tr>\n<th class=\"a-color-secondary a-size-base prodDetSectionEntry\">Artikelns modellnummer<\/th>\n<td class=\"a-size-base prodDetAttrValue\">luoriyuhui<\/td>\n<\/tr>\n<tr>\n<th class=\"a-color-secondary a-size-base prodDetSectionEntry\">Kundrecensioner<\/th>\n<td class=\"a-size-base\">\n<div id=\"averageCustomerReviews\" data-asin=\"B0CP7NZCQY\" data-ref=\"dpx_acr_pop_\"><span class=\"a-declarative\" data-action=\"acrStarsLink-click-metrics\" data-acrstarslink-click-metrics=\"{}\"><span id=\"acrPopover\" class=\"reviewCountTextLinkedHistogram noUnderline\" title=\"4,3 av 5 stj\u00e4rnor\"><a class=\"a-popover-trigger a-declarative\" role=\"button\"><span class=\"a-size-base a-color-base\">4.3\u00a0<\/span><i class=\"a-icon a-icon-star a-star-4-5 cm-cr-review-stars-spacing-big\"><span class=\"a-icon-alt\">4,3 av 5 stj\u00e4rnor<\/span><\/i>\u00a0<i class=\"a-icon a-icon-popover\"><\/i><\/a>\u00a0\u00a0<\/span><\/span>\u00a0<span class=\"a-declarative\" data-action=\"acrLink-click-metrics\" data-acrlink-click-metrics=\"{}\"><a id=\"acrCustomerReviewLink\" class=\"a-link-normal\" href=\"https:\/\/www.amazon.com\/Printed-Keyboard-Kanagawa-Switches-Mechanical\/dp\/B0CP7NZCQY\/ref=sr_1_18?crid=1MXURFH0JMT6N&amp;dib=eyJ2IjoiMSJ9.bk_LRRkkgoeKRqxB4hALWI4llGS3niUWJ1wzrGcDu7SRCsOoilxTc-ubSQ0cYGXYHlGhnc5Ab1kYAp7-EFwRdBCL0IeuWz5jjJGzu6MSDcP1bHrqK1mdbiyKZoJX8DS9Fbbh-xENG5Hhv0ECYBd9x5r6FGzILK57Og2t0KouIcvRH-vVB4F36qXK-DzuL_DFqWZyQ0RJbVPpDnb-xgl4anKLBw7TUnOszKaremjiKXo.aP8qAnJX6wN62Wn6KjL8X2AOoygl5_2qG3uW8MhgwJM&amp;dib_tag=se&amp;keywords=Keyboard%2BKeycaps%2B%E2%80%93%2BGaming-themed%2BRGB%2Bkeycaps%2Bwith%2Bunique%2Bdesigns&amp;qid=1739775146&amp;sprefix=keyboard%2Bkeycaps%2Bgaming-themed%2Brgb%2Bkeycaps%2Bwith%2Bunique%2Bdesigns%2Caps%2C529&amp;sr=8-18&amp;th=1#customerReviews\"><span id=\"acrCustomerReviewText\" class=\"a-size-base\">124 betyg<\/span><\/a><\/span><\/div>\n<p>4,3 av 5 stj\u00e4rnor<\/td>\n<\/tr>\n<tr>\n<th class=\"a-color-secondary a-size-base prodDetSectionEntry\">B\u00e4sts\u00e4ljare Rank<\/th>\n<td>#53 i\u00a0<a href=\"https:\/\/www.amazon.com\/gp\/bestsellers\/pc\/36818458011\/ref=pd_zg_hrsr_pc\">Nyckelh\u00e5l<\/a><\/td>\n<\/tr>\n<\/tbody>\n<\/table>\n<\/div>\n<\/div>\n<\/div>\n<\/div>","protected":false},"excerpt":{"rendered":"<p><strong>Innovativ 3-i-1-design:<\/strong> Denna keycap \u00e4r den f\u00f6rsta som integrerar Double Shot Craft och termisk sublimering, vilket resulterar i en unik design som inte bara bibeh\u00e5ller det uts\u00f6kta m\u00f6nstret utan ocks\u00e5 sl\u00e4pper igenom ljus.f\u00f6r att f\u00f6rhindra att direkt solljus skiner upp\u00e5t anv\u00e4nds sidobokst\u00e4ver.detta \u00e4r en idealisk l\u00f6sning som erbjuder m\u00e5nga f\u00f6rdelar.reflektera tangentbordets elegans, men hindra inte din syn.<br \/>\n<strong>Double Shot PBT Nyckelkapslar:<\/strong> Dagaladoo Keycap Set \u00e4r ett bevis p\u00e5 kvaliteten p\u00e5 PBT-tangenter, eftersom deras legender aldrig kommer att blekna. I j\u00e4mf\u00f6relse med ABS-material har PBT-nycklar en mer taktil k\u00e4nsla och kan anv\u00e4ndas under en l\u00e4ngre period. Det \u00e4r sv\u00e5rt att bli oljig p\u00e5 grund av dess torrhet.<br \/>\n<strong>Mycket kompatibel:<\/strong> Det finns 130 tangenter i denna anpassade keycap-upps\u00e4ttning. Den \u00e4r kompatibel med de flesta tangentbord, inklusive de som \u00e4r 60%, 65%, 75%, 80%, 96% och 100% (61\/64, 68, 84, 75, 87, 96, 98, 104 och 108).Kontakta \u00e5terf\u00f6rs\u00e4ljaren innan du k\u00f6per vissa tangentbords mellanslagstangenter, eftersom de \u00e4r unika. Kontrollera l\u00e4mpligheten av v\u00e5rt 6,25U mellanslag innan du g\u00f6r ett k\u00f6p.<\/p>\n<p><strong>Nyckelkapsel med k\u00f6rsb\u00e4rsprofil:<\/strong> Designen \u00e4r klassisk. Ur ergonomisk synvinkel blir den inte tr\u00f6tt efter l\u00e5ngvarig anv\u00e4ndning. Ergonomisk design med k\u00f6rsb\u00e4rsh\u00f6jd, l\u00e4mplig f\u00f6r mekaniska tangentbord som \u00e4r antingen bakgrundsbelysta eller icke-bakgrundsbelysta.<br \/>\n<strong>Kvalitetss\u00e4kring:<\/strong> Kontakta oss via e-post om den produkt du har f\u00e5tt saknas eller \u00e4r skadad. (Tangentk\u00e5porna \u00e4r det enda f\u00f6rem\u00e5let; tangentbordet \u00e4r endast f\u00f6r visuella \u00e4ndam\u00e5l).<\/p>","protected":false},"featured_media":2434,"comment_status":"open","ping_status":"closed","template":"","meta":[],"product_brand":[],"product_cat":[56,73],"product_tag":[],"class_list":{"0":"post-2433","1":"product","2":"type-product","3":"status-publish","4":"has-post-thumbnail","6":"product_cat-custom-shells-skins","7":"product_cat-keyboard-keycaps","9":"first","10":"instock","11":"shipping-taxable","12":"purchasable","13":"product-type-simple"},"_links":{"self":[{"href":"https:\/\/vavcase.com\/sv\/wp-json\/wp\/v2\/product\/2433","targetHints":{"allow":["GET"]}}],"collection":[{"href":"https:\/\/vavcase.com\/sv\/wp-json\/wp\/v2\/product"}],"about":[{"href":"https:\/\/vavcase.com\/sv\/wp-json\/wp\/v2\/types\/product"}],"replies":[{"embeddable":true,"href":"https:\/\/vavcase.com\/sv\/wp-json\/wp\/v2\/comments?post=2433"}],"wp:featuredmedia":[{"embeddable":true,"href":"https:\/\/vavcase.com\/sv\/wp-json\/wp\/v2\/media\/2434"}],"wp:attachment":[{"href":"https:\/\/vavcase.com\/sv\/wp-json\/wp\/v2\/media?parent=2433"}],"wp:term":[{"taxonomy":"product_brand","embeddable":true,"href":"https:\/\/vavcase.com\/sv\/wp-json\/wp\/v2\/product_brand?post=2433"},{"taxonomy":"product_cat","embeddable":true,"href":"https:\/\/vavcase.com\/sv\/wp-json\/wp\/v2\/product_cat?post=2433"},{"taxonomy":"product_tag","embeddable":true,"href":"https:\/\/vavcase.com\/sv\/wp-json\/wp\/v2\/product_tag?post=2433"}],"curies":[{"name":"wp","href":"https:\/\/api.w.org\/{rel}","templated":true}]}}