{"id":2447,"date":"2025-02-17T08:42:10","date_gmt":"2025-02-17T08:42:10","guid":{"rendered":"https:\/\/vavcase.com\/?post_type=product&#038;p=2447"},"modified":"2025-02-17T08:48:19","modified_gmt":"2025-02-17T08:48:19","slug":"topographic-large-gaming-mouse-padwhite-mouse-pad-gaming-mouse-mat-desk-pad","status":"publish","type":"product","link":"https:\/\/vavcase.com\/sv\/produkt\/topographic-stor-spelmusmattavit-musmatta-spelmusmatta-skrivbordsmatta\/","title":{"rendered":"Topographic stor spelmusmatta,vit musmatta spelmusmatta skrivbordsmatta med fodral"},"content":{"rendered":"<h2>Information om produkten<\/h2>\n<div class=\"a-row a-spacing-top-base\">\n<div class=\"a-column a-span6\">\n<div class=\"a-row a-spacing-base\">\n<div class=\"a-row a-expander-container a-expander-extend-container\">\n<div class=\"a-row\">\n<div class=\"a-column a-span6\">\n<h1 class=\"a-size-medium a-spacing-small\">Tekniska detaljer<\/h1>\n<\/div>\n<\/div>\n<div class=\"a-expander-content a-expander-extend-content\" data-expanded=\"true\">\n<div class=\"a-row a-expander-container a-expander-inline-container\">\n<div class=\"a-expander-content a-expander-section-content a-section-expander-inner\" data-expanded=\"true\">\n<table id=\"productDetails_techSpec_section_1\" class=\"a-keyvalue prodDetTable\" role=\"presentation\">\n<tbody>\n<tr>\n<th class=\"a-color-secondary a-size-base prodDetSectionEntry\">Tillverkare<\/th>\n<td class=\"a-size-base prodDetAttrValue\">Kmtpeds<\/td>\n<\/tr>\n<tr>\n<th class=\"a-color-secondary a-size-base prodDetSectionEntry\">Varum\u00e4rke<\/th>\n<td class=\"a-size-base prodDetAttrValue\">Kmtpeds<\/td>\n<\/tr>\n<tr>\n<th class=\"a-color-secondary a-size-base prodDetSectionEntry\">Artikel Vikt<\/th>\n<td class=\"a-size-base prodDetAttrValue\">15,8 gram<\/td>\n<\/tr>\n<tr>\n<th class=\"a-color-secondary a-size-base prodDetSectionEntry\">Produktens m\u00e5tt<\/th>\n<td class=\"a-size-base prodDetAttrValue\">11,81 x 31,5 x 0,1 tum<\/td>\n<\/tr>\n<tr>\n<th class=\"a-color-secondary a-size-base prodDetSectionEntry\">Artikelns modellnummer<\/th>\n<td class=\"a-size-base prodDetAttrValue\">668<\/td>\n<\/tr>\n<tr>\n<th class=\"a-color-secondary a-size-base prodDetSectionEntry\">F\u00e4rg<\/th>\n<td class=\"a-size-base prodDetAttrValue\">Vit topografisk kontur<\/td>\n<\/tr>\n<tr>\n<th class=\"a-color-secondary a-size-base prodDetSectionEntry\">Form<\/th>\n<td class=\"a-size-base prodDetAttrValue\">Rektangul\u00e4r<\/td>\n<\/tr>\n<tr>\n<th class=\"a-color-secondary a-size-base prodDetSectionEntry\">Materialtyp<\/th>\n<td class=\"a-size-base prodDetAttrValue\">Gummi<\/td>\n<\/tr>\n<tr>\n<th class=\"a-color-secondary a-size-base prodDetSectionEntry\">Storlek<\/th>\n<td class=\"a-size-base prodDetAttrValue\">En storlek<\/td>\n<\/tr>\n<tr>\n<th class=\"a-color-secondary a-size-base prodDetSectionEntry\">Tillverkarens artikelnummer<\/th>\n<td class=\"a-size-base prodDetAttrValue\">Musmatta-666<\/td>\n<\/tr>\n<\/tbody>\n<\/table>\n<\/div>\n<\/div>\n<\/div>\n<\/div>\n<\/div>\n<\/div>\n<\/div>","protected":false},"excerpt":{"rendered":"<p><strong>F\u00f6rl\u00e4ngd storlek p\u00e5 musmatta:<\/strong> Den vita och svarta musmattan m\u00e4ter 30 x 80 x 3 cm (31,5 x 11,8 tum) och \u00e4r utformad f\u00f6r att rymma en mus, ett mekaniskt tangentbord i full storlek och andra skrivbordsartiklar. Dessutom kan denna f\u00f6rl\u00e4ngda musmatta anv\u00e4ndas som skrivbordsunderl\u00e4gg, skrivunderl\u00e4gg eller skyddsmatta f\u00f6r plattformen. H\u00e5ll ditt skrivbord rent och fritt fr\u00e5n skr\u00e4p.<\/p>\n<p><strong>Slitstarkt och bekv\u00e4mt material:<\/strong> Det japanska Waves Sea Dragon Mouse Pad-materialet \u00e4r tjockt och mjukt att ta p\u00e5, vilket kan hj\u00e4lpa till att d\u00e4mpa ljud n\u00e4r du skriver tungt. V\u00e5r fullst\u00e4ndiga skrivbordsmusmatta, som \u00e4r 3 millimeter tjock, ger ett bekv\u00e4mt grepp f\u00f6r dina h\u00e4nder. Skrivbordsmusmattan har fina sydda kanter och \u00e4r individuellt handgjord med h\u00f6gkvalitativt utf\u00f6rande f\u00f6r att f\u00f6rhindra fransning, deformation och avmattning under l\u00e5ngvarig anv\u00e4ndning. Den \u00e4r bekv\u00e4m att anv\u00e4nda. Datormusmattan \u00e4r tjock och ger en mjuk k\u00e4nsla vid ber\u00f6ring.<\/p>\n<p><strong>F\u00f6rl\u00e4ngd skrivbordsunderl\u00e4gg med extremt sl\u00e4t yta:<\/strong> Detta f\u00f6rl\u00e4ngda skrivbordsunderl\u00e4gg har en vit och svart japansk design med v\u00e5gor och havsdrakar. Den \u00e4r extremt slitstark och kan enkelt reng\u00f6ras med en v\u00e5t trasa eller tv\u00e4ttas, utan att deformeras. Musmattan best\u00e5r av en mjuk och sl\u00e4t yta som skyddas av ett fint tyg. Denna yta underl\u00e4ttar snabb och exakt sp\u00e5rning av musen och optimerar d\u00e4rmed spel- eller arbetsupplevelsen.<\/p>\n<p><strong>Vattenavvisande bel\u00e4ggning:<\/strong> Denna japanska v\u00e5gor havsdrake spelbordsmatta f\u00f6r skrivbord, spills\u00e4ker bel\u00e4ggning skyddar ditt skrivbord fr\u00e5n spillt vatten, drycker, bl\u00e4ck och annan flytande spilld v\u00e4tska eller andra olyckor. Den \u00e4r enkel att reng\u00f6ra; torka helt enkelt av den med en fuktig trasa eller papper. Den \u00e4r vattent\u00e4t och kan tv\u00e4ttas, och den \u00e4r vikbar utan att l\u00e4mna n\u00e5gra veck. Dessutom \u00e4r den l\u00e4tt och b\u00e4rbar. Den stora spelmusmattan erbjuder en f\u00e4rgstark, vattent\u00e4t och skyddande yta f\u00f6r ditt skrivbord hemma p\u00e5 kontoret.<br \/>\n<strong>Slitstarka sydda kanter:<\/strong> Denna musmatta med japanska v\u00e5gor och havsdrake har fina kanter som kan f\u00f6rhindra slitage. Senaste s\u00f6mnadstekniken garanterar att musmattan inte kommer att deformeras eller slitas under anv\u00e4ndning. Den sydda ramen garanterar att den inte kommer att fransas eller demonteras, vilket \u00e4r fallet med andra musmattor. Den bidrar ocks\u00e5 till den moderna och professionella atmosf\u00e4ren p\u00e5 ditt kontor n\u00e4r den placeras p\u00e5 skrivbordet.<\/p>","protected":false},"featured_media":2453,"comment_status":"open","ping_status":"closed","template":"","meta":[],"product_brand":[],"product_cat":[66,58],"product_tag":[],"class_list":{"0":"post-2447","1":"product","2":"type-product","3":"status-publish","4":"has-post-thumbnail","6":"product_cat-mousepad-cases","7":"product_cat-setup-accessories","9":"first","10":"instock","11":"shipping-taxable","12":"purchasable","13":"product-type-simple"},"_links":{"self":[{"href":"https:\/\/vavcase.com\/sv\/wp-json\/wp\/v2\/product\/2447","targetHints":{"allow":["GET"]}}],"collection":[{"href":"https:\/\/vavcase.com\/sv\/wp-json\/wp\/v2\/product"}],"about":[{"href":"https:\/\/vavcase.com\/sv\/wp-json\/wp\/v2\/types\/product"}],"replies":[{"embeddable":true,"href":"https:\/\/vavcase.com\/sv\/wp-json\/wp\/v2\/comments?post=2447"}],"wp:featuredmedia":[{"embeddable":true,"href":"https:\/\/vavcase.com\/sv\/wp-json\/wp\/v2\/media\/2453"}],"wp:attachment":[{"href":"https:\/\/vavcase.com\/sv\/wp-json\/wp\/v2\/media?parent=2447"}],"wp:term":[{"taxonomy":"product_brand","embeddable":true,"href":"https:\/\/vavcase.com\/sv\/wp-json\/wp\/v2\/product_brand?post=2447"},{"taxonomy":"product_cat","embeddable":true,"href":"https:\/\/vavcase.com\/sv\/wp-json\/wp\/v2\/product_cat?post=2447"},{"taxonomy":"product_tag","embeddable":true,"href":"https:\/\/vavcase.com\/sv\/wp-json\/wp\/v2\/product_tag?post=2447"}],"curies":[{"name":"wp","href":"https:\/\/api.w.org\/{rel}","templated":true}]}}