{"id":2455,"date":"2025-02-17T08:47:59","date_gmt":"2025-02-17T08:47:59","guid":{"rendered":"https:\/\/vavcase.com\/?post_type=product&#038;p=2455"},"modified":"2025-02-17T08:47:59","modified_gmt":"2025-02-17T08:47:59","slug":"hystar-extended-gaming-mouse-pad-xxl-36-x-16-5mm-thick-waterproof-surface-with-case","status":"publish","type":"product","link":"https:\/\/vavcase.com\/sv\/produkt\/hystar-extended-gaming-musmatta-xxl-36-x-16-5mm-tjock-vattentat-yta-med-fodral\/","title":{"rendered":"Hystar Extended Gaming Mouse Pad XXL 36\u2033 x 16\u2033 5mm tjock, vattent\u00e4t yta med fodral"},"content":{"rendered":"<h2>Information om produkten<\/h2>\n<div class=\"a-row a-spacing-top-base\">\n<div class=\"a-column a-span6\">\n<div class=\"a-row a-spacing-base\">\n<div class=\"a-row a-expander-container a-expander-extend-container\">\n<div class=\"a-row\">\n<div class=\"a-column a-span6\">\n<h1 class=\"a-size-medium a-spacing-small\">Tekniska detaljer<\/h1>\n<\/div>\n<p><i class=\"a-icon a-icon-extender-collapse\"><\/i><\/div>\n<div class=\"a-expander-content a-expander-extend-content\" data-expanded=\"true\">\n<div class=\"a-row a-expander-container a-expander-inline-container\">\n<div class=\"a-expander-content a-expander-section-content a-section-expander-inner\" data-expanded=\"true\">\n<table id=\"productDetails_techSpec_section_1\" class=\"a-keyvalue prodDetTable\" role=\"presentation\">\n<tbody>\n<tr>\n<th class=\"a-color-secondary a-size-base prodDetSectionEntry\">Varum\u00e4rke<\/th>\n<td class=\"a-size-base prodDetAttrValue\">Hystar<\/td>\n<\/tr>\n<tr>\n<th class=\"a-color-secondary a-size-base prodDetSectionEntry\">Artikelns modellnummer<\/th>\n<td class=\"a-size-base prodDetAttrValue\">Mytisk drake<\/td>\n<\/tr>\n<tr>\n<th class=\"a-color-secondary a-size-base prodDetSectionEntry\">Artikel Vikt<\/th>\n<td class=\"a-size-base prodDetAttrValue\">2,91 pund<\/td>\n<\/tr>\n<tr>\n<th class=\"a-color-secondary a-size-base prodDetSectionEntry\">Produktens m\u00e5tt<\/th>\n<td class=\"a-size-base prodDetAttrValue\">16 x 36 x 0,04 tum<\/td>\n<\/tr>\n<tr>\n<th class=\"a-color-secondary a-size-base prodDetSectionEntry\">Artikel M\u00e5tt LxBxH<\/th>\n<td class=\"a-size-base prodDetAttrValue\">16 x 36 x 0,04 tum<\/td>\n<\/tr>\n<tr>\n<th class=\"a-color-secondary a-size-base prodDetSectionEntry\">F\u00e4rg<\/th>\n<td class=\"a-size-base prodDetAttrValue\">r\u00f6d<\/td>\n<\/tr>\n<tr>\n<th class=\"a-color-secondary a-size-base prodDetSectionEntry\">Tillverkare<\/th>\n<td class=\"a-size-base prodDetAttrValue\">Hystar<\/td>\n<\/tr>\n<tr>\n<th class=\"a-color-secondary a-size-base prodDetSectionEntry\">ASIN<\/th>\n<td class=\"a-size-base prodDetAttrValue\">B0CCX6N7JN<\/td>\n<\/tr>\n<\/tbody>\n<\/table>\n<\/div>\n<\/div>\n<\/div>\n<\/div>\n<\/div>\n<\/div>\n<\/div>","protected":false},"excerpt":{"rendered":"<p><strong>Anpassade konstverk<\/strong> - V\u00e5rt signaturkonstverk \u00e4r utformat speciellt f\u00f6r din arbetsstation. Detta mittstycke \u00e4r det perfekta s\u00e4ttet att vitalisera din installation, med sina handplockade f\u00e4rger och m\u00f6nster som s\u00f6ml\u00f6st integreras i din befintliga installation.<br \/>\n<strong>Vattenavvisande design<\/strong> - S\u00e4g adj\u00f6 till den obehagliga, tr\u00f6ga upplevelse som ofta f\u00f6rknippas med andra dynor. V\u00e5r mattas vattenavvisande design f\u00f6rhindrar olyckor, st\u00e5r emot fukt och garanterar att den \u00e4r enkel att reng\u00f6ra.<br \/>\n<strong>F\u00f6rstklassiga material<\/strong> - Tillverkad f\u00f6r hand av naturgummi och tyg av h\u00f6gsta kvalitet. V\u00e5rt silkeslena polyestertyg \u00e4r konstruerat f\u00f6r att t\u00e5la m\u00e5nga \u00e5rs anv\u00e4ndning och reng\u00f6ring utan att n\u00e5gonsin blekna, tack vare v\u00e5rt aldrig blekande tryck. V\u00e5r milj\u00f6v\u00e4nliga baksida av naturgummi \u00e4r oskadlig och greppv\u00e4nlig, vilket garanterar h\u00f6gsta m\u00f6jliga stabilitet.<\/p>\n<p><strong>Ultra-tjock<\/strong> - Kvalitet som \u00e4r p\u00e5taglig fr\u00e5n det \u00f6gonblick den \u00f6ppnas. Tjockare \u00e4n 5 mm eller 0,20 \u2033. Det \u00e4r 40% tjockare \u00e4n majoriteten av andra m\u00e4rken. V\u00e5r kraftiga design ger f\u00f6rb\u00e4ttrad komfort, l\u00e4ngre h\u00e5llbarhet och \u00f6kad styrka.<br \/>\n<strong>M\u00e5tt:<\/strong> 36 tum x 16 tum, eller cirka 900 millimeter x 400 millimeter<\/p>","protected":false},"featured_media":2461,"comment_status":"open","ping_status":"closed","template":"","meta":[],"product_brand":[],"product_cat":[66,58],"product_tag":[],"class_list":{"0":"post-2455","1":"product","2":"type-product","3":"status-publish","4":"has-post-thumbnail","6":"product_cat-mousepad-cases","7":"product_cat-setup-accessories","9":"first","10":"instock","11":"shipping-taxable","12":"purchasable","13":"product-type-simple"},"_links":{"self":[{"href":"https:\/\/vavcase.com\/sv\/wp-json\/wp\/v2\/product\/2455","targetHints":{"allow":["GET"]}}],"collection":[{"href":"https:\/\/vavcase.com\/sv\/wp-json\/wp\/v2\/product"}],"about":[{"href":"https:\/\/vavcase.com\/sv\/wp-json\/wp\/v2\/types\/product"}],"replies":[{"embeddable":true,"href":"https:\/\/vavcase.com\/sv\/wp-json\/wp\/v2\/comments?post=2455"}],"wp:featuredmedia":[{"embeddable":true,"href":"https:\/\/vavcase.com\/sv\/wp-json\/wp\/v2\/media\/2461"}],"wp:attachment":[{"href":"https:\/\/vavcase.com\/sv\/wp-json\/wp\/v2\/media?parent=2455"}],"wp:term":[{"taxonomy":"product_brand","embeddable":true,"href":"https:\/\/vavcase.com\/sv\/wp-json\/wp\/v2\/product_brand?post=2455"},{"taxonomy":"product_cat","embeddable":true,"href":"https:\/\/vavcase.com\/sv\/wp-json\/wp\/v2\/product_cat?post=2455"},{"taxonomy":"product_tag","embeddable":true,"href":"https:\/\/vavcase.com\/sv\/wp-json\/wp\/v2\/product_tag?post=2455"}],"curies":[{"name":"wp","href":"https:\/\/api.w.org\/{rel}","templated":true}]}}