{"id":2470,"date":"2025-02-17T08:57:10","date_gmt":"2025-02-17T08:57:10","guid":{"rendered":"https:\/\/vavcase.com\/?post_type=product&#038;p=2470"},"modified":"2025-02-17T08:57:10","modified_gmt":"2025-02-17T08:57:10","slug":"stylish-travel-mouse-pouch-bundle-convertible-cushioned-zippered-electronics-storage-case","status":"publish","type":"product","link":"https:\/\/vavcase.com\/sv\/produkt\/elegant-musfodral-for-resor-konvertibelt-vadderat-forvaringsfodral-for-elektronik-med-dragkedja\/","title":{"rendered":"Snygg musv\u00e4ska f\u00f6r resor - konvertibel, vadderad f\u00f6rvaringsv\u00e4ska med dragkedja f\u00f6r elektronik"},"content":{"rendered":"<h2>Information om produkten<\/h2>\n<div class=\"a-row a-spacing-top-base\">\n<div class=\"a-column a-span6\">\n<div class=\"a-row a-spacing-base\">\n<div class=\"a-row a-expander-container a-expander-extend-container\">\n<div class=\"a-row\">\n<div class=\"a-column a-span6\">\n<h3 class=\"a-size-medium a-spacing-small\">Tekniska detaljer<\/h3>\n<\/div>\n<\/div>\n<div class=\"a-expander-content a-expander-extend-content\" data-expanded=\"true\">\n<div class=\"a-row a-expander-container a-expander-inline-container\">\n<div class=\"a-expander-content a-expander-section-content a-section-expander-inner\" data-expanded=\"true\">\n<table id=\"productDetails_techSpec_section_1\" class=\"a-keyvalue prodDetTable\" role=\"presentation\">\n<tbody>\n<tr>\n<th class=\"a-color-secondary a-size-base prodDetSectionEntry\">Varum\u00e4rke<\/th>\n<td class=\"a-size-base prodDetAttrValue\">The Buti-Bag Company<\/td>\n<\/tr>\n<tr>\n<th class=\"a-color-secondary a-size-base prodDetSectionEntry\">Tillverkare<\/th>\n<td class=\"a-size-base prodDetAttrValue\">The Buti-Bag Company<\/td>\n<\/tr>\n<tr>\n<th class=\"a-color-secondary a-size-base prodDetSectionEntry\">F\u00e4rg<\/th>\n<td class=\"a-size-base prodDetAttrValue\">Vit,Gr\u00e5,Silver<\/td>\n<\/tr>\n<tr>\n<th class=\"a-color-secondary a-size-base prodDetSectionEntry\">Artikel H\u00f6jd<\/th>\n<td class=\"a-size-base prodDetAttrValue\">4,5 tum<\/td>\n<\/tr>\n<tr>\n<th class=\"a-color-secondary a-size-base prodDetSectionEntry\">Artikelbredd<\/th>\n<td class=\"a-size-base prodDetAttrValue\">0,5 tum<\/td>\n<\/tr>\n<tr>\n<th class=\"a-color-secondary a-size-base prodDetSectionEntry\">Produktens m\u00e5tt<\/th>\n<td class=\"a-size-base prodDetAttrValue\">22,86 x 1,27 x 11,43 cm; 68,03 g<\/td>\n<\/tr>\n<tr>\n<th class=\"a-color-secondary a-size-base prodDetSectionEntry\">Artikelns modellnummer<\/th>\n<td class=\"a-size-base prodDetAttrValue\">BMP<\/td>\n<\/tr>\n<tr>\n<th class=\"a-color-secondary a-size-base prodDetSectionEntry\">\u00c4r batterier inkluderade?<\/th>\n<td class=\"a-size-base prodDetAttrValue\">Nej<\/td>\n<\/tr>\n<tr>\n<th class=\"a-color-secondary a-size-base prodDetSectionEntry\">Tillverkare<\/th>\n<td class=\"a-size-base prodDetAttrValue\">The Buti-Bag Company<\/td>\n<\/tr>\n<tr>\n<th class=\"a-color-secondary a-size-base prodDetSectionEntry\">Artikel Vikt<\/th>\n<td class=\"a-size-base prodDetAttrValue\">68 g<\/td>\n<\/tr>\n<\/tbody>\n<\/table>\n<\/div>\n<\/div>\n<\/div>\n<\/div>\n<\/div>\n<\/div>\n<\/div>","protected":false},"excerpt":{"rendered":"<p>EXTRA STOR MUSFODRAL OCH F\u00d6RVARINGSV\u00c4SKA F\u00d6R ELEKTRONIK I NEOPREN SOM KAN PACKAS UPP PLATT OCH BLI EN MUSMATTA F\u00d6R RESOR! Din mus kommer alltid att skyddas av en skyddande yta. (Observera att musen inte ing\u00e5r i leveransen).<br \/>\nINNEH\u00c5LLER EN ANDRA SEPARAT SUPERTUNN ROLL-UP MOUSE PAD som inte glider om du f\u00f6redrar att h\u00e5lla p\u00e5sen f\u00f6rseglad.<br \/>\nMATERIAL AV H\u00d6GSTA KVALITET OCH DRAGKEDJA F\u00d6R ATT SKYDDA DIN MUS OCH DINA SLADDAR! Vackert gr\u00e5tt och vitt yttermaterial med en silverf\u00e4rgad metallkl\u00e4mma f\u00f6r enkel fasts\u00e4ttning i handv\u00e4skan.<\/p>\n<p>PERFEKT MULTIFUNKTIONELL F\u00d6RVARINGSV\u00c4SKA F\u00d6R MUSMATTOR OCH LADDNINGSV\u00c4SKA F\u00d6R B\u00c4RBARA DATORER OCH SURFPLATTOR! Dessutom garanterar den s\u00e4kerhet och trygghet f\u00f6r extra batteripaket.<br \/>\nUtm\u00e4rkt present till en student eller resen\u00e4r f\u00f6r s\u00e4ker f\u00f6rvaring och organisering av alla irriterande kablar, laddare, flashminnen och reservbatterier p\u00e5 ett och samma st\u00e4lle.<\/p>","protected":false},"featured_media":2477,"comment_status":"open","ping_status":"closed","template":"","meta":[],"product_brand":[],"product_cat":[66,58],"product_tag":[],"class_list":{"0":"post-2470","1":"product","2":"type-product","3":"status-publish","4":"has-post-thumbnail","6":"product_cat-mousepad-cases","7":"product_cat-setup-accessories","9":"first","10":"instock","11":"shipping-taxable","12":"purchasable","13":"product-type-simple"},"_links":{"self":[{"href":"https:\/\/vavcase.com\/sv\/wp-json\/wp\/v2\/product\/2470","targetHints":{"allow":["GET"]}}],"collection":[{"href":"https:\/\/vavcase.com\/sv\/wp-json\/wp\/v2\/product"}],"about":[{"href":"https:\/\/vavcase.com\/sv\/wp-json\/wp\/v2\/types\/product"}],"replies":[{"embeddable":true,"href":"https:\/\/vavcase.com\/sv\/wp-json\/wp\/v2\/comments?post=2470"}],"wp:featuredmedia":[{"embeddable":true,"href":"https:\/\/vavcase.com\/sv\/wp-json\/wp\/v2\/media\/2477"}],"wp:attachment":[{"href":"https:\/\/vavcase.com\/sv\/wp-json\/wp\/v2\/media?parent=2470"}],"wp:term":[{"taxonomy":"product_brand","embeddable":true,"href":"https:\/\/vavcase.com\/sv\/wp-json\/wp\/v2\/product_brand?post=2470"},{"taxonomy":"product_cat","embeddable":true,"href":"https:\/\/vavcase.com\/sv\/wp-json\/wp\/v2\/product_cat?post=2470"},{"taxonomy":"product_tag","embeddable":true,"href":"https:\/\/vavcase.com\/sv\/wp-json\/wp\/v2\/product_tag?post=2470"}],"curies":[{"name":"wp","href":"https:\/\/api.w.org\/{rel}","templated":true}]}}