{"id":2478,"date":"2025-02-17T08:59:15","date_gmt":"2025-02-17T08:59:15","guid":{"rendered":"https:\/\/vavcase.com\/?post_type=product&#038;p=2478"},"modified":"2025-02-17T09:03:38","modified_gmt":"2025-02-17T09:03:38","slug":"caturix-mouse-mat-case-protective-cover-for-xxl-gaming-mouse-pads-with-soft-inner-lining-protects-against-scratches","status":"publish","type":"product","link":"https:\/\/vavcase.com\/sv\/produkt\/caturix-musmattefodral-skyddsfodral-for-xxl-gamingmusmattor-med-mjukt-innerfoder-skyddar-mot-repor\/","title":{"rendered":"CATURIX musmattefodral - skyddande fodral f\u00f6r XXL-spelmusmattor med mjukt innerfoder, skyddar mot repor"},"content":{"rendered":"<div id=\"dp_productDescription_container_div\" class=\"celwidget pd_rd_w-ttTag pd_rd_r-NZ903FC3K87WZT45QJCH pd_rd_wg-R7ct8\" data-feature-name=\"productDescription\" data-csa-c-type=\"widget\" data-csa-c-content-id=\"productDescription\" data-csa-c-slot-id=\"dp_productDescription_container_div\" data-csa-c-asin=\"\" data-csa-c-is-in-initial-active-row=\"false\" data-csa-c-id=\"1lynjg-bkeg3y-pd88b7-35quby\" data-cel-widget=\"dp_productDescription_container_div\">\n<div>\n<div id=\"productDescription_feature_div\" class=\"a-row feature\" data-feature-name=\"productDescription\" data-template-name=\"productDescription\" data-cel-widget=\"productDescription_feature_div\">\n<h2 class=\"softlines\">Produktbeskrivning<\/h2>\n<div id=\"productDescription\" class=\"a-section a-spacing-small\">\n<p>CATURIX Musmattefodral - Skyddsfodral f\u00f6r XXL-spelmusmattor med mjukt innerfoder som skyddar mot repor Svart<\/p>\n<\/div>\n<\/div>\n<\/div>\n<\/div>\n<div id=\"detailBulletsProductFactsDesktopT3\" class=\"celwidget pd_rd_w-PtL8d pd_rd_r-NZ903FC3K87WZT45QJCH pd_rd_wg-R7ct8\" data-feature-name=\"detailBulletsProductFactsDesktopT3\" data-csa-c-type=\"widget\" data-csa-c-content-id=\"detailBulletsProductFactsDesktopT3\" data-csa-c-slot-id=\"detailBulletsProductFactsDesktopT3\" data-csa-c-asin=\"\" data-csa-c-is-in-initial-active-row=\"false\" data-csa-c-id=\"65hrim-tn7d2o-g238ng-1zh9re\" data-cel-widget=\"detailBulletsProductFactsDesktopT3\">\n<div id=\"detailBulletsWrapper_feature_div\" class=\"a-section feature detail-bullets-wrapper bucket\" data-feature-name=\"detailBullets\" data-template-name=\"detailBullets\" data-cel-widget=\"detailBulletsWrapper_feature_div\">\n<h2>Produktinformation<\/h2>\n<div id=\"detailBullets_feature_div\">\n<ul class=\"a-unordered-list a-nostyle a-vertical a-spacing-none detail-bullet-list\">\n<li><span class=\"a-list-item\"><span class=\"a-text-bold\">M\u00e5tt p\u00e5 f\u00f6rpackningen .\u00a0<\/span>18,9 x 4,25 x 3,66 tum; 9,52 ounces<\/span><\/li>\n<li><span class=\"a-list-item\"><span class=\"a-text-bold\">Artikelns modellnummer .\u00a0<\/span>CTRX-18<\/span><\/li>\n<li><span class=\"a-list-item\"><span class=\"a-text-bold\">Datum F\u00f6rst tillg\u00e4nglig .\u00a0<\/span>29 maj 2024<\/span><\/li>\n<li><span class=\"a-list-item\"><span class=\"a-text-bold\">Tillverkare .\u00a0<\/span>Caturix<\/span><\/li>\n<\/ul>\n<\/div>\n<\/div>\n<\/div>","protected":false},"excerpt":{"rendered":"<p>Tack vare PE-insatsen ger CATURIX musmattefodral din XXL-spelmusmatta ett v\u00e4l vadderat skyddslager.<br \/>\nMusmattan skyddas fr\u00e5n smuts, repor och andra skador som g\u00f6r att den blir mindre njutbar genom fodralets mjuka inv\u00e4ndiga stoppning.<br \/>\nDu har m\u00f6jlighet att f\u00e4sta musmattefodralet p\u00e5 din ryggs\u00e4ck eller anv\u00e4nda nyckelringen f\u00f6r att placera din nyckel.<\/p>\n<p>Stick ut fr\u00e5n m\u00e4ngden och g\u00f6r ditt musmattefodral personligt med kardborref\u00e4stet f\u00f6r lappar.<br \/>\nVi \u00e4r mycket m\u00e5na om h\u00e5llbarhet: Skyddsh\u00f6ljet \u00e4r tillverkat av \u00e5tervunnet PET-material, som \u00e4r vattenavvisande, elastiskt och av h\u00f6gsta kvalitet.<\/p>","protected":false},"featured_media":2485,"comment_status":"open","ping_status":"closed","template":"","meta":[],"product_brand":[],"product_cat":[66,58],"product_tag":[],"class_list":{"0":"post-2478","1":"product","2":"type-product","3":"status-publish","4":"has-post-thumbnail","6":"product_cat-mousepad-cases","7":"product_cat-setup-accessories","9":"first","10":"instock","11":"shipping-taxable","12":"purchasable","13":"product-type-simple"},"_links":{"self":[{"href":"https:\/\/vavcase.com\/sv\/wp-json\/wp\/v2\/product\/2478","targetHints":{"allow":["GET"]}}],"collection":[{"href":"https:\/\/vavcase.com\/sv\/wp-json\/wp\/v2\/product"}],"about":[{"href":"https:\/\/vavcase.com\/sv\/wp-json\/wp\/v2\/types\/product"}],"replies":[{"embeddable":true,"href":"https:\/\/vavcase.com\/sv\/wp-json\/wp\/v2\/comments?post=2478"}],"wp:featuredmedia":[{"embeddable":true,"href":"https:\/\/vavcase.com\/sv\/wp-json\/wp\/v2\/media\/2485"}],"wp:attachment":[{"href":"https:\/\/vavcase.com\/sv\/wp-json\/wp\/v2\/media?parent=2478"}],"wp:term":[{"taxonomy":"product_brand","embeddable":true,"href":"https:\/\/vavcase.com\/sv\/wp-json\/wp\/v2\/product_brand?post=2478"},{"taxonomy":"product_cat","embeddable":true,"href":"https:\/\/vavcase.com\/sv\/wp-json\/wp\/v2\/product_cat?post=2478"},{"taxonomy":"product_tag","embeddable":true,"href":"https:\/\/vavcase.com\/sv\/wp-json\/wp\/v2\/product_tag?post=2478"}],"curies":[{"name":"wp","href":"https:\/\/api.w.org\/{rel}","templated":true}]}}