{"id":2504,"date":"2025-02-17T09:22:32","date_gmt":"2025-02-17T09:22:32","guid":{"rendered":"https:\/\/vavcase.com\/?post_type=product&#038;p=2504"},"modified":"2026-04-08T14:19:56","modified_gmt":"2026-04-08T14:19:56","slug":"yecaye-2-pack-cable-management-under-desk-31-5-in-under-desk-cable-management-tray","status":"publish","type":"product","link":"https:\/\/vavcase.com\/sv\/produkt\/yecaye-2-pack-kabelhantering-under-skrivbord-31-5-i-kabelhanteringsfack-under-skrivbord\/","title":{"rendered":"Yecaye 2-pack kabelhantering under skrivbord, 31,5 tums kabelhanteringsfack under skrivbord"},"content":{"rendered":"<h2>Information om produkten<\/h2>\n<div class=\"a-row a-spacing-top-base\">\n<div class=\"a-column a-span6\">\n<div class=\"a-row a-spacing-base\">\n<div class=\"a-section table-padding\">\n<table id=\"productDetails_detailBullets_sections1\" class=\"a-keyvalue prodDetTable\" role=\"presentation\">\n<tbody>\n<tr>\n<th class=\"a-color-secondary a-size-base prodDetSectionEntry\">Produktens m\u00e5tt<\/th>\n<td class=\"a-size-base prodDetAttrValue\">31,4 x 3,9 x 3,5 tum<\/td>\n<\/tr>\n<tr>\n<th class=\"a-color-secondary a-size-base prodDetSectionEntry\">Artikel Vikt<\/th>\n<td class=\"a-size-base prodDetAttrValue\">1,92 pund<\/td>\n<\/tr>\n<tr>\n<th class=\"a-color-secondary a-size-base prodDetSectionEntry\">ASIN<\/th>\n<td class=\"a-size-base prodDetAttrValue\">B08J4173VD<\/td>\n<\/tr>\n<tr>\n<th class=\"a-color-secondary a-size-base prodDetSectionEntry\">Artikelns modellnummer<\/th>\n<td class=\"a-size-base prodDetAttrValue\">kabelhantering under skrivbordet U-kanal<\/td>\n<\/tr>\n<tr>\n<th class=\"a-color-secondary a-size-base prodDetSectionEntry\">Kundrecensioner<\/th>\n<td class=\"a-size-base\">\n<div id=\"averageCustomerReviews\" data-asin=\"B08J4173VD\" data-ref=\"dpx_acr_pop_\"><span class=\"a-declarative\" data-action=\"acrStarsLink-click-metrics\" data-acrstarslink-click-metrics=\"{}\"><span id=\"acrPopover\" class=\"reviewCountTextLinkedHistogram noUnderline\" title=\"4,3 av 5 stj\u00e4rnor\"><a class=\"a-popover-trigger a-declarative\" role=\"button\"><span class=\"a-size-base a-color-base\">4.3\u00a0<\/span><i class=\"a-icon a-icon-star a-star-4-5 cm-cr-review-stars-spacing-big\"><span class=\"a-icon-alt\">4,3 av 5 stj\u00e4rnor<\/span><\/i>\u00a0<i class=\"a-icon a-icon-popover\"><\/i><\/a>\u00a0\u00a0<\/span><\/span>\u00a0<span class=\"a-declarative\" data-action=\"acrLink-click-metrics\" data-acrlink-click-metrics=\"{}\"><a id=\"acrCustomerReviewLink\" class=\"a-link-normal\" href=\"https:\/\/www.amazon.com\/Yecaye-Cable-Management-Organizer-Office\/dp\/B08J4173VD\/ref=sr_1_18?crid=O7NJBDSK332Z&amp;dib=eyJ2IjoiMSJ9.JWbvtaFXB5ENBry_y8QN_cppk5vwDg27FLmB5z9A0Glgzmg0obxHvYyODl2c1op6dOqUMqQ2VxAZUVtjZn4AKnauO3-TuYzmMG1d_rae9KmHXAIEbeTEvCfO_0OpcmDb2pTgkNwmsmVSG6o5CAPPq1M71wmZlQWs5X2D6DRA1WYZh1EUVMY6A4mb-6a_rWeU3gzaQv6oPexHNq2Cn5DySwPlaMsadvfGsWvMN030VLc.d50GkUEU7METsYzHbCO_7ZbwMXUQLdDLieCJ4NIeoGg&amp;dib_tag=se&amp;keywords=%E2%80%A2%2BCable%2BManagement%2BCases%2B%E2%80%93%2BOrganizers%2Bfor%2Bgaming%2Bcables%2Band%2Badapters.&amp;qid=1739783950&amp;sprefix=cable%2Bmanagement%2Bcases%2Borganizers%2Bfor%2Bgaming%2Bcables%2Band%2Badapters.%2Caps%2C1107&amp;sr=8-18&amp;xpid=Budc5jspIi1w2&amp;th=1#customerReviews\"><span id=\"acrCustomerReviewText\" class=\"a-size-base\">1 759 betyg<\/span><\/a><\/span><\/div>\n<p>4,3 av 5 stj\u00e4rnor<\/td>\n<\/tr>\n<tr>\n<th class=\"a-color-secondary a-size-base prodDetSectionEntry\">B\u00e4sts\u00e4ljare Rank<\/th>\n<td>#2,785 i elektronik (<a href=\"https:\/\/www.amazon.com\/gp\/bestsellers\/electronics\/ref=pd_zg_ts_electronics\">Se Topp 100 inom elektronik<\/a>)<br \/>\n#43 i\u00a0<a href=\"https:\/\/www.amazon.com\/gp\/bestsellers\/electronics\/6577543011\/ref=pd_zg_hrsr_electronics\">Kabelr\u00e4nnor<\/a><\/td>\n<\/tr>\n<\/tbody>\n<\/table>\n<\/div>\n<\/div>\n<\/div>\n<\/div>","protected":false},"excerpt":{"rendered":"<p>Kabelhantering med stor kapacitet: Yecaye stora kabelarrang\u00f6r kan hj\u00e4lpa till att d\u00f6lja alla f\u00f6rem\u00e5l och organisera ditt hemmakontor eller spelbord. Det \u00e4r ett utm\u00e4rkt val f\u00f6r grenuttag, \u00f6versp\u00e4nningsskydd, power bricks, externa h\u00e5rddiskar, kablar eller anslutningar. F\u00f6r in kablar och grenuttag i kabelhanteringssystemet som \u00e4r placerat under skrivbordet utan att det beh\u00f6vs n\u00e5got g\u00e5ngj\u00e4rnsf\u00f6rsett lock eller flyttbart lock.<br \/>\nEnkel installation med t\u00e5lig tejp: Inga f\u00e4stelement eller verktyg kr\u00e4vs.kabelhanteringen under skrivbordet installeras enkelt genom att applicera tejp p\u00e5 ytan.du b\u00f6r v\u00e4nta minst 24 timmar innan du installerar kablar eller n\u00e4tsladdar.b\u00e4rf\u00f6rm\u00e5gan kommer att vara s\u00e5 h\u00f6g som 6 lbs, och den kommer att f\u00e4stas ordentligt f\u00f6r att f\u00f6rhindra att den faller.avst\u00e5 fr\u00e5n att anv\u00e4nda tr\u00e5dorganisat\u00f6ren p\u00e5 texturerade ytor f\u00f6r att garantera en positiv upplevelse.<br \/>\nInstallation som \u00e4r anpassningsbar: V\u00e5r kabelhantering under skrivbordet \u00e4r tillverkad av 2 mm h\u00e5rd PVC-plast och \u00e4r l\u00e4mplig f\u00f6r anv\u00e4ndning p\u00e5 alla sl\u00e4ta ytor, med undantag f\u00f6r texturerade v\u00e4ggar. Den kan placeras under skrivbordet, v\u00e4nd in\u00e5t eller ut\u00e5t, bakom skrivbordet eller mot v\u00e4ggen.<\/p>\n<p>Tillr\u00e4ckligt med utrymme f\u00f6r anv\u00e4ndning: Kabelns totala l\u00e4ngd \u00e4r 31,5 tum, och den \u00f6vre \u00f6ppningen och sidoutsk\u00e4rningarna \u00e4r utformade s\u00e5 att datorkablar kan passera fritt p\u00e5 skrivbordet och f\u00f6rhindrar att de trasslar ihop sig, s\u00e4rskilt n\u00e4r du flyttar skrivbordet upp och ner.f\u00f6r att organisera allt ditt kabelskr\u00e4p. F\u00f6rutom att f\u00f6rhindra snubbelrisker frig\u00f6r du ocks\u00e5 skrivbords- och golvyta genom att d\u00f6lja grenuttag och os\u00e4kra kablar.<br \/>\nEtt brett utbud av tillbeh\u00f6r ing\u00e5r: I paketet ing\u00e5r tv\u00e5 h\u00e5llbara buntband (L15,7 tum W3,9 tum H3,5 tum), fyra kabelhyllor och sex buntband. Sidov\u00e4ggen och botten p\u00e5 varje kabelkanal \u00e4r f\u00f6rborrade med fem \u00f6ppningar, som var och en m\u00e4ter 1,2 x 1,2 tum. Detta f\u00f6renklar dragningen av kablar. De enskilda kablarna kan enkelt separeras och tr\u00e4s genom \u00f6ppningarna.<\/p>","protected":false},"featured_media":2511,"comment_status":"open","ping_status":"closed","template":"","meta":[],"product_brand":[],"product_cat":[67,58],"product_tag":[],"class_list":{"0":"post-2504","1":"product","2":"type-product","3":"status-publish","4":"has-post-thumbnail","6":"product_cat-cable-management-cases","7":"product_cat-setup-accessories","9":"first","10":"instock","11":"shipping-taxable","12":"purchasable","13":"product-type-simple"},"_links":{"self":[{"href":"https:\/\/vavcase.com\/sv\/wp-json\/wp\/v2\/product\/2504","targetHints":{"allow":["GET"]}}],"collection":[{"href":"https:\/\/vavcase.com\/sv\/wp-json\/wp\/v2\/product"}],"about":[{"href":"https:\/\/vavcase.com\/sv\/wp-json\/wp\/v2\/types\/product"}],"replies":[{"embeddable":true,"href":"https:\/\/vavcase.com\/sv\/wp-json\/wp\/v2\/comments?post=2504"}],"wp:featuredmedia":[{"embeddable":true,"href":"https:\/\/vavcase.com\/sv\/wp-json\/wp\/v2\/media\/2511"}],"wp:attachment":[{"href":"https:\/\/vavcase.com\/sv\/wp-json\/wp\/v2\/media?parent=2504"}],"wp:term":[{"taxonomy":"product_brand","embeddable":true,"href":"https:\/\/vavcase.com\/sv\/wp-json\/wp\/v2\/product_brand?post=2504"},{"taxonomy":"product_cat","embeddable":true,"href":"https:\/\/vavcase.com\/sv\/wp-json\/wp\/v2\/product_cat?post=2504"},{"taxonomy":"product_tag","embeddable":true,"href":"https:\/\/vavcase.com\/sv\/wp-json\/wp\/v2\/product_tag?post=2504"}],"curies":[{"name":"wp","href":"https:\/\/api.w.org\/{rel}","templated":true}]}}