{"id":2521,"date":"2025-02-17T09:32:50","date_gmt":"2025-02-17T09:32:50","guid":{"rendered":"https:\/\/vavcase.com\/?post_type=product&#038;p=2521"},"modified":"2026-04-08T14:19:14","modified_gmt":"2026-04-08T14:19:14","slug":"shikha-cable-management-under-desk-15-7-31-retractable-cable-management-tray","status":"publish","type":"product","link":"https:\/\/vavcase.com\/sv\/produkt\/shikha-kabelhantering-under-skrivbord-15-7-31-utdragbart-kabelhanteringsfack\/","title":{"rendered":"Shikha kabelhantering under skrivbord, 15,7\u2033-31\u2033 utdragbart kabelhanteringsfack"},"content":{"rendered":"<h2>Information om produkten<\/h2>\n<div class=\"a-row a-spacing-top-base\">\n<div class=\"a-column a-span6\">\n<div class=\"a-row a-spacing-base\">\n<div class=\"a-section table-padding\">\n<table id=\"productDetails_detailBullets_sections1\" class=\"a-keyvalue prodDetTable\" role=\"presentation\">\n<tbody>\n<tr>\n<th class=\"a-color-secondary a-size-base prodDetSectionEntry\">Produktens m\u00e5tt<\/th>\n<td class=\"a-size-base prodDetAttrValue\">29,5 x 4,7 x 0,1 tum<\/td>\n<\/tr>\n<tr>\n<th class=\"a-color-secondary a-size-base prodDetSectionEntry\">Artikel Vikt<\/th>\n<td class=\"a-size-base prodDetAttrValue\">3,69 pund<\/td>\n<\/tr>\n<tr>\n<th class=\"a-color-secondary a-size-base prodDetSectionEntry\">ASIN<\/th>\n<td class=\"a-size-base prodDetAttrValue\">B0C5QYSKNJ<\/td>\n<\/tr>\n<tr>\n<th class=\"a-color-secondary a-size-base prodDetSectionEntry\">Kundrecensioner<\/th>\n<td class=\"a-size-base\">\n<div id=\"averageCustomerReviews\" data-asin=\"B0C5QYSKNJ\" data-ref=\"dpx_acr_pop_\"><span class=\"a-declarative\" data-action=\"acrStarsLink-click-metrics\" data-acrstarslink-click-metrics=\"{}\"><span id=\"acrPopover\" class=\"reviewCountTextLinkedHistogram noUnderline\" title=\"4,5 av 5 stj\u00e4rnor\"><a class=\"a-popover-trigger a-declarative\" role=\"button\"><span class=\"a-size-base a-color-base\">4.5\u00a0<\/span><i class=\"a-icon a-icon-star a-star-4-5 cm-cr-review-stars-spacing-big\"><span class=\"a-icon-alt\">4,5 av 5 stj\u00e4rnor<\/span><\/i>\u00a0<i class=\"a-icon a-icon-popover\"><\/i><\/a>\u00a0\u00a0<\/span><\/span>\u00a0<span class=\"a-declarative\" data-action=\"acrLink-click-metrics\" data-acrlink-click-metrics=\"{}\"><a id=\"acrCustomerReviewLink\" class=\"a-link-normal\" href=\"https:\/\/www.amazon.com\/Shikha-Management-Retractable-Drilling-Organizer\/dp\/B0C5QYSKNJ\/ref=sr_1_34_sspa?crid=O7NJBDSK332Z&amp;dib=eyJ2IjoiMSJ9.Zy_NWatJHS3MY4dxWbKWAsCuGZaEd9uESOwohTsNJ3nGjHj071QN20LucGBJIEps.s2K4De6CpZXHf9RimD8QXFw4RBYeSi3-9LnfXndUjjk&amp;dib_tag=se&amp;keywords=%E2%80%A2%2BCable%2BManagement%2BCases%2B%E2%80%93%2BOrganizers%2Bfor%2Bgaming%2Bcables%2Band%2Badapters.&amp;qid=1739784488&amp;sprefix=cable%2Bmanagement%2Bcases%2Borganizers%2Bfor%2Bgaming%2Bcables%2Band%2Badapters.%2Caps%2C1107&amp;sr=8-34-spons&amp;xpid=Budc5jspIi1w2&amp;sp_csd=d2lkZ2V0TmFtZT1zcF9hdGZfbmV4dA&amp;th=1#customerReviews\"><span id=\"acrCustomerReviewText\" class=\"a-size-base\">272 betyg<\/span><\/a><\/span><\/div>\n<p>4,5 av 5 stj\u00e4rnor<\/td>\n<\/tr>\n<tr>\n<th class=\"a-color-secondary a-size-base prodDetSectionEntry\">B\u00e4sts\u00e4ljare Rank<\/th>\n<td>#74,167 inom elektronik (<a href=\"https:\/\/www.amazon.com\/gp\/bestsellers\/electronics\/ref=pd_zg_ts_electronics\">Se Topp 100 inom elektronik<\/a>)<br \/>\n#711 i\u00a0<a href=\"https:\/\/www.amazon.com\/gp\/bestsellers\/electronics\/6577543011\/ref=pd_zg_hrsr_electronics\">Kabelr\u00e4nnor<\/a><\/td>\n<\/tr>\n<\/tbody>\n<\/table>\n<\/div>\n<\/div>\n<\/div>\n<\/div>","protected":false},"excerpt":{"rendered":"<p><strong>Platsbesparande:<\/strong> K\u00e4mpar du fortfarande med att h\u00e5lla ordning p\u00e5 ett skrivbord som \u00e4r sv\u00e5rt att reng\u00f6ra? Denna kabelhantering under skrivbordet \u00e4r justerbar, kr\u00e4ver ingen borrning och \u00e4r enkel att installera och ta bort, vilket f\u00f6rb\u00e4ttrar de nuvarande o\u00f6nskade omst\u00e4ndigheterna. C-kl\u00e4mmor med sj\u00e4lvh\u00e4ftande antifriktionsdynor anv\u00e4nds f\u00f6r att s\u00e4kra den p\u00e5 plats, vilket f\u00f6rhindrar skador p\u00e5 skrivbordet och eliminerar behovet av borrning.<br \/>\n<strong>Design som inte kr\u00e4ver n\u00e5gon borrning :<\/strong> Kabelhyllan \u00e4r 4,7\u2033 bred och kan justeras i l\u00e4ngd fr\u00e5n 15,7\u2033 till 31\u2033. Det kan rymma flera grenuttag, iPhone\/PC-laddare och kan ordnas mer exakt med hj\u00e4lp av buntband. Installationen kr\u00e4ver ingen borrning eller limning; den \u00e4r mycket enkel att installera och ta bort.<br \/>\n<strong>Innovativ design:<\/strong> Den ih\u00e5liga konstruktionen \u00e4r tillverkad av h\u00f6gh\u00e5llfast metall och \u00e4r b\u00e5de h\u00e5llbar och effektiv n\u00e4r det g\u00e4ller att avleda v\u00e4rme. Varje \u00f6ppning har ett tydligt syfte. Om du installerar den under bordet f\u00f6rhindrar du skador fr\u00e5n husdjur och s\u00e4kerst\u00e4ller att marken inte p\u00e5verkas under reng\u00f6ringen.<\/p>\n<p><strong>Sladdarrang\u00f6r med flera anv\u00e4ndningsomr\u00e5den:<\/strong> Inkluderar kabelh\u00e5llarkl\u00e4mmor f\u00f6r att underl\u00e4tta organiseringen av laddaren. Kl\u00e4mmorna \u00e4r f\u00f6rsedda med 3M-tejp p\u00e5 baksidan, vilket eliminerar behovet av ytterligare lim f\u00f6r installationen. Bordsytan skyddas fr\u00e5n skador av friktionsdynor som verkar p\u00e5 bordets kontaktposition och C-formade clips. Alla skruvar och muttrar \u00e4r universella, s\u00e5 det finns inget behov av att k\u00f6pa flera typer om en saknas eller \u00e4r skadad.<br \/>\n<strong>Utm\u00e4rkt kundservice:<\/strong> Tveka inte att kontakta oss om du st\u00f6ter p\u00e5 n\u00e5gra problem under anv\u00e4ndningen av produkten eller uppt\u00e4cker n\u00e5gra saknade delar efter mottagandet av f\u00f6rs\u00e4ndelsen. Vi kommer att svara inom en rimlig tid.<\/p>","protected":false},"featured_media":2529,"comment_status":"open","ping_status":"closed","template":"","meta":[],"product_brand":[],"product_cat":[67,58],"product_tag":[],"class_list":{"0":"post-2521","1":"product","2":"type-product","3":"status-publish","4":"has-post-thumbnail","6":"product_cat-cable-management-cases","7":"product_cat-setup-accessories","9":"first","10":"instock","11":"shipping-taxable","12":"purchasable","13":"product-type-simple"},"_links":{"self":[{"href":"https:\/\/vavcase.com\/sv\/wp-json\/wp\/v2\/product\/2521","targetHints":{"allow":["GET"]}}],"collection":[{"href":"https:\/\/vavcase.com\/sv\/wp-json\/wp\/v2\/product"}],"about":[{"href":"https:\/\/vavcase.com\/sv\/wp-json\/wp\/v2\/types\/product"}],"replies":[{"embeddable":true,"href":"https:\/\/vavcase.com\/sv\/wp-json\/wp\/v2\/comments?post=2521"}],"wp:featuredmedia":[{"embeddable":true,"href":"https:\/\/vavcase.com\/sv\/wp-json\/wp\/v2\/media\/2529"}],"wp:attachment":[{"href":"https:\/\/vavcase.com\/sv\/wp-json\/wp\/v2\/media?parent=2521"}],"wp:term":[{"taxonomy":"product_brand","embeddable":true,"href":"https:\/\/vavcase.com\/sv\/wp-json\/wp\/v2\/product_brand?post=2521"},{"taxonomy":"product_cat","embeddable":true,"href":"https:\/\/vavcase.com\/sv\/wp-json\/wp\/v2\/product_cat?post=2521"},{"taxonomy":"product_tag","embeddable":true,"href":"https:\/\/vavcase.com\/sv\/wp-json\/wp\/v2\/product_tag?post=2521"}],"curies":[{"name":"wp","href":"https:\/\/api.w.org\/{rel}","templated":true}]}}