{"id":2531,"date":"2025-02-17T09:44:08","date_gmt":"2025-02-17T09:44:08","guid":{"rendered":"https:\/\/vavcase.com\/?post_type=product&#038;p=2531"},"modified":"2026-04-11T13:59:40","modified_gmt":"2026-04-11T13:59:40","slug":"2-in-1-aluminum-headphone-stand-phone-holder-rack-sleek-sturdy-ergonomic-design-gaming-headset-stand-for-desk-organization","status":"publish","type":"product","link":"https:\/\/vavcase.com\/sv\/produkt\/2-i-1-aluminium-horlursstall-telefonhallare-rack-snygg-robust-ergonomisk-design-gaming-headset-stativ-for-skrivbordsorganisation\/","title":{"rendered":"2-i-1 h\u00f6rlursst\u00e4ll och telefonh\u00e5llare i aluminium - elegant, robust och ergonomiskt designat spelheadsetst\u00e4ll f\u00f6r skrivbordsorganisation"},"content":{"rendered":"<h2>Information om produkten<\/h2>\n<div class=\"a-row a-spacing-top-base\">\n<div class=\"a-column a-span6\">\n<div class=\"a-row a-spacing-base\">\n<div class=\"a-section table-padding\">\n<table id=\"productDetails_detailBullets_sections1\" class=\"a-keyvalue prodDetTable\" role=\"presentation\">\n<tbody>\n<tr>\n<th class=\"a-color-secondary a-size-base prodDetSectionEntry\">Produktens m\u00e5tt<\/th>\n<td class=\"a-size-base prodDetAttrValue\">4,1 x 4,09 x 9,25 tum<\/td>\n<\/tr>\n<tr>\n<th class=\"a-color-secondary a-size-base prodDetSectionEntry\">Artikel Vikt<\/th>\n<td class=\"a-size-base prodDetAttrValue\">3,2 ounces<\/td>\n<\/tr>\n<tr>\n<th class=\"a-color-secondary a-size-base prodDetSectionEntry\">ASIN<\/th>\n<td class=\"a-size-base prodDetAttrValue\">B0CRTDMYHD<\/td>\n<\/tr>\n<tr>\n<th class=\"a-color-secondary a-size-base prodDetSectionEntry\">Artikelns modellnummer<\/th>\n<td class=\"a-size-base prodDetAttrValue\">h\u00f6rlursst\u00e4ll<\/td>\n<\/tr>\n<tr>\n<th class=\"a-color-secondary a-size-base prodDetSectionEntry\">Kundrecensioner<\/th>\n<td class=\"a-size-base\">\n<div id=\"averageCustomerReviews\" data-asin=\"B0CRTDMYHD\" data-ref=\"dpx_acr_pop_\"><span class=\"a-declarative\" data-action=\"acrStarsLink-click-metrics\" data-acrstarslink-click-metrics=\"{}\"><span id=\"acrPopover\" class=\"reviewCountTextLinkedHistogram noUnderline\" title=\"4,4 av 5 stj\u00e4rnor\"><a class=\"a-popover-trigger a-declarative\" role=\"button\"><span class=\"a-size-base a-color-base\">4.4\u00a0<\/span><i class=\"a-icon a-icon-star a-star-4-5 cm-cr-review-stars-spacing-big\"><span class=\"a-icon-alt\">4,4 av 5 stj\u00e4rnor<\/span><\/i>\u00a0<i class=\"a-icon a-icon-popover\"><\/i><\/a>\u00a0\u00a0<\/span><\/span>\u00a0<span class=\"a-declarative\" data-action=\"acrLink-click-metrics\" data-acrlink-click-metrics=\"{}\"><a id=\"acrCustomerReviewLink\" class=\"a-link-normal\" href=\"https:\/\/www.amazon.com\/XMANA-Aluminum-Headphone-Stand-Holder\/dp\/B0CRTDMYHD\/ref=sr_1_15?crid=2E1D1X94YOD6J&amp;dib=eyJ2IjoiMSJ9.lfWIQ9Fyq1SLL2jZOkD6FldwIwyeeGhgak5fQgWZ90SEz5Qrts3gQ9_mdktZ5WHfvEdK2npZfgZR1Zxlsxa2BL5ZA1UyEwbkdGFdPbTz2AAJAhaZCqQi5vNFbOCYG0xGfwVTWHD_0fhQtUIN4OLmhMihhDBssCPHm0sXwUue8u70UILj1ziW-Iky3sdegtag9sRTzCOaoXJH0KQr7vHC56UxEET9LrJbojTJvyvR7-o.3DAqE5cPMmswDOzujncxLOE81PC5HE62SxrGEMkj-_M&amp;dib_tag=se&amp;keywords=Headset%2BStands&amp;qid=1739785103&amp;sprefix=headset%2Bstands%2B%2Caps%2C378&amp;sr=8-15&amp;th=1#customerReviews\"><span id=\"acrCustomerReviewText\" class=\"a-size-base\">135 betyg<\/span><\/a><\/span><\/div>\n<p>4,4 av 5 stj\u00e4rnor<\/td>\n<\/tr>\n<tr>\n<th class=\"a-color-secondary a-size-base prodDetSectionEntry\">B\u00e4sts\u00e4ljare Rank<\/th>\n<td>#3,428 i Elektronik (<a href=\"https:\/\/www.amazon.com\/gp\/bestsellers\/electronics\/ref=pd_zg_ts_electronics\">Se Topp 100 inom elektronik<\/a>)<br \/>\n#7,118 i\u00a0<a href=\"https:\/\/www.amazon.com\/gp\/bestsellers\/electronics\/281407\/ref=pd_zg_hrsr_electronics\">Tillbeh\u00f6r och f\u00f6rn\u00f6denheter f\u00f6r elektronik<\/a><\/td>\n<\/tr>\n<tr>\n<th class=\"a-color-secondary a-size-base prodDetSectionEntry\">Specialfunktioner<\/th>\n<td class=\"a-size-base prodDetAttrValue\">B\u00e4rbar, ergonomisk, tunn profil, handfri, fickv\u00e4nlig<\/td>\n<\/tr>\n<tr>\n<th class=\"a-color-secondary a-size-base prodDetSectionEntry\">Andra displayfunktioner<\/th>\n<td class=\"a-size-base prodDetAttrValue\">CE<\/td>\n<\/tr>\n<tr>\n<th class=\"a-color-secondary a-size-base prodDetSectionEntry\">Formfaktor<\/th>\n<td class=\"a-size-base prodDetAttrValue\">Tornet<\/td>\n<\/tr>\n<tr>\n<th class=\"a-color-secondary a-size-base prodDetSectionEntry\">F\u00e4rg<\/th>\n<td class=\"a-size-base prodDetAttrValue\">Svart<\/td>\n<\/tr>\n<tr>\n<th class=\"a-color-secondary a-size-base prodDetSectionEntry\">Vad finns i l\u00e5dan<\/th>\n<td class=\"a-size-base prodDetAttrValue\">3m sj\u00e4lvh\u00e4ftande tejp, h\u00f6rlursst\u00e4ll<\/td>\n<\/tr>\n<tr>\n<th class=\"a-color-secondary a-size-base prodDetSectionEntry\">Tillverkare<\/th>\n<td class=\"a-size-base prodDetAttrValue\">XMANA<\/td>\n<\/tr>\n<\/tbody>\n<\/table>\n<\/div>\n<\/div>\n<\/div>\n<\/div>","protected":false},"excerpt":{"rendered":"<p><strong>Dubbel funktionalitet:<\/strong> S\u00e4kerst\u00e4ller att dina viktigaste saker alltid finns inom r\u00e4ckh\u00e5ll genom att enkelt h\u00e5lla antingen h\u00f6rlurar eller telefoner.<\/p>\n<p><strong> Slitstark konstruktion:<\/strong> Tillverkad av premiummaterial och utrustad med ett h\u00f6rlursuttag i aluminium f\u00f6r att garantera l\u00e5ng livsl\u00e4ngd och stabilitet.<\/p>\n<p><strong>Kompakt design:<\/strong> H\u00f6rlursst\u00e4llet \u00e4r det perfekta valet f\u00f6r en arbetsstation eller arbetsyta och m\u00e4ter 9,25\u2033 i h\u00f6jd och 4,1\u2033 i bredd.<\/p>\n<p><strong>Bekv\u00e4m montering:<\/strong> Din headseth\u00e5llare \u00e4r klar p\u00e5 n\u00e5gra sekunder med en problemfri installation.<\/p>\n<p><strong>Universell kompatibilitet:<\/strong> Konstruerad f\u00f6r att passa en m\u00e4ngd olika storlekar p\u00e5 h\u00f6rlurar och telefoner, inklusive AirPods Max, XBox och PS5, samt alla tr\u00e5dl\u00f6sa och bundna gamingh\u00f6rlurar.<br \/>\n<strong>Idealiska g\u00e5vor f\u00f6r spelare:<\/strong> Ett speltillbeh\u00f6r som \u00e4r oumb\u00e4rligt f\u00f6r alla spelentusiaster, eftersom det f\u00f6rb\u00e4ttrar deras spelinst\u00e4llning och spelupplevelse. Snyggt utseende: En modern, minimalistisk design som passar in i alla rum.<\/p>","protected":false},"featured_media":2536,"comment_status":"open","ping_status":"closed","template":"","meta":[],"product_brand":[],"product_cat":[68,58],"product_tag":[],"class_list":{"0":"post-2531","1":"product","2":"type-product","3":"status-publish","4":"has-post-thumbnail","6":"product_cat-headset-stands","7":"product_cat-setup-accessories","9":"first","10":"instock","11":"shipping-taxable","12":"purchasable","13":"product-type-simple"},"_links":{"self":[{"href":"https:\/\/vavcase.com\/sv\/wp-json\/wp\/v2\/product\/2531","targetHints":{"allow":["GET"]}}],"collection":[{"href":"https:\/\/vavcase.com\/sv\/wp-json\/wp\/v2\/product"}],"about":[{"href":"https:\/\/vavcase.com\/sv\/wp-json\/wp\/v2\/types\/product"}],"replies":[{"embeddable":true,"href":"https:\/\/vavcase.com\/sv\/wp-json\/wp\/v2\/comments?post=2531"}],"wp:featuredmedia":[{"embeddable":true,"href":"https:\/\/vavcase.com\/sv\/wp-json\/wp\/v2\/media\/2536"}],"wp:attachment":[{"href":"https:\/\/vavcase.com\/sv\/wp-json\/wp\/v2\/media?parent=2531"}],"wp:term":[{"taxonomy":"product_brand","embeddable":true,"href":"https:\/\/vavcase.com\/sv\/wp-json\/wp\/v2\/product_brand?post=2531"},{"taxonomy":"product_cat","embeddable":true,"href":"https:\/\/vavcase.com\/sv\/wp-json\/wp\/v2\/product_cat?post=2531"},{"taxonomy":"product_tag","embeddable":true,"href":"https:\/\/vavcase.com\/sv\/wp-json\/wp\/v2\/product_tag?post=2531"}],"curies":[{"name":"wp","href":"https:\/\/api.w.org\/{rel}","templated":true}]}}