{"id":2540,"date":"2025-02-17T09:50:16","date_gmt":"2025-02-17T09:50:16","guid":{"rendered":"https:\/\/vavcase.com\/?post_type=product&#038;p=2540"},"modified":"2025-11-10T10:27:35","modified_gmt":"2025-11-10T10:27:35","slug":"new-bee-headphone-stand-headset-holder-earphone-stand-with-aluminum-supporting-bar-flexible-headrest-abs-solid-base-for-all-headphones-size","status":"publish","type":"product","link":"https:\/\/vavcase.com\/sv\/produkt\/new-bee-horlursstall-headsethallare-horlursstall-med-aluminiumstod-flexibel-huvudstod-abs-solid-bas-for-alla-horlurar-storlek\/","title":{"rendered":"Nytt bi h\u00f6rlursst\u00e4ll Headseth\u00e5llare H\u00f6rlursst\u00e4ll med aluminiumst\u00f6d Flexibelt huvudst\u00f6d ABS Solid bas f\u00f6r alla h\u00f6rlurar Storlek"},"content":{"rendered":"<h2>Information om produkten<\/h2>\n<div class=\"a-row a-spacing-top-base\">\n<div class=\"a-column a-span6\">\n<div class=\"a-row a-spacing-base\">\n<div class=\"a-section table-padding\">\n<table id=\"productDetails_detailBullets_sections1\" class=\"a-keyvalue prodDetTable\" role=\"presentation\">\n<tbody>\n<tr>\n<th class=\"a-color-secondary a-size-base prodDetSectionEntry\">Artikel Vikt<\/th>\n<td class=\"a-size-base prodDetAttrValue\">3,56 gram<\/td>\n<\/tr>\n<tr>\n<th class=\"a-color-secondary a-size-base prodDetSectionEntry\">Produktens m\u00e5tt<\/th>\n<td class=\"a-size-base prodDetAttrValue\">1,97 x 1,97 x 7,87 tum<\/td>\n<\/tr>\n<tr>\n<th class=\"a-color-secondary a-size-base prodDetSectionEntry\">ASIN<\/th>\n<td class=\"a-size-base prodDetAttrValue\">B01GJQ7N94<\/td>\n<\/tr>\n<tr>\n<th class=\"a-color-secondary a-size-base prodDetSectionEntry\">Artikelns modellnummer<\/th>\n<td class=\"a-size-base prodDetAttrValue\">Z1<\/td>\n<\/tr>\n<tr>\n<th class=\"a-color-secondary a-size-base prodDetSectionEntry\">Kundrecensioner<\/th>\n<td class=\"a-size-base\">\n<div id=\"averageCustomerReviews\" data-asin=\"B01GJQ7N94\" data-ref=\"dpx_acr_pop_\"><span class=\"a-declarative\" data-action=\"acrStarsLink-click-metrics\" data-acrstarslink-click-metrics=\"{}\"><span id=\"acrPopover\" class=\"reviewCountTextLinkedHistogram noUnderline\" title=\"4,6 av 5 stj\u00e4rnor\"><a class=\"a-popover-trigger a-declarative\" role=\"button\"><span class=\"a-size-base a-color-base\">4.6\u00a0<\/span><i class=\"a-icon a-icon-star a-star-4-5 cm-cr-review-stars-spacing-big\"><span class=\"a-icon-alt\">4,6 av 5 stj\u00e4rnor<\/span><\/i>\u00a0<i class=\"a-icon a-icon-popover\"><\/i><\/a>\u00a0\u00a0<\/span><\/span>\u00a0<span class=\"a-declarative\" data-action=\"acrLink-click-metrics\" data-acrlink-click-metrics=\"{}\"><a id=\"acrCustomerReviewLink\" class=\"a-link-normal\" href=\"https:\/\/www.amazon.com\/Headphone-New-Earphone-Supporting-Headphones\/dp\/B01GJQ7N94\/ref=sr_1_3?crid=2E1D1X94YOD6J&amp;dib=eyJ2IjoiMSJ9.lfWIQ9Fyq1SLL2jZOkD6FldwIwyeeGhgak5fQgWZ90SEz5Qrts3gQ9_mdktZ5WHfvEdK2npZfgZR1Zxlsxa2BL5ZA1UyEwbkdGFdPbTz2AAJAhaZCqQi5vNFbOCYG0xGfwVTWHD_0fhQtUIN4OLmhMihhDBssCPHm0sXwUue8u70UILj1ziW-Iky3sdegtag9sRTzCOaoXJH0KQr7vHC56UxEET9LrJbojTJvyvR7-o.3DAqE5cPMmswDOzujncxLOE81PC5HE62SxrGEMkj-_M&amp;dib_tag=se&amp;keywords=Headset%2BStands&amp;qid=1739785103&amp;sprefix=headset%2Bstands%2B%2Caps%2C378&amp;sr=8-3&amp;th=1#customerReviews\"><span id=\"acrCustomerReviewText\" class=\"a-size-base\">32.071 betyg<\/span><\/a><\/span><\/div>\n<p>4,6 av 5 stj\u00e4rnor<\/td>\n<\/tr>\n<tr>\n<th class=\"a-color-secondary a-size-base prodDetSectionEntry\">\u00c4r utg\u00e5tt fr\u00e5n tillverkaren<\/th>\n<td class=\"a-size-base prodDetAttrValue\">Nej<\/td>\n<\/tr>\n<tr>\n<th class=\"a-color-secondary a-size-base prodDetSectionEntry\">Datum F\u00f6rsta tillg\u00e4ngliga<\/th>\n<td class=\"a-size-base prodDetAttrValue\">3 juni 2016<\/td>\n<\/tr>\n<tr>\n<th class=\"a-color-secondary a-size-base prodDetSectionEntry\">F\u00e4rg Namn<\/th>\n<td class=\"a-size-base prodDetAttrValue\">Svart<\/td>\n<\/tr>\n<tr>\n<th class=\"a-color-secondary a-size-base prodDetSectionEntry\">Kompatibla enheter<\/th>\n<td class=\"a-size-base prodDetAttrValue\">H\u00f6rlurar<\/td>\n<\/tr>\n<tr>\n<th class=\"a-color-secondary a-size-base prodDetSectionEntry\">Materialtyp<\/th>\n<td class=\"a-size-base prodDetAttrValue\">Termoplastisk polyuretan<\/td>\n<\/tr>\n<tr>\n<th class=\"a-color-secondary a-size-base prodDetSectionEntry\">Storlek<\/th>\n<td class=\"a-size-base prodDetAttrValue\">1 f\u00f6rpackning<\/td>\n<\/tr>\n<\/tbody>\n<\/table>\n<\/div>\n<\/div>\n<\/div>\n<\/div>","protected":false},"excerpt":{"rendered":"<p><strong>Kompatibilitet:<\/strong> Det nya h\u00f6rlursstativet Bee \u00e4r kompatibelt med ett brett utbud av h\u00f6rlurar, inklusive Sennheiser 202 II HD598 HD 650 HD700, Dre Beats Solo, Koss Porta Pro, Sony MDR7506, Philips, AKG K612, Hyper X Cloud II, Astro A50, AT M50 och TB 420x.<br \/>\n<strong>Robust:<\/strong> Detta h\u00f6rlursst\u00e4ll \u00e4r tillverkat av TPU-gummi och aluminium och garanterar en s\u00e4ker och stabil bas f\u00f6r dina h\u00f6rlurar. Se till att skrivbordet \u00e4r dammfritt och plant innan du placerar h\u00f6rlursh\u00e5llaren p\u00e5 det.<br \/>\n<strong>Arkitektur:<\/strong> Detta tr\u00e5dl\u00f6sa h\u00f6rlursst\u00e4ll \u00e4r l\u00e4mpligt f\u00f6r anv\u00e4ndning i hemmet, p\u00e5 kontoret, i studion, i sovrummet eller bredvid TV:n och har ett distinkt och modernt utseende.<\/p>\n<p><strong>Storlek:<\/strong> Gamingheadseth\u00e5llaren m\u00e4ter cirka 8,85 tum p\u00e5 h\u00f6jden, 3,7 tum p\u00e5 l\u00e4ngden och 3,7 tum p\u00e5 bredden och \u00e4r otroligt portabel eftersom den \u00e4r kompakt, l\u00e4tt och, viktigast av allt, har en distinkt modeestetik.<br \/>\n<strong>Bevara utrymme:<\/strong> Genom att h\u00e4nga upp h\u00f6rlurarna beh\u00f6ver du inte l\u00e4ngre placera ut \u00f6ronsn\u00e4ckan, vilket g\u00f6r det l\u00e4ttare att organisera skrivbordet och spara utrymme.<\/p>","protected":false},"featured_media":2544,"comment_status":"open","ping_status":"closed","template":"","meta":[],"product_brand":[],"product_cat":[68,58],"product_tag":[],"class_list":{"0":"post-2540","1":"product","2":"type-product","3":"status-publish","4":"has-post-thumbnail","6":"product_cat-headset-stands","7":"product_cat-setup-accessories","9":"first","10":"instock","11":"featured","12":"shipping-taxable","13":"purchasable","14":"product-type-simple"},"_links":{"self":[{"href":"https:\/\/vavcase.com\/sv\/wp-json\/wp\/v2\/product\/2540","targetHints":{"allow":["GET"]}}],"collection":[{"href":"https:\/\/vavcase.com\/sv\/wp-json\/wp\/v2\/product"}],"about":[{"href":"https:\/\/vavcase.com\/sv\/wp-json\/wp\/v2\/types\/product"}],"replies":[{"embeddable":true,"href":"https:\/\/vavcase.com\/sv\/wp-json\/wp\/v2\/comments?post=2540"}],"wp:featuredmedia":[{"embeddable":true,"href":"https:\/\/vavcase.com\/sv\/wp-json\/wp\/v2\/media\/2544"}],"wp:attachment":[{"href":"https:\/\/vavcase.com\/sv\/wp-json\/wp\/v2\/media?parent=2540"}],"wp:term":[{"taxonomy":"product_brand","embeddable":true,"href":"https:\/\/vavcase.com\/sv\/wp-json\/wp\/v2\/product_brand?post=2540"},{"taxonomy":"product_cat","embeddable":true,"href":"https:\/\/vavcase.com\/sv\/wp-json\/wp\/v2\/product_cat?post=2540"},{"taxonomy":"product_tag","embeddable":true,"href":"https:\/\/vavcase.com\/sv\/wp-json\/wp\/v2\/product_tag?post=2540"}],"curies":[{"name":"wp","href":"https:\/\/api.w.org\/{rel}","templated":true}]}}