{"id":2549,"date":"2025-02-17T09:55:55","date_gmt":"2025-02-17T09:55:55","guid":{"rendered":"https:\/\/vavcase.com\/?post_type=product&#038;p=2549"},"modified":"2026-03-20T15:45:35","modified_gmt":"2026-03-20T15:45:35","slug":"usb-rgb-headphone-stand-with-3-usb-3-0-ports-rgb-lights-the-portal-ultimate-gaming-accessories","status":"publish","type":"product","link":"https:\/\/vavcase.com\/sv\/produkt\/usb-rgb-horlursstall-med-3-usb-3-0-portar-rgb-lampor-portalen-ultimata-speltillbehor\/","title":{"rendered":"USB RGB h\u00f6rlursst\u00e4ll med 3 USB 3.0-portar RGB-lampor The Portal Ultimate Gaming Accessories"},"content":{"rendered":"<h3 class=\"a-spacing-mini\">his RGB Headset Stand kommer att f\u00f6rh\u00f6ja ditt gamingbord med unik stil och praktiska egenskaper.<\/h3>\n<p class=\"a-spacing-base\">Size:156mm*161mm*261mm<\/p>\n<p class=\"a-spacing-base\">RGB-ljus: 12 modeller<\/p>\n<p class=\"a-spacing-base\">EQ:3 modeller<\/p>\n<p class=\"a-spacing-base\">Port: 3 USB 3.0<\/p>\n<p class=\"a-spacing-base\">Inst\u00e4llning:<\/p>\n<p class=\"a-spacing-base\">1. Leta reda p\u00e5 den medf\u00f6ljande USB-kabeln och s\u00e4tt i den p\u00e5 baksidan av headsetstativet. S\u00e4tt i den andra \u00e4nden i USB-porten p\u00e5 datorn.<\/p>\n<p class=\"a-spacing-base\">2. Du kommer att se RGB-lampan t\u00e4ndas.<\/p>\n<p class=\"a-spacing-base\">3. Du kan nu ansluta andra USB-anslutningar och dina h\u00f6rlurar och en mikrofon till deras respektive uttag.<\/p>\n<p class=\"a-spacing-base\">4. P\u00e5 f\u00f6rpackningens utsida finns bilder p\u00e5 var du ska koppla in dina enheter om du \u00e4r f\u00f6rvirrad<\/p>\n<h2>Information om produkten<\/h2>\n<div class=\"a-row a-spacing-top-base\">\n<div class=\"a-column a-span6\">\n<div class=\"a-row a-spacing-base\">\n<div class=\"a-section table-padding\">\n<table id=\"productDetails_detailBullets_sections1\" class=\"a-keyvalue prodDetTable\" role=\"presentation\">\n<tbody>\n<tr>\n<th class=\"a-color-secondary a-size-base prodDetSectionEntry\">M\u00e5tt p\u00e5 paketet<\/th>\n<td class=\"a-size-base prodDetAttrValue\">10,4 x 6,6 x 6,6 tum<\/td>\n<\/tr>\n<tr>\n<th class=\"a-color-secondary a-size-base prodDetSectionEntry\">Artikel Vikt<\/th>\n<td class=\"a-size-base prodDetAttrValue\">1,5 kilo<\/td>\n<\/tr>\n<tr>\n<th class=\"a-color-secondary a-size-base prodDetSectionEntry\">ASIN<\/th>\n<td class=\"a-size-base prodDetAttrValue\">B08VDZPRKC<\/td>\n<\/tr>\n<tr>\n<th class=\"a-color-secondary a-size-base prodDetSectionEntry\">Artikelns modellnummer<\/th>\n<td class=\"a-size-base prodDetAttrValue\">502<\/td>\n<\/tr>\n<tr>\n<th class=\"a-color-secondary a-size-base prodDetSectionEntry\">Kundrecensioner<\/th>\n<td class=\"a-size-base\">\n<div id=\"averageCustomerReviews\" data-asin=\"B08VDZPRKC\" data-ref=\"dpx_acr_pop_\"><span class=\"a-declarative\" data-action=\"acrStarsLink-click-metrics\" data-acrstarslink-click-metrics=\"{}\"><span id=\"acrPopover\" class=\"reviewCountTextLinkedHistogram noUnderline\" title=\"4,6 av 5 stj\u00e4rnor\"><a class=\"a-popover-trigger a-declarative\" role=\"button\"><span class=\"a-size-base a-color-base\">4.6\u00a0<\/span><i class=\"a-icon a-icon-star a-star-4-5 cm-cr-review-stars-spacing-big\"><span class=\"a-icon-alt\">4,6 av 5 stj\u00e4rnor<\/span><\/i>\u00a0<i class=\"a-icon a-icon-popover\"><\/i><\/a>\u00a0\u00a0<\/span><\/span>\u00a0<span class=\"a-declarative\" data-action=\"acrLink-click-metrics\" data-acrlink-click-metrics=\"{}\"><a id=\"acrCustomerReviewLink\" class=\"a-link-normal\" href=\"https:\/\/www.amazon.com\/Headphone-Lights-Trusyo-Ultimate-Accessories\/dp\/B08VDZPRKC\/ref=sr_1_2_sspa?crid=36HLINIDF3N3J&amp;keywords=%E2%80%A2+Headset+Stands+with+Protectionection.&amp;qid=1739784941&amp;sprefix=headset+stands+with+protectionection.%2Caps%2C348&amp;sr=8-2-spons&amp;sp_csd=d2lkZ2V0TmFtZT1zcF9hdGY&amp;psc=1#customerReviews\"><span id=\"acrCustomerReviewText\" class=\"a-size-base\">325 betyg<\/span><\/a><\/span><\/div>\n<p>4,6 av 5 stj\u00e4rnor<\/td>\n<\/tr>\n<tr>\n<th class=\"a-color-secondary a-size-base prodDetSectionEntry\">B\u00e4sts\u00e4ljare Rank<\/th>\n<td>#45.054 i Videospel (<a href=\"https:\/\/www.amazon.com\/gp\/bestsellers\/videogames\/ref=pd_zg_ts_videogames\">Se Topp 100 i Videospel<\/a>)<br \/>\n#1,343 i\u00a0<a href=\"https:\/\/www.amazon.com\/gp\/bestsellers\/videogames\/402053011\/ref=pd_zg_hrsr_videogames\">Headsets f\u00f6r PC-spel<\/a><\/td>\n<\/tr>\n<\/tbody>\n<\/table>\n<\/div>\n<\/div>\n<\/div>\n<\/div>","protected":false},"excerpt":{"rendered":"<p><strong>USB-hubb med 3.0-portar:<\/strong> ger ett USB-h\u00f6ghastighetsladdningsgr\u00e4nssnitt f\u00f6r alla dina speltillbeh\u00f6r. Din snabbhet \u00e4r avg\u00f6rande, oavsett om det handlar om externa HD-enheter, m\u00f6ss, tangentbord eller n\u00e5gon annan enhet.<br \/>\n<strong>3,5 mm mikrofonport:<\/strong> g\u00f6r det m\u00f6jligt att ansluta en extern mikrofon f\u00f6r livestreaming eller kommunikation med allierade under spelets g\u00e5ng.<br \/>\n<strong>3,5 mm port f\u00f6r h\u00f6rlurar:<\/strong> g\u00f6r det m\u00f6jligt f\u00f6r anv\u00e4ndare att lyssna p\u00e5 ljud fr\u00e5n sin dator genom att direkt ansluta dem till h\u00f6rlursst\u00e4llet.<\/p>\n<p>Inbyggd ljudenhet som g\u00f6r det m\u00f6jligt f\u00f6r anv\u00e4ndare att justera EQ med en knapptryckning och best\u00e4mma den mest l\u00e4mpliga inst\u00e4llningen f\u00f6r deras spel.<br \/>\nDen har uppdaterats till 12*-l\u00e4ge. Ditt PC-tillbeh\u00f6r \u00e4r utrustat med full RGB-belysning, som ger det den f\u00e4rg som beh\u00f6vs. RGB-belysningen ger din spelupps\u00e4ttning en livfull utstr\u00e5lning i m\u00f6rkret och ser till att du f\u00f6rblir f\u00e4ngslad av spelet.<\/p>","protected":false},"featured_media":2553,"comment_status":"open","ping_status":"closed","template":"","meta":[],"product_brand":[],"product_cat":[68,58],"product_tag":[],"class_list":{"0":"post-2549","1":"product","2":"type-product","3":"status-publish","4":"has-post-thumbnail","6":"product_cat-headset-stands","7":"product_cat-setup-accessories","9":"first","10":"instock","11":"shipping-taxable","12":"purchasable","13":"product-type-simple"},"_links":{"self":[{"href":"https:\/\/vavcase.com\/sv\/wp-json\/wp\/v2\/product\/2549","targetHints":{"allow":["GET"]}}],"collection":[{"href":"https:\/\/vavcase.com\/sv\/wp-json\/wp\/v2\/product"}],"about":[{"href":"https:\/\/vavcase.com\/sv\/wp-json\/wp\/v2\/types\/product"}],"replies":[{"embeddable":true,"href":"https:\/\/vavcase.com\/sv\/wp-json\/wp\/v2\/comments?post=2549"}],"wp:featuredmedia":[{"embeddable":true,"href":"https:\/\/vavcase.com\/sv\/wp-json\/wp\/v2\/media\/2553"}],"wp:attachment":[{"href":"https:\/\/vavcase.com\/sv\/wp-json\/wp\/v2\/media?parent=2549"}],"wp:term":[{"taxonomy":"product_brand","embeddable":true,"href":"https:\/\/vavcase.com\/sv\/wp-json\/wp\/v2\/product_brand?post=2549"},{"taxonomy":"product_cat","embeddable":true,"href":"https:\/\/vavcase.com\/sv\/wp-json\/wp\/v2\/product_cat?post=2549"},{"taxonomy":"product_tag","embeddable":true,"href":"https:\/\/vavcase.com\/sv\/wp-json\/wp\/v2\/product_tag?post=2549"}],"curies":[{"name":"wp","href":"https:\/\/api.w.org\/{rel}","templated":true}]}}