{"id":2568,"date":"2025-02-17T10:06:40","date_gmt":"2025-02-17T10:06:40","guid":{"rendered":"https:\/\/vavcase.com\/?post_type=product&#038;p=2568"},"modified":"2026-02-09T06:58:15","modified_gmt":"2026-02-09T06:58:15","slug":"headphone-stand-universal-aluminum-metal-holder-for-airpods-max-hyperx-cloud-ii-xbox-one-turtle-beach-sennheiser-sony-bose-beats-pc-gaming-headset-display-bluetooth-headphones","status":"publish","type":"product","link":"https:\/\/vavcase.com\/sv\/produkt\/horlursstall-universal-aluminium-metallhallare-for-airpods-max-hyperx-cloud-ii-xbox-one-turtle-beach-sennheiser-sony-bose-beats-pc-gaming-headset-display-bluetooth-horlurar\/","title":{"rendered":"H\u00f6rlursst\u00e4ll, universal metallh\u00e5llare i aluminium f\u00f6r AirPods Max, HyperX Cloud II, Xbox One, Turtle Beach, Sennheiser, Sony, Bose, Beats PC Gaming Headset Display &amp; Bluetooth-h\u00f6rlurar"},"content":{"rendered":"<h2>Information om produkten<\/h2>\n<div class=\"a-row a-spacing-top-base\">\n<div class=\"a-column a-span6\">\n<div class=\"a-row a-spacing-base\">\n<div class=\"a-section table-padding\">\n<table id=\"productDetails_detailBullets_sections1\" class=\"a-keyvalue prodDetTable\" role=\"presentation\">\n<tbody>\n<tr>\n<th class=\"a-color-secondary a-size-base prodDetSectionEntry\">M\u00e5tt p\u00e5 paketet<\/th>\n<td class=\"a-size-base prodDetAttrValue\">8,5 x 3,9 x 0,91 tum<\/td>\n<\/tr>\n<tr>\n<th class=\"a-color-secondary a-size-base prodDetSectionEntry\">Artikel Vikt<\/th>\n<td class=\"a-size-base prodDetAttrValue\">4,2 ounces<\/td>\n<\/tr>\n<tr>\n<th class=\"a-color-secondary a-size-base prodDetSectionEntry\">ASIN<\/th>\n<td class=\"a-size-base prodDetAttrValue\">B08MFHP21R<\/td>\n<\/tr>\n<tr>\n<th class=\"a-color-secondary a-size-base prodDetSectionEntry\">Artikelns modellnummer<\/th>\n<td class=\"a-size-base prodDetAttrValue\">h\u00f6rlursst\u00e4ll<\/td>\n<\/tr>\n<tr>\n<th class=\"a-color-secondary a-size-base prodDetSectionEntry\">Kundrecensioner<\/th>\n<td class=\"a-size-base\">\n<div id=\"averageCustomerReviews\" data-asin=\"B08MFHP21R\" data-ref=\"dpx_acr_pop_\"><span class=\"a-declarative\" data-action=\"acrStarsLink-click-metrics\" data-acrstarslink-click-metrics=\"{}\"><span id=\"acrPopover\" class=\"reviewCountTextLinkedHistogram noUnderline\" title=\"4,6 av 5 stj\u00e4rnor\"><a class=\"a-popover-trigger a-declarative\" role=\"button\"><span class=\"a-size-base a-color-base\">4.6\u00a0<\/span><i class=\"a-icon a-icon-star a-star-4-5 cm-cr-review-stars-spacing-big\"><span class=\"a-icon-alt\">4,6 av 5 stj\u00e4rnor<\/span><\/i>\u00a0<i class=\"a-icon a-icon-popover\"><\/i><\/a>\u00a0\u00a0<\/span><\/span>\u00a0<span class=\"a-declarative\" data-action=\"acrLink-click-metrics\" data-acrlink-click-metrics=\"{}\"><a id=\"acrCustomerReviewLink\" class=\"a-link-normal\" href=\"https:\/\/www.amazon.com\/Headphone-Universal-Aluminum-Sennheiser-Wireless\/dp\/B08MFHP21R\/ref=sr_1_13?crid=2E1D1X94YOD6J&amp;dib=eyJ2IjoiMSJ9.lfWIQ9Fyq1SLL2jZOkD6FldwIwyeeGhgak5fQgWZ90SEz5Qrts3gQ9_mdktZ5WHfvEdK2npZfgZR1Zxlsxa2BL5ZA1UyEwbkdGFdPbTz2AAJAhaZCqQi5vNFbOCYG0xGfwVTWHD_0fhQtUIN4OLmhMihhDBssCPHm0sXwUue8u70UILj1ziW-Iky3sdegtag9sRTzCOaoXJH0KQr7vHC56UxEET9LrJbojTJvyvR7-o.3DAqE5cPMmswDOzujncxLOE81PC5HE62SxrGEMkj-_M&amp;dib_tag=se&amp;keywords=Headset%2BStands&amp;qid=1739786243&amp;sprefix=headset%2Bstands%2B%2Caps%2C378&amp;sr=8-13&amp;th=1#customerReviews\"><span id=\"acrCustomerReviewText\" class=\"a-size-base\">3.510 betyg<\/span><\/a><\/span><\/div>\n<p>4,6 av 5 stj\u00e4rnor<\/td>\n<\/tr>\n<tr>\n<th class=\"a-color-secondary a-size-base prodDetSectionEntry\">B\u00e4sts\u00e4ljare Rank<\/th>\n<td>#1.674 i Videospel (<a href=\"https:\/\/www.amazon.com\/gp\/bestsellers\/videogames\/ref=pd_zg_ts_videogames\">Se Topp 100 i Videospel<\/a>)<br \/>\n#131 i\u00a0<a href=\"https:\/\/www.amazon.com\/gp\/bestsellers\/videogames\/402053011\/ref=pd_zg_hrsr_videogames\">Headsets f\u00f6r PC-spel<\/a><\/td>\n<\/tr>\n<\/tbody>\n<\/table>\n<\/div>\n<\/div>\n<\/div>\n<\/div>","protected":false},"excerpt":{"rendered":"<p><strong>Praktiskt anv\u00e4ndbar:<\/strong> Utnyttja den maximala potentialen hos det tillg\u00e4ngliga f\u00f6rvaringsutrymmet i hemmets f\u00f6rvaringsdesign. H\u00f6rlursstativets bredd kan h\u00e4ngas upp inom en radie p\u00e5 4,5 cm. Det h\u00e4ngande headsetet \u00e4r utformat f\u00f6r att hj\u00e4lpa dig att organisera din bordsskiva och st\u00e4da upp den. Det fungerar ocks\u00e5 som en f\u00f6rvaringsl\u00f6sning f\u00f6r h\u00f6rlurar och sparar d\u00e4rmed utrymme.<br \/>\n<strong>Mjukt skydd med TPU-dyna:<\/strong> Headseth\u00e5llarens dyna fungerar som en kudde och skyddar h\u00f6rlurarnas huvudband fr\u00e5n djupa veck \u00e4ven efter l\u00e5nga perioder av h\u00e4ngande. Huvudst\u00f6det best\u00e5r av ett flexibelt TPU-material som anpassar sig till h\u00f6rlurarnas form. H\u00e5llaren \u00e4r kompatibel med h\u00f6rlurar i alla storlekar, fr\u00e5n sm\u00e5 till stora.<br \/>\n<strong>Avtagbar design:<\/strong> Den best\u00e5r av tre delar och \u00e4r enkel att ta loss n\u00e4r den inte anv\u00e4nds och f\u00f6rvara i en l\u00e5da, bokhylla eller i bagaget p\u00e5 resan, s\u00e5 att den tar minimalt med plats. Den \u00e4r kompakt, modern och, viktigast av allt, milj\u00f6v\u00e4nlig.<\/p>\n<p><strong>Solid, robust och h\u00e5llbar:<\/strong> Flygplansaluminium handpoleras efter exakt sk\u00e4rning genom CNC-gjutning.INTE N\u00c5GON BILLIG PLASTIK. Buffertdesignen \u00e4r b\u00e5de praktisk och estetiskt tilltalande, och den l\u00e4mnar inga m\u00e4rken. Bottenytorna \u00e4r utrustade med silikonkuddar som garanterar ett exceptionellt grepp p\u00e5 blanka ytor.<br \/>\n<strong>Kompatibel med de flesta h\u00f6rlurar:<\/strong> Den \u00e4r kompatibel med de flesta h\u00f6rlurar som har en huvudbandsbredd p\u00e5 1,7 tum\/4,5 cm och en enhetsh\u00f6jd p\u00e5 8,85 tum\/22,5 cm, inklusive Bluetooth-h\u00f6rlurar, h\u00f6rlurar med aktiv brusreducering, spelh\u00f6rlurar, telefonh\u00f6rlurar och h\u00f6rlurar f\u00f6r barn.<\/p>","protected":false},"featured_media":2576,"comment_status":"open","ping_status":"closed","template":"","meta":[],"product_brand":[],"product_cat":[68,58],"product_tag":[],"class_list":{"0":"post-2568","1":"product","2":"type-product","3":"status-publish","4":"has-post-thumbnail","6":"product_cat-headset-stands","7":"product_cat-setup-accessories","9":"first","10":"instock","11":"shipping-taxable","12":"purchasable","13":"product-type-simple"},"_links":{"self":[{"href":"https:\/\/vavcase.com\/sv\/wp-json\/wp\/v2\/product\/2568","targetHints":{"allow":["GET"]}}],"collection":[{"href":"https:\/\/vavcase.com\/sv\/wp-json\/wp\/v2\/product"}],"about":[{"href":"https:\/\/vavcase.com\/sv\/wp-json\/wp\/v2\/types\/product"}],"replies":[{"embeddable":true,"href":"https:\/\/vavcase.com\/sv\/wp-json\/wp\/v2\/comments?post=2568"}],"wp:featuredmedia":[{"embeddable":true,"href":"https:\/\/vavcase.com\/sv\/wp-json\/wp\/v2\/media\/2576"}],"wp:attachment":[{"href":"https:\/\/vavcase.com\/sv\/wp-json\/wp\/v2\/media?parent=2568"}],"wp:term":[{"taxonomy":"product_brand","embeddable":true,"href":"https:\/\/vavcase.com\/sv\/wp-json\/wp\/v2\/product_brand?post=2568"},{"taxonomy":"product_cat","embeddable":true,"href":"https:\/\/vavcase.com\/sv\/wp-json\/wp\/v2\/product_cat?post=2568"},{"taxonomy":"product_tag","embeddable":true,"href":"https:\/\/vavcase.com\/sv\/wp-json\/wp\/v2\/product_tag?post=2568"}],"curies":[{"name":"wp","href":"https:\/\/api.w.org\/{rel}","templated":true}]}}